{"id":18911,"date":"2023-09-26T03:14:59","date_gmt":"2023-09-26T03:14:59","guid":{"rendered":"https:\/\/backup.overgenius.com\/?post_type=product&#038;p=18911"},"modified":"2025-08-26T04:46:07","modified_gmt":"2025-08-26T04:46:07","slug":"libro-cientifico-para-colorear-overgenius","status":"publish","type":"product","link":"https:\/\/backup.overgenius.com\/en\/product\/libro-cientifico-para-colorear-overgenius\/","title":{"rendered":"SCIENTIFIC COLORING BOOK \u2013 OVERGENIUS"},"content":{"rendered":"<p>Es mucho m\u00e1s que un libro para colorear, es una puerta de entrada para explorar nuestro incre\u00edble mundo y aprender datos cient\u00edficos HIPER GENIALES. Del pasado al presente y m\u00e1s all\u00e1. En su interior descubrir\u00e1s un tesoro escondido de temas fascinantes. Elige tus colores favoritos y deja volar tu imaginaci\u00f3n mientras te embarcas en este incre\u00edble viaje. Disponible en INGL\u00c9S y ESPA\u00d1OL.<\/p>\n<ul>\n<li>40 p\u00e1ginas para colorear<\/li>\n<li>Informaci\u00f3n cient\u00edfica real<\/li>\n<\/ul>\n<p><strong>TABLE OF CONTENTS<\/strong><\/p>\n<p><strong>\u00a0<\/strong><\/p>\n<p><strong>Introducci\u00f3n<\/strong><\/p>\n<p><strong>Animales<\/strong><\/p>\n<ul>\n<li>Anfibios<\/li>\n<li>Mascotas<\/li>\n<li>Elefante<\/li>\n<li>Lib\u00e9lula<\/li>\n<li>S\u00faper Mam\u00e1s<\/li>\n<li>Mariposas<\/li>\n<li>Picozapato<\/li>\n<\/ul>\n<p>&nbsp;<\/p>\n<p><strong>Cuidado del Jard\u00edn y Alimentaci\u00f3n Saludable<\/strong><\/p>\n<ul>\n<li>Lombricompost<\/li>\n<li>Huertos Urbanos<\/li>\n<li>Ensalada Saludable<\/li>\n<li>Ma\u00edz<\/li>\n<\/ul>\n<p>&nbsp;<\/p>\n<p><strong>Plantas<\/strong><\/p>\n<ul>\n<li>Plantas Carn\u00edvoras<\/li>\n<li>Plantas Medicinales<\/li>\n<li>Bosques<\/li>\n<li>Mangle<\/li>\n<\/ul>\n<p>&nbsp;<\/p>\n<p><strong>Nature<\/strong><\/p>\n<ul>\n<li>Volcanes<\/li>\n<li>Placas Tect\u00f3nicas de Guatemala<\/li>\n<li>Reino Fungi<\/li>\n<li>Ecosistemas<\/li>\n<\/ul>\n<p>&nbsp;<\/p>\n<p><strong>Dinosaurios<\/strong><\/p>\n<ul>\n<li>Dinosaurios<\/li>\n<li>Carnotauro<\/li>\n<li>Pterosaurio<\/li>\n<li>Tyrannosaurio Rex (T-Rex)<\/li>\n<\/ul>\n<p>&nbsp;<\/p>\n<p><strong>Estudios del Pasado<\/strong><\/p>\n<ul>\n<li>Eras Geol\u00f3gicas<\/li>\n<li>Cavern\u00edcola<\/li>\n<li>Paleontolog\u00eda<\/li>\n<\/ul>\n<p>&nbsp;<\/p>\n<p><strong>Otros Temas<\/strong><\/p>\n<ul>\n<li>Huellas Dactilares<\/li>\n<li>Penicilina<\/li>\n<li>Alto al Coronavirus<\/li>\n<li>Los Barriletes<\/li>\n<li>Grulla de Origami<\/li>\n<\/ul>\n<p>&nbsp;<\/p>\n<p><strong>Actividades<\/strong><\/p>\n<ul>\n<li>Da un Regalo con el Coraz\u00f3n<\/li>\n<li>Haz tu Propia Pecera<\/li>\n<li>Pajareando<\/li>\n<\/ul>\n<p>&nbsp;<\/p>","protected":false},"excerpt":{"rendered":"<blockquote><p>Es mucho m\u00e1s que un libro para colorear, es una puerta de entrada para explorar nuestro incre\u00edble mundo y aprender datos cient\u00edficos HIPER GENIALES.<\/p><\/blockquote>","protected":false},"featured_media":18969,"comment_status":"open","ping_status":"closed","template":"","meta":{"_acf_changed":false,"give_campaign_id":0,"inline_featured_image":false,"_monsterinsights_skip_tracking":false,"_monsterinsights_sitenote_active":false,"_monsterinsights_sitenote_note":"","_monsterinsights_sitenote_category":0},"product_brand":[],"product_cat":[108,200],"product_tag":[568,569,111],"class_list":{"0":"post-18911","1":"product","2":"type-product","3":"status-publish","4":"has-post-thumbnail","6":"product_cat-educacion","7":"product_cat-exclusivos","8":"product_tag-educacion","9":"product_tag-escolar","10":"product_tag-recursos","12":"first","13":"instock","14":"downloadable","15":"virtual","16":"purchasable","17":"product-type-simple"},"acf":[],"yoast_head":"<!-- This site is optimized with the Yoast SEO Premium plugin v24.2 (Yoast SEO v25.8) - https:\/\/yoast.com\/wordpress\/plugins\/seo\/ -->\n<title>LIBRO CIENT\u00cdFICO PARA COLOREAR - OVERGENIUS - OVERGENIUS<\/title>\n<meta name=\"description\" content=\"Es mucho m\u00e1s que un libro para colorear, es una puerta de entrada para explorar nuestro incre\u00edble mundo y aprender datos cient\u00edficos HIPER OVERGENIUS.\" \/>\n<meta name=\"robots\" content=\"index, follow, max-snippet:-1, max-image-preview:large, max-video-preview:-1\" \/>\n<link rel=\"canonical\" href=\"https:\/\/backup.overgenius.com\/en\/product\/libro-cientifico-para-colorear-overgenius\/\" \/>\n<meta property=\"og:locale\" content=\"en_US\" \/>\n<meta property=\"og:type\" content=\"article\" \/>\n<meta property=\"og:title\" content=\"LIBRO CIENT\u00cdFICO PARA COLOREAR - OVERGENIUS\" \/>\n<meta property=\"og:description\" content=\"Es mucho m\u00e1s que un libro para colorear, es una puerta de entrada para explorar nuestro incre\u00edble mundo y aprender datos cient\u00edficos HIPER OVERGENIUS.\" \/>\n<meta property=\"og:url\" content=\"https:\/\/backup.overgenius.com\/en\/product\/libro-cientifico-para-colorear-overgenius\/\" \/>\n<meta property=\"og:site_name\" content=\"OVERGENIUS\" \/>\n<meta property=\"article:publisher\" content=\"https:\/\/www.facebook.com\/overgeniusteam\/\" \/>\n<meta property=\"article:modified_time\" content=\"2025-08-26T04:46:07+00:00\" \/>\n<meta property=\"og:image\" content=\"https:\/\/backup.overgenius.com\/wp-content\/uploads\/2023\/09\/Mockup-Esp-min-2-scaled.jpg\" \/>\n\t<meta property=\"og:image:width\" content=\"2560\" \/>\n\t<meta property=\"og:image:height\" content=\"2560\" \/>\n\t<meta property=\"og:image:type\" content=\"image\/jpeg\" \/>\n<meta name=\"twitter:card\" content=\"summary_large_image\" \/>\n<meta name=\"twitter:label1\" content=\"Est. reading time\" \/>\n\t<meta name=\"twitter:data1\" content=\"1 minute\" \/>\n<script type=\"application\/ld+json\" class=\"yoast-schema-graph\">{\"@context\":\"https:\/\/schema.org\",\"@graph\":[{\"@type\":\"WebPage\",\"@id\":\"https:\/\/backup.overgenius.com\/product\/libro-cientifico-para-colorear-overgenius\/\",\"url\":\"https:\/\/backup.overgenius.com\/product\/libro-cientifico-para-colorear-overgenius\/\",\"name\":\"LIBRO CIENT\u00cdFICO PARA COLOREAR - OVERGENIUS - OVERGENIUS\",\"isPartOf\":{\"@id\":\"https:\/\/backup.overgenius.com\/#website\"},\"primaryImageOfPage\":{\"@id\":\"https:\/\/backup.overgenius.com\/product\/libro-cientifico-para-colorear-overgenius\/#primaryimage\"},\"image\":{\"@id\":\"https:\/\/backup.overgenius.com\/product\/libro-cientifico-para-colorear-overgenius\/#primaryimage\"},\"thumbnailUrl\":\"https:\/\/backup.overgenius.com\/wp-content\/uploads\/2023\/09\/Mockup-Esp-min-2-scaled.jpg\",\"datePublished\":\"2023-09-26T03:14:59+00:00\",\"dateModified\":\"2025-08-26T04:46:07+00:00\",\"description\":\"Es mucho m\u00e1s que un libro para colorear, es una puerta de entrada para explorar nuestro incre\u00edble mundo y aprender datos cient\u00edficos HIPER OVERGENIUS.\",\"breadcrumb\":{\"@id\":\"https:\/\/backup.overgenius.com\/product\/libro-cientifico-para-colorear-overgenius\/#breadcrumb\"},\"inLanguage\":\"en-US\",\"potentialAction\":[{\"@type\":\"ReadAction\",\"target\":[\"https:\/\/backup.overgenius.com\/product\/libro-cientifico-para-colorear-overgenius\/\"]}]},{\"@type\":\"ImageObject\",\"inLanguage\":\"en-US\",\"@id\":\"https:\/\/backup.overgenius.com\/product\/libro-cientifico-para-colorear-overgenius\/#primaryimage\",\"url\":\"https:\/\/backup.overgenius.com\/wp-content\/uploads\/2023\/09\/Mockup-Esp-min-2-scaled.jpg\",\"contentUrl\":\"https:\/\/backup.overgenius.com\/wp-content\/uploads\/2023\/09\/Mockup-Esp-min-2-scaled.jpg\",\"width\":2560,\"height\":2560},{\"@type\":\"BreadcrumbList\",\"@id\":\"https:\/\/backup.overgenius.com\/product\/libro-cientifico-para-colorear-overgenius\/#breadcrumb\",\"itemListElement\":[{\"@type\":\"ListItem\",\"position\":1,\"name\":\"Portada\",\"item\":\"https:\/\/backup.overgenius.com\/\"},{\"@type\":\"ListItem\",\"position\":2,\"name\":\"Tienda ya no\",\"item\":\"https:\/\/backup.overgenius.com\/tienda-ya-no\/\"},{\"@type\":\"ListItem\",\"position\":3,\"name\":\"LIBRO CIENT\u00cdFICO PARA COLOREAR &#8211; OVERGENIUS\"}]},{\"@type\":\"WebSite\",\"@id\":\"https:\/\/backup.overgenius.com\/#website\",\"url\":\"https:\/\/backup.overgenius.com\/\",\"name\":\"OVERGENIUS\",\"description\":\"Plataforma de aprendizaje y negocios con proyecci\u00f3n internacional\",\"publisher\":{\"@id\":\"https:\/\/backup.overgenius.com\/#organization\"},\"potentialAction\":[{\"@type\":\"SearchAction\",\"target\":{\"@type\":\"EntryPoint\",\"urlTemplate\":\"https:\/\/backup.overgenius.com\/?s={search_term_string}\"},\"query-input\":{\"@type\":\"PropertyValueSpecification\",\"valueRequired\":true,\"valueName\":\"search_term_string\"}}],\"inLanguage\":\"en-US\"},{\"@type\":\"Organization\",\"@id\":\"https:\/\/backup.overgenius.com\/#organization\",\"name\":\"OVERGENIUS\",\"url\":\"https:\/\/backup.overgenius.com\/\",\"logo\":{\"@type\":\"ImageObject\",\"inLanguage\":\"en-US\",\"@id\":\"https:\/\/backup.overgenius.com\/#\/schema\/logo\/image\/\",\"url\":\"https:\/\/backup.overgenius.com\/wp-content\/uploads\/2023\/07\/logotipo_overgenius-1.png\",\"contentUrl\":\"https:\/\/backup.overgenius.com\/wp-content\/uploads\/2023\/07\/logotipo_overgenius-1.png\",\"width\":1172,\"height\":299,\"caption\":\"OVERGENIUS\"},\"image\":{\"@id\":\"https:\/\/backup.overgenius.com\/#\/schema\/logo\/image\/\"},\"sameAs\":[\"https:\/\/www.facebook.com\/overgeniusteam\/\",\"https:\/\/www.youtube.com\/channel\/UC_ihjn8HZh31fI7HxHG4MAg\",\"https:\/\/www.instagram.com\/beovergenius\/\"]}]}<\/script>\n<!-- \/ Yoast SEO Premium plugin. -->","yoast_head_json":{"title":"LIBRO CIENT\u00cdFICO PARA COLOREAR - OVERGENIUS - OVERGENIUS","description":"Es mucho m\u00e1s que un libro para colorear, es una puerta de entrada para explorar nuestro incre\u00edble mundo y aprender datos cient\u00edficos HIPER OVERGENIUS.","robots":{"index":"index","follow":"follow","max-snippet":"max-snippet:-1","max-image-preview":"max-image-preview:large","max-video-preview":"max-video-preview:-1"},"canonical":"https:\/\/backup.overgenius.com\/en\/product\/libro-cientifico-para-colorear-overgenius\/","og_locale":"en_US","og_type":"article","og_title":"LIBRO CIENT\u00cdFICO PARA COLOREAR - OVERGENIUS","og_description":"Es mucho m\u00e1s que un libro para colorear, es una puerta de entrada para explorar nuestro incre\u00edble mundo y aprender datos cient\u00edficos HIPER OVERGENIUS.","og_url":"https:\/\/backup.overgenius.com\/en\/product\/libro-cientifico-para-colorear-overgenius\/","og_site_name":"OVERGENIUS","article_publisher":"https:\/\/www.facebook.com\/overgeniusteam\/","article_modified_time":"2025-08-26T04:46:07+00:00","og_image":[{"width":2560,"height":2560,"url":"https:\/\/backup.overgenius.com\/wp-content\/uploads\/2023\/09\/Mockup-Esp-min-2-scaled.jpg","type":"image\/jpeg"}],"twitter_card":"summary_large_image","twitter_misc":{"Est. reading time":"1 minute"},"schema":{"@context":"https:\/\/schema.org","@graph":[{"@type":"WebPage","@id":"https:\/\/backup.overgenius.com\/product\/libro-cientifico-para-colorear-overgenius\/","url":"https:\/\/backup.overgenius.com\/product\/libro-cientifico-para-colorear-overgenius\/","name":"LIBRO CIENT\u00cdFICO PARA COLOREAR - OVERGENIUS - OVERGENIUS","isPartOf":{"@id":"https:\/\/backup.overgenius.com\/#website"},"primaryImageOfPage":{"@id":"https:\/\/backup.overgenius.com\/product\/libro-cientifico-para-colorear-overgenius\/#primaryimage"},"image":{"@id":"https:\/\/backup.overgenius.com\/product\/libro-cientifico-para-colorear-overgenius\/#primaryimage"},"thumbnailUrl":"https:\/\/backup.overgenius.com\/wp-content\/uploads\/2023\/09\/Mockup-Esp-min-2-scaled.jpg","datePublished":"2023-09-26T03:14:59+00:00","dateModified":"2025-08-26T04:46:07+00:00","description":"Es mucho m\u00e1s que un libro para colorear, es una puerta de entrada para explorar nuestro incre\u00edble mundo y aprender datos cient\u00edficos HIPER OVERGENIUS.","breadcrumb":{"@id":"https:\/\/backup.overgenius.com\/product\/libro-cientifico-para-colorear-overgenius\/#breadcrumb"},"inLanguage":"en-US","potentialAction":[{"@type":"ReadAction","target":["https:\/\/backup.overgenius.com\/product\/libro-cientifico-para-colorear-overgenius\/"]}]},{"@type":"ImageObject","inLanguage":"en-US","@id":"https:\/\/backup.overgenius.com\/product\/libro-cientifico-para-colorear-overgenius\/#primaryimage","url":"https:\/\/backup.overgenius.com\/wp-content\/uploads\/2023\/09\/Mockup-Esp-min-2-scaled.jpg","contentUrl":"https:\/\/backup.overgenius.com\/wp-content\/uploads\/2023\/09\/Mockup-Esp-min-2-scaled.jpg","width":2560,"height":2560},{"@type":"BreadcrumbList","@id":"https:\/\/backup.overgenius.com\/product\/libro-cientifico-para-colorear-overgenius\/#breadcrumb","itemListElement":[{"@type":"ListItem","position":1,"name":"Portada","item":"https:\/\/backup.overgenius.com\/"},{"@type":"ListItem","position":2,"name":"Tienda ya no","item":"https:\/\/backup.overgenius.com\/tienda-ya-no\/"},{"@type":"ListItem","position":3,"name":"LIBRO CIENT\u00cdFICO PARA COLOREAR &#8211; OVERGENIUS"}]},{"@type":"WebSite","@id":"https:\/\/backup.overgenius.com\/#website","url":"https:\/\/backup.overgenius.com\/","name":"OVERGENIUS","description":"Plataforma de aprendizaje y negocios con proyecci\u00f3n internacional","publisher":{"@id":"https:\/\/backup.overgenius.com\/#organization"},"potentialAction":[{"@type":"SearchAction","target":{"@type":"EntryPoint","urlTemplate":"https:\/\/backup.overgenius.com\/?s={search_term_string}"},"query-input":{"@type":"PropertyValueSpecification","valueRequired":true,"valueName":"search_term_string"}}],"inLanguage":"en-US"},{"@type":"Organization","@id":"https:\/\/backup.overgenius.com\/#organization","name":"OVERGENIUS","url":"https:\/\/backup.overgenius.com\/","logo":{"@type":"ImageObject","inLanguage":"en-US","@id":"https:\/\/backup.overgenius.com\/#\/schema\/logo\/image\/","url":"https:\/\/backup.overgenius.com\/wp-content\/uploads\/2023\/07\/logotipo_overgenius-1.png","contentUrl":"https:\/\/backup.overgenius.com\/wp-content\/uploads\/2023\/07\/logotipo_overgenius-1.png","width":1172,"height":299,"caption":"OVERGENIUS"},"image":{"@id":"https:\/\/backup.overgenius.com\/#\/schema\/logo\/image\/"},"sameAs":["https:\/\/www.facebook.com\/overgeniusteam\/","https:\/\/www.youtube.com\/channel\/UC_ihjn8HZh31fI7HxHG4MAg","https:\/\/www.instagram.com\/beovergenius\/"]}]}},"_links":{"self":[{"href":"https:\/\/backup.overgenius.com\/en\/wp-json\/wp\/v2\/product\/18911","targetHints":{"allow":["GET"]}}],"collection":[{"href":"https:\/\/backup.overgenius.com\/en\/wp-json\/wp\/v2\/product"}],"about":[{"href":"https:\/\/backup.overgenius.com\/en\/wp-json\/wp\/v2\/types\/product"}],"replies":[{"embeddable":true,"href":"https:\/\/backup.overgenius.com\/en\/wp-json\/wp\/v2\/comments?post=18911"}],"wp:featuredmedia":[{"embeddable":true,"href":"https:\/\/backup.overgenius.com\/en\/wp-json\/wp\/v2\/media\/18969"}],"wp:attachment":[{"href":"https:\/\/backup.overgenius.com\/en\/wp-json\/wp\/v2\/media?parent=18911"}],"wp:term":[{"taxonomy":"product_brand","embeddable":true,"href":"https:\/\/backup.overgenius.com\/en\/wp-json\/wp\/v2\/product_brand?post=18911"},{"taxonomy":"product_cat","embeddable":true,"href":"https:\/\/backup.overgenius.com\/en\/wp-json\/wp\/v2\/product_cat?post=18911"},{"taxonomy":"product_tag","embeddable":true,"href":"https:\/\/backup.overgenius.com\/en\/wp-json\/wp\/v2\/product_tag?post=18911"}],"curies":[{"name":"wp","href":"https:\/\/api.w.org\/{rel}","templated":true}]}}