{"id":31167,"date":"2025-01-03T01:03:42","date_gmt":"2025-01-03T01:03:42","guid":{"rendered":"https:\/\/backup.overgenius.com\/?post_type=product&#038;p=31167"},"modified":"2025-10-01T03:36:09","modified_gmt":"2025-10-01T03:36:09","slug":"el-superpoder-de-ser-tu-6-cuentos-para-cultivar-la-autoestima","status":"publish","type":"product","link":"https:\/\/backup.overgenius.com\/en\/product\/el-superpoder-de-ser-tu-6-cuentos-para-cultivar-la-autoestima\/","title":{"rendered":"El superpoder de ser t\u00fa: 6 cuentos para cultivar la autoestima"},"content":{"rendered":"<p>na nueva colecci\u00f3n de \u00c1lex Rovira y Francesc Miralles para fomentar la autoestima y la felicidad de los m\u00e1s peque\u00f1os<\/p>\n<p>Carla ha tenido un d\u00eda mal\u00edsimo y no puede dormir. Su mejor amigo no le habla, una profesora le ha rega\u00f1ado por entregar tarde un ejercicio y, durante la cena, sus padres no han parado de discutir&#8230; No podr\u00eda haber tenido un d\u00eda peor. Ya en la cama, se le aparece un gato fosforescente y le invita a emprender un viaje por el espacio para conocer seis planetas que le ense\u00f1ar\u00e1n mucho m\u00e1s de lo que ella cree.<\/p>\n<p>En este viaje, cada cuento nos ense\u00f1ar\u00e1 un planeta diferente, donde Carla aprender\u00e1 a identificar y gestionar habilidades emocionales como la positividad, la asertividad o la confianza en uno mismo.<\/p>\n<p>Adem\u00e1s, tras cada cuento hay unas p\u00e1ginas con consejos y actividades para los ni\u00f1os.<\/p>","protected":false},"excerpt":{"rendered":"<p>na nueva colecci\u00f3n de \u00c1lex Rovira y Francesc Miralles para fomentar la autoestima y la felicidad de los m\u00e1s peque\u00f1os Carla ha tenido un d\u00eda mal\u00edsimo y no puede dormir. [&hellip;]<\/p>","protected":false},"featured_media":31168,"comment_status":"open","ping_status":"closed","template":"","meta":{"_acf_changed":false,"give_campaign_id":0,"inline_featured_image":false,"_monsterinsights_skip_tracking":false,"_monsterinsights_sitenote_active":false,"_monsterinsights_sitenote_note":"","_monsterinsights_sitenote_category":0},"product_brand":[],"product_cat":[189,198,108,197],"product_tag":[567],"class_list":{"0":"post-31167","1":"product","2":"type-product","3":"status-publish","4":"has-post-thumbnail","6":"product_cat-amazon","7":"product_cat-audiolibro","8":"product_cat-educacion","9":"product_cat-infantil","10":"product_tag-audiolibros","12":"first","13":"instock","14":"shipping-taxable","15":"product-type-external"},"acf":[],"yoast_head":"<!-- This site is optimized with the Yoast SEO Premium plugin v24.2 (Yoast SEO v25.8) - https:\/\/yoast.com\/wordpress\/plugins\/seo\/ -->\n<title>El superpoder de ser t\u00fa: 6 cuentos para cultivar la autoestima - OVERGENIUS<\/title>\n<meta name=\"description\" content=\"El superpoder de ser t\u00fa: 6 cuentos para cultivar la autoestima. Carla aprender\u00e1 a identificar y gestionar habilidades emocionales como la positividad, la asertividad o la confianza en uno mismo.\" \/>\n<meta name=\"robots\" content=\"index, follow, max-snippet:-1, max-image-preview:large, max-video-preview:-1\" \/>\n<link rel=\"canonical\" href=\"https:\/\/backup.overgenius.com\/en\/product\/el-superpoder-de-ser-tu-6-cuentos-para-cultivar-la-autoestima\/\" \/>\n<meta property=\"og:locale\" content=\"en_US\" \/>\n<meta property=\"og:type\" content=\"article\" \/>\n<meta property=\"og:title\" content=\"El superpoder de ser t\u00fa: 6 cuentos para cultivar la autoestima\" \/>\n<meta property=\"og:description\" content=\"El superpoder de ser t\u00fa: 6 cuentos para cultivar la autoestima. Carla aprender\u00e1 a identificar y gestionar habilidades emocionales como la positividad, la asertividad o la confianza en uno mismo.\" \/>\n<meta property=\"og:url\" content=\"https:\/\/backup.overgenius.com\/en\/product\/el-superpoder-de-ser-tu-6-cuentos-para-cultivar-la-autoestima\/\" \/>\n<meta property=\"og:site_name\" content=\"OVERGENIUS\" \/>\n<meta property=\"article:publisher\" content=\"https:\/\/www.facebook.com\/overgeniusteam\/\" \/>\n<meta property=\"article:modified_time\" content=\"2025-10-01T03:36:09+00:00\" \/>\n<meta property=\"og:image\" content=\"https:\/\/backup.overgenius.com\/wp-content\/uploads\/2025\/01\/81iSUu72h9L._SL1500_.jpg\" \/>\n\t<meta property=\"og:image:width\" content=\"1500\" \/>\n\t<meta property=\"og:image:height\" content=\"1500\" \/>\n\t<meta property=\"og:image:type\" content=\"image\/jpeg\" \/>\n<meta name=\"twitter:card\" content=\"summary_large_image\" \/>\n<meta name=\"twitter:label1\" content=\"Est. reading time\" \/>\n\t<meta name=\"twitter:data1\" content=\"1 minute\" \/>\n<script type=\"application\/ld+json\" class=\"yoast-schema-graph\">{\"@context\":\"https:\/\/schema.org\",\"@graph\":[{\"@type\":\"WebPage\",\"@id\":\"https:\/\/backup.overgenius.com\/product\/el-superpoder-de-ser-tu-6-cuentos-para-cultivar-la-autoestima\/\",\"url\":\"https:\/\/backup.overgenius.com\/product\/el-superpoder-de-ser-tu-6-cuentos-para-cultivar-la-autoestima\/\",\"name\":\"El superpoder de ser t\u00fa: 6 cuentos para cultivar la autoestima - OVERGENIUS\",\"isPartOf\":{\"@id\":\"https:\/\/backup.overgenius.com\/#website\"},\"primaryImageOfPage\":{\"@id\":\"https:\/\/backup.overgenius.com\/product\/el-superpoder-de-ser-tu-6-cuentos-para-cultivar-la-autoestima\/#primaryimage\"},\"image\":{\"@id\":\"https:\/\/backup.overgenius.com\/product\/el-superpoder-de-ser-tu-6-cuentos-para-cultivar-la-autoestima\/#primaryimage\"},\"thumbnailUrl\":\"https:\/\/backup.overgenius.com\/wp-content\/uploads\/2025\/01\/81iSUu72h9L._SL1500_.jpg\",\"datePublished\":\"2025-01-03T01:03:42+00:00\",\"dateModified\":\"2025-10-01T03:36:09+00:00\",\"description\":\"El superpoder de ser t\u00fa: 6 cuentos para cultivar la autoestima. Carla aprender\u00e1 a identificar y gestionar habilidades emocionales como la positividad, la asertividad o la confianza en uno mismo.\",\"breadcrumb\":{\"@id\":\"https:\/\/backup.overgenius.com\/product\/el-superpoder-de-ser-tu-6-cuentos-para-cultivar-la-autoestima\/#breadcrumb\"},\"inLanguage\":\"en-US\",\"potentialAction\":[{\"@type\":\"ReadAction\",\"target\":[\"https:\/\/backup.overgenius.com\/product\/el-superpoder-de-ser-tu-6-cuentos-para-cultivar-la-autoestima\/\"]}]},{\"@type\":\"ImageObject\",\"inLanguage\":\"en-US\",\"@id\":\"https:\/\/backup.overgenius.com\/product\/el-superpoder-de-ser-tu-6-cuentos-para-cultivar-la-autoestima\/#primaryimage\",\"url\":\"https:\/\/backup.overgenius.com\/wp-content\/uploads\/2025\/01\/81iSUu72h9L._SL1500_.jpg\",\"contentUrl\":\"https:\/\/backup.overgenius.com\/wp-content\/uploads\/2025\/01\/81iSUu72h9L._SL1500_.jpg\",\"width\":1500,\"height\":1500},{\"@type\":\"BreadcrumbList\",\"@id\":\"https:\/\/backup.overgenius.com\/product\/el-superpoder-de-ser-tu-6-cuentos-para-cultivar-la-autoestima\/#breadcrumb\",\"itemListElement\":[{\"@type\":\"ListItem\",\"position\":1,\"name\":\"Portada\",\"item\":\"https:\/\/backup.overgenius.com\/\"},{\"@type\":\"ListItem\",\"position\":2,\"name\":\"Tienda ya no\",\"item\":\"https:\/\/backup.overgenius.com\/tienda-ya-no\/\"},{\"@type\":\"ListItem\",\"position\":3,\"name\":\"El superpoder de ser t\u00fa: 6 cuentos para cultivar la autoestima\"}]},{\"@type\":\"WebSite\",\"@id\":\"https:\/\/backup.overgenius.com\/#website\",\"url\":\"https:\/\/backup.overgenius.com\/\",\"name\":\"OVERGENIUS\",\"description\":\"Plataforma de aprendizaje y negocios con proyecci\u00f3n internacional\",\"publisher\":{\"@id\":\"https:\/\/backup.overgenius.com\/#organization\"},\"potentialAction\":[{\"@type\":\"SearchAction\",\"target\":{\"@type\":\"EntryPoint\",\"urlTemplate\":\"https:\/\/backup.overgenius.com\/?s={search_term_string}\"},\"query-input\":{\"@type\":\"PropertyValueSpecification\",\"valueRequired\":true,\"valueName\":\"search_term_string\"}}],\"inLanguage\":\"en-US\"},{\"@type\":\"Organization\",\"@id\":\"https:\/\/backup.overgenius.com\/#organization\",\"name\":\"OVERGENIUS\",\"url\":\"https:\/\/backup.overgenius.com\/\",\"logo\":{\"@type\":\"ImageObject\",\"inLanguage\":\"en-US\",\"@id\":\"https:\/\/backup.overgenius.com\/#\/schema\/logo\/image\/\",\"url\":\"https:\/\/backup.overgenius.com\/wp-content\/uploads\/2023\/07\/logotipo_overgenius-1.png\",\"contentUrl\":\"https:\/\/backup.overgenius.com\/wp-content\/uploads\/2023\/07\/logotipo_overgenius-1.png\",\"width\":1172,\"height\":299,\"caption\":\"OVERGENIUS\"},\"image\":{\"@id\":\"https:\/\/backup.overgenius.com\/#\/schema\/logo\/image\/\"},\"sameAs\":[\"https:\/\/www.facebook.com\/overgeniusteam\/\",\"https:\/\/www.youtube.com\/channel\/UC_ihjn8HZh31fI7HxHG4MAg\",\"https:\/\/www.instagram.com\/beovergenius\/\"]}]}<\/script>\n<!-- \/ Yoast SEO Premium plugin. -->","yoast_head_json":{"title":"El superpoder de ser t\u00fa: 6 cuentos para cultivar la autoestima - OVERGENIUS","description":"El superpoder de ser t\u00fa: 6 cuentos para cultivar la autoestima. Carla aprender\u00e1 a identificar y gestionar habilidades emocionales como la positividad, la asertividad o la confianza en uno mismo.","robots":{"index":"index","follow":"follow","max-snippet":"max-snippet:-1","max-image-preview":"max-image-preview:large","max-video-preview":"max-video-preview:-1"},"canonical":"https:\/\/backup.overgenius.com\/en\/product\/el-superpoder-de-ser-tu-6-cuentos-para-cultivar-la-autoestima\/","og_locale":"en_US","og_type":"article","og_title":"El superpoder de ser t\u00fa: 6 cuentos para cultivar la autoestima","og_description":"El superpoder de ser t\u00fa: 6 cuentos para cultivar la autoestima. Carla aprender\u00e1 a identificar y gestionar habilidades emocionales como la positividad, la asertividad o la confianza en uno mismo.","og_url":"https:\/\/backup.overgenius.com\/en\/product\/el-superpoder-de-ser-tu-6-cuentos-para-cultivar-la-autoestima\/","og_site_name":"OVERGENIUS","article_publisher":"https:\/\/www.facebook.com\/overgeniusteam\/","article_modified_time":"2025-10-01T03:36:09+00:00","og_image":[{"width":1500,"height":1500,"url":"https:\/\/backup.overgenius.com\/wp-content\/uploads\/2025\/01\/81iSUu72h9L._SL1500_.jpg","type":"image\/jpeg"}],"twitter_card":"summary_large_image","twitter_misc":{"Est. reading time":"1 minute"},"schema":{"@context":"https:\/\/schema.org","@graph":[{"@type":"WebPage","@id":"https:\/\/backup.overgenius.com\/product\/el-superpoder-de-ser-tu-6-cuentos-para-cultivar-la-autoestima\/","url":"https:\/\/backup.overgenius.com\/product\/el-superpoder-de-ser-tu-6-cuentos-para-cultivar-la-autoestima\/","name":"El superpoder de ser t\u00fa: 6 cuentos para cultivar la autoestima - OVERGENIUS","isPartOf":{"@id":"https:\/\/backup.overgenius.com\/#website"},"primaryImageOfPage":{"@id":"https:\/\/backup.overgenius.com\/product\/el-superpoder-de-ser-tu-6-cuentos-para-cultivar-la-autoestima\/#primaryimage"},"image":{"@id":"https:\/\/backup.overgenius.com\/product\/el-superpoder-de-ser-tu-6-cuentos-para-cultivar-la-autoestima\/#primaryimage"},"thumbnailUrl":"https:\/\/backup.overgenius.com\/wp-content\/uploads\/2025\/01\/81iSUu72h9L._SL1500_.jpg","datePublished":"2025-01-03T01:03:42+00:00","dateModified":"2025-10-01T03:36:09+00:00","description":"El superpoder de ser t\u00fa: 6 cuentos para cultivar la autoestima. Carla aprender\u00e1 a identificar y gestionar habilidades emocionales como la positividad, la asertividad o la confianza en uno mismo.","breadcrumb":{"@id":"https:\/\/backup.overgenius.com\/product\/el-superpoder-de-ser-tu-6-cuentos-para-cultivar-la-autoestima\/#breadcrumb"},"inLanguage":"en-US","potentialAction":[{"@type":"ReadAction","target":["https:\/\/backup.overgenius.com\/product\/el-superpoder-de-ser-tu-6-cuentos-para-cultivar-la-autoestima\/"]}]},{"@type":"ImageObject","inLanguage":"en-US","@id":"https:\/\/backup.overgenius.com\/product\/el-superpoder-de-ser-tu-6-cuentos-para-cultivar-la-autoestima\/#primaryimage","url":"https:\/\/backup.overgenius.com\/wp-content\/uploads\/2025\/01\/81iSUu72h9L._SL1500_.jpg","contentUrl":"https:\/\/backup.overgenius.com\/wp-content\/uploads\/2025\/01\/81iSUu72h9L._SL1500_.jpg","width":1500,"height":1500},{"@type":"BreadcrumbList","@id":"https:\/\/backup.overgenius.com\/product\/el-superpoder-de-ser-tu-6-cuentos-para-cultivar-la-autoestima\/#breadcrumb","itemListElement":[{"@type":"ListItem","position":1,"name":"Portada","item":"https:\/\/backup.overgenius.com\/"},{"@type":"ListItem","position":2,"name":"Tienda ya no","item":"https:\/\/backup.overgenius.com\/tienda-ya-no\/"},{"@type":"ListItem","position":3,"name":"El superpoder de ser t\u00fa: 6 cuentos para cultivar la autoestima"}]},{"@type":"WebSite","@id":"https:\/\/backup.overgenius.com\/#website","url":"https:\/\/backup.overgenius.com\/","name":"OVERGENIUS","description":"Plataforma de aprendizaje y negocios con proyecci\u00f3n internacional","publisher":{"@id":"https:\/\/backup.overgenius.com\/#organization"},"potentialAction":[{"@type":"SearchAction","target":{"@type":"EntryPoint","urlTemplate":"https:\/\/backup.overgenius.com\/?s={search_term_string}"},"query-input":{"@type":"PropertyValueSpecification","valueRequired":true,"valueName":"search_term_string"}}],"inLanguage":"en-US"},{"@type":"Organization","@id":"https:\/\/backup.overgenius.com\/#organization","name":"OVERGENIUS","url":"https:\/\/backup.overgenius.com\/","logo":{"@type":"ImageObject","inLanguage":"en-US","@id":"https:\/\/backup.overgenius.com\/#\/schema\/logo\/image\/","url":"https:\/\/backup.overgenius.com\/wp-content\/uploads\/2023\/07\/logotipo_overgenius-1.png","contentUrl":"https:\/\/backup.overgenius.com\/wp-content\/uploads\/2023\/07\/logotipo_overgenius-1.png","width":1172,"height":299,"caption":"OVERGENIUS"},"image":{"@id":"https:\/\/backup.overgenius.com\/#\/schema\/logo\/image\/"},"sameAs":["https:\/\/www.facebook.com\/overgeniusteam\/","https:\/\/www.youtube.com\/channel\/UC_ihjn8HZh31fI7HxHG4MAg","https:\/\/www.instagram.com\/beovergenius\/"]}]}},"_links":{"self":[{"href":"https:\/\/backup.overgenius.com\/en\/wp-json\/wp\/v2\/product\/31167","targetHints":{"allow":["GET"]}}],"collection":[{"href":"https:\/\/backup.overgenius.com\/en\/wp-json\/wp\/v2\/product"}],"about":[{"href":"https:\/\/backup.overgenius.com\/en\/wp-json\/wp\/v2\/types\/product"}],"replies":[{"embeddable":true,"href":"https:\/\/backup.overgenius.com\/en\/wp-json\/wp\/v2\/comments?post=31167"}],"wp:featuredmedia":[{"embeddable":true,"href":"https:\/\/backup.overgenius.com\/en\/wp-json\/wp\/v2\/media\/31168"}],"wp:attachment":[{"href":"https:\/\/backup.overgenius.com\/en\/wp-json\/wp\/v2\/media?parent=31167"}],"wp:term":[{"taxonomy":"product_brand","embeddable":true,"href":"https:\/\/backup.overgenius.com\/en\/wp-json\/wp\/v2\/product_brand?post=31167"},{"taxonomy":"product_cat","embeddable":true,"href":"https:\/\/backup.overgenius.com\/en\/wp-json\/wp\/v2\/product_cat?post=31167"},{"taxonomy":"product_tag","embeddable":true,"href":"https:\/\/backup.overgenius.com\/en\/wp-json\/wp\/v2\/product_tag?post=31167"}],"curies":[{"name":"wp","href":"https:\/\/api.w.org\/{rel}","templated":true}]}}