{"id":31171,"date":"2025-01-03T01:13:59","date_gmt":"2025-01-03T01:13:59","guid":{"rendered":"https:\/\/backup.overgenius.com\/?post_type=product&#038;p=31171"},"modified":"2025-10-01T03:21:29","modified_gmt":"2025-10-01T03:21:29","slug":"robinson-crusoe","status":"publish","type":"product","link":"https:\/\/backup.overgenius.com\/en\/product\/robinson-crusoe\/","title":{"rendered":"Robinson Crusoe"},"content":{"rendered":"<p>Robinson Crusoe es una de las obras m\u00e1s famosas del c\u00e9lebre escritor ingl\u00e9s Daniel Defoe, publicada en 1719 y considerada la primera novela inglesa. Se trata de una autobiograf\u00eda ficticia del protagonista, un n\u00e1ufrago ingl\u00e9s que pasa 28 a\u00f1os en una remota isla desierta. Probablemente la historia tuvo como inspiraci\u00f3n hechos reales ocurridos a Pedro Serrano y Alexander Selkirk, a partir de donde construir\u00eda, con una trama sencilla y aut\u00e9ntica, un s\u00edmbolo del colonialismo, del hombre perfecto y de la moral suprema. Robinson Crusoe es la cl\u00e1sica novela de aventuras por antonomasia.<\/p>","protected":false},"excerpt":{"rendered":"<p>Robinson Crusoe es una de las obras m\u00e1s famosas del c\u00e9lebre escritor ingl\u00e9s Daniel Defoe, publicada en 1719 y considerada la primera novela inglesa. Se trata de una autobiograf\u00eda ficticia [&hellip;]<\/p>","protected":false},"featured_media":31172,"comment_status":"open","ping_status":"closed","template":"","meta":{"_acf_changed":false,"give_campaign_id":0,"inline_featured_image":false,"_monsterinsights_skip_tracking":false,"_monsterinsights_sitenote_active":false,"_monsterinsights_sitenote_note":"","_monsterinsights_sitenote_category":0},"product_brand":[],"product_cat":[189,108,197],"product_tag":[567],"class_list":{"0":"post-31171","1":"product","2":"type-product","3":"status-publish","4":"has-post-thumbnail","6":"product_cat-amazon","7":"product_cat-educacion","8":"product_cat-infantil","9":"product_tag-audiolibros","11":"first","12":"instock","13":"shipping-taxable","14":"product-type-external"},"acf":[],"yoast_head":"<!-- This site is optimized with the Yoast SEO Premium plugin v24.2 (Yoast SEO v25.8) - https:\/\/yoast.com\/wordpress\/plugins\/seo\/ -->\n<title>Robinson Crusoe - OVERGENIUS<\/title>\n<meta name=\"description\" content=\"Robinson Crusoe, es la cl\u00e1sica novela de aventuras por antonomasia.\" \/>\n<meta name=\"robots\" content=\"index, follow, max-snippet:-1, max-image-preview:large, max-video-preview:-1\" \/>\n<link rel=\"canonical\" href=\"https:\/\/backup.overgenius.com\/en\/product\/robinson-crusoe\/\" \/>\n<meta property=\"og:locale\" content=\"en_US\" \/>\n<meta property=\"og:type\" content=\"article\" \/>\n<meta property=\"og:title\" content=\"Robinson Crusoe\" \/>\n<meta property=\"og:description\" content=\"Robinson Crusoe, es la cl\u00e1sica novela de aventuras por antonomasia.\" \/>\n<meta property=\"og:url\" content=\"https:\/\/backup.overgenius.com\/en\/product\/robinson-crusoe\/\" \/>\n<meta property=\"og:site_name\" content=\"OVERGENIUS\" \/>\n<meta property=\"article:publisher\" content=\"https:\/\/www.facebook.com\/overgeniusteam\/\" \/>\n<meta property=\"article:modified_time\" content=\"2025-10-01T03:21:29+00:00\" \/>\n<meta property=\"og:image\" content=\"https:\/\/backup.overgenius.com\/wp-content\/uploads\/2025\/01\/719zMVncXwL._SL1500_.jpg\" \/>\n\t<meta property=\"og:image:width\" content=\"1500\" \/>\n\t<meta property=\"og:image:height\" content=\"1500\" \/>\n\t<meta property=\"og:image:type\" content=\"image\/jpeg\" \/>\n<meta name=\"twitter:card\" content=\"summary_large_image\" \/>\n<meta name=\"twitter:label1\" content=\"Est. reading time\" \/>\n\t<meta name=\"twitter:data1\" content=\"1 minute\" \/>\n<script type=\"application\/ld+json\" class=\"yoast-schema-graph\">{\"@context\":\"https:\/\/schema.org\",\"@graph\":[{\"@type\":\"WebPage\",\"@id\":\"https:\/\/backup.overgenius.com\/product\/robinson-crusoe\/\",\"url\":\"https:\/\/backup.overgenius.com\/product\/robinson-crusoe\/\",\"name\":\"Robinson Crusoe - OVERGENIUS\",\"isPartOf\":{\"@id\":\"https:\/\/backup.overgenius.com\/#website\"},\"primaryImageOfPage\":{\"@id\":\"https:\/\/backup.overgenius.com\/product\/robinson-crusoe\/#primaryimage\"},\"image\":{\"@id\":\"https:\/\/backup.overgenius.com\/product\/robinson-crusoe\/#primaryimage\"},\"thumbnailUrl\":\"https:\/\/backup.overgenius.com\/wp-content\/uploads\/2025\/01\/719zMVncXwL._SL1500_.jpg\",\"datePublished\":\"2025-01-03T01:13:59+00:00\",\"dateModified\":\"2025-10-01T03:21:29+00:00\",\"description\":\"Robinson Crusoe, es la cl\u00e1sica novela de aventuras por antonomasia.\",\"breadcrumb\":{\"@id\":\"https:\/\/backup.overgenius.com\/product\/robinson-crusoe\/#breadcrumb\"},\"inLanguage\":\"en-US\",\"potentialAction\":[{\"@type\":\"ReadAction\",\"target\":[\"https:\/\/backup.overgenius.com\/product\/robinson-crusoe\/\"]}]},{\"@type\":\"ImageObject\",\"inLanguage\":\"en-US\",\"@id\":\"https:\/\/backup.overgenius.com\/product\/robinson-crusoe\/#primaryimage\",\"url\":\"https:\/\/backup.overgenius.com\/wp-content\/uploads\/2025\/01\/719zMVncXwL._SL1500_.jpg\",\"contentUrl\":\"https:\/\/backup.overgenius.com\/wp-content\/uploads\/2025\/01\/719zMVncXwL._SL1500_.jpg\",\"width\":1500,\"height\":1500},{\"@type\":\"BreadcrumbList\",\"@id\":\"https:\/\/backup.overgenius.com\/product\/robinson-crusoe\/#breadcrumb\",\"itemListElement\":[{\"@type\":\"ListItem\",\"position\":1,\"name\":\"Portada\",\"item\":\"https:\/\/backup.overgenius.com\/\"},{\"@type\":\"ListItem\",\"position\":2,\"name\":\"Tienda ya no\",\"item\":\"https:\/\/backup.overgenius.com\/tienda-ya-no\/\"},{\"@type\":\"ListItem\",\"position\":3,\"name\":\"Robinson Crusoe\"}]},{\"@type\":\"WebSite\",\"@id\":\"https:\/\/backup.overgenius.com\/#website\",\"url\":\"https:\/\/backup.overgenius.com\/\",\"name\":\"OVERGENIUS\",\"description\":\"Plataforma de aprendizaje y negocios con proyecci\u00f3n internacional\",\"publisher\":{\"@id\":\"https:\/\/backup.overgenius.com\/#organization\"},\"potentialAction\":[{\"@type\":\"SearchAction\",\"target\":{\"@type\":\"EntryPoint\",\"urlTemplate\":\"https:\/\/backup.overgenius.com\/?s={search_term_string}\"},\"query-input\":{\"@type\":\"PropertyValueSpecification\",\"valueRequired\":true,\"valueName\":\"search_term_string\"}}],\"inLanguage\":\"en-US\"},{\"@type\":\"Organization\",\"@id\":\"https:\/\/backup.overgenius.com\/#organization\",\"name\":\"OVERGENIUS\",\"url\":\"https:\/\/backup.overgenius.com\/\",\"logo\":{\"@type\":\"ImageObject\",\"inLanguage\":\"en-US\",\"@id\":\"https:\/\/backup.overgenius.com\/#\/schema\/logo\/image\/\",\"url\":\"https:\/\/backup.overgenius.com\/wp-content\/uploads\/2023\/07\/logotipo_overgenius-1.png\",\"contentUrl\":\"https:\/\/backup.overgenius.com\/wp-content\/uploads\/2023\/07\/logotipo_overgenius-1.png\",\"width\":1172,\"height\":299,\"caption\":\"OVERGENIUS\"},\"image\":{\"@id\":\"https:\/\/backup.overgenius.com\/#\/schema\/logo\/image\/\"},\"sameAs\":[\"https:\/\/www.facebook.com\/overgeniusteam\/\",\"https:\/\/www.youtube.com\/channel\/UC_ihjn8HZh31fI7HxHG4MAg\",\"https:\/\/www.instagram.com\/beovergenius\/\"]}]}<\/script>\n<!-- \/ Yoast SEO Premium plugin. -->","yoast_head_json":{"title":"Robinson Crusoe - OVERGENIUS","description":"Robinson Crusoe, es la cl\u00e1sica novela de aventuras por antonomasia.","robots":{"index":"index","follow":"follow","max-snippet":"max-snippet:-1","max-image-preview":"max-image-preview:large","max-video-preview":"max-video-preview:-1"},"canonical":"https:\/\/backup.overgenius.com\/en\/product\/robinson-crusoe\/","og_locale":"en_US","og_type":"article","og_title":"Robinson Crusoe","og_description":"Robinson Crusoe, es la cl\u00e1sica novela de aventuras por antonomasia.","og_url":"https:\/\/backup.overgenius.com\/en\/product\/robinson-crusoe\/","og_site_name":"OVERGENIUS","article_publisher":"https:\/\/www.facebook.com\/overgeniusteam\/","article_modified_time":"2025-10-01T03:21:29+00:00","og_image":[{"width":1500,"height":1500,"url":"https:\/\/backup.overgenius.com\/wp-content\/uploads\/2025\/01\/719zMVncXwL._SL1500_.jpg","type":"image\/jpeg"}],"twitter_card":"summary_large_image","twitter_misc":{"Est. reading time":"1 minute"},"schema":{"@context":"https:\/\/schema.org","@graph":[{"@type":"WebPage","@id":"https:\/\/backup.overgenius.com\/product\/robinson-crusoe\/","url":"https:\/\/backup.overgenius.com\/product\/robinson-crusoe\/","name":"Robinson Crusoe - OVERGENIUS","isPartOf":{"@id":"https:\/\/backup.overgenius.com\/#website"},"primaryImageOfPage":{"@id":"https:\/\/backup.overgenius.com\/product\/robinson-crusoe\/#primaryimage"},"image":{"@id":"https:\/\/backup.overgenius.com\/product\/robinson-crusoe\/#primaryimage"},"thumbnailUrl":"https:\/\/backup.overgenius.com\/wp-content\/uploads\/2025\/01\/719zMVncXwL._SL1500_.jpg","datePublished":"2025-01-03T01:13:59+00:00","dateModified":"2025-10-01T03:21:29+00:00","description":"Robinson Crusoe, es la cl\u00e1sica novela de aventuras por antonomasia.","breadcrumb":{"@id":"https:\/\/backup.overgenius.com\/product\/robinson-crusoe\/#breadcrumb"},"inLanguage":"en-US","potentialAction":[{"@type":"ReadAction","target":["https:\/\/backup.overgenius.com\/product\/robinson-crusoe\/"]}]},{"@type":"ImageObject","inLanguage":"en-US","@id":"https:\/\/backup.overgenius.com\/product\/robinson-crusoe\/#primaryimage","url":"https:\/\/backup.overgenius.com\/wp-content\/uploads\/2025\/01\/719zMVncXwL._SL1500_.jpg","contentUrl":"https:\/\/backup.overgenius.com\/wp-content\/uploads\/2025\/01\/719zMVncXwL._SL1500_.jpg","width":1500,"height":1500},{"@type":"BreadcrumbList","@id":"https:\/\/backup.overgenius.com\/product\/robinson-crusoe\/#breadcrumb","itemListElement":[{"@type":"ListItem","position":1,"name":"Portada","item":"https:\/\/backup.overgenius.com\/"},{"@type":"ListItem","position":2,"name":"Tienda ya no","item":"https:\/\/backup.overgenius.com\/tienda-ya-no\/"},{"@type":"ListItem","position":3,"name":"Robinson Crusoe"}]},{"@type":"WebSite","@id":"https:\/\/backup.overgenius.com\/#website","url":"https:\/\/backup.overgenius.com\/","name":"OVERGENIUS","description":"Plataforma de aprendizaje y negocios con proyecci\u00f3n internacional","publisher":{"@id":"https:\/\/backup.overgenius.com\/#organization"},"potentialAction":[{"@type":"SearchAction","target":{"@type":"EntryPoint","urlTemplate":"https:\/\/backup.overgenius.com\/?s={search_term_string}"},"query-input":{"@type":"PropertyValueSpecification","valueRequired":true,"valueName":"search_term_string"}}],"inLanguage":"en-US"},{"@type":"Organization","@id":"https:\/\/backup.overgenius.com\/#organization","name":"OVERGENIUS","url":"https:\/\/backup.overgenius.com\/","logo":{"@type":"ImageObject","inLanguage":"en-US","@id":"https:\/\/backup.overgenius.com\/#\/schema\/logo\/image\/","url":"https:\/\/backup.overgenius.com\/wp-content\/uploads\/2023\/07\/logotipo_overgenius-1.png","contentUrl":"https:\/\/backup.overgenius.com\/wp-content\/uploads\/2023\/07\/logotipo_overgenius-1.png","width":1172,"height":299,"caption":"OVERGENIUS"},"image":{"@id":"https:\/\/backup.overgenius.com\/#\/schema\/logo\/image\/"},"sameAs":["https:\/\/www.facebook.com\/overgeniusteam\/","https:\/\/www.youtube.com\/channel\/UC_ihjn8HZh31fI7HxHG4MAg","https:\/\/www.instagram.com\/beovergenius\/"]}]}},"_links":{"self":[{"href":"https:\/\/backup.overgenius.com\/en\/wp-json\/wp\/v2\/product\/31171","targetHints":{"allow":["GET"]}}],"collection":[{"href":"https:\/\/backup.overgenius.com\/en\/wp-json\/wp\/v2\/product"}],"about":[{"href":"https:\/\/backup.overgenius.com\/en\/wp-json\/wp\/v2\/types\/product"}],"replies":[{"embeddable":true,"href":"https:\/\/backup.overgenius.com\/en\/wp-json\/wp\/v2\/comments?post=31171"}],"wp:featuredmedia":[{"embeddable":true,"href":"https:\/\/backup.overgenius.com\/en\/wp-json\/wp\/v2\/media\/31172"}],"wp:attachment":[{"href":"https:\/\/backup.overgenius.com\/en\/wp-json\/wp\/v2\/media?parent=31171"}],"wp:term":[{"taxonomy":"product_brand","embeddable":true,"href":"https:\/\/backup.overgenius.com\/en\/wp-json\/wp\/v2\/product_brand?post=31171"},{"taxonomy":"product_cat","embeddable":true,"href":"https:\/\/backup.overgenius.com\/en\/wp-json\/wp\/v2\/product_cat?post=31171"},{"taxonomy":"product_tag","embeddable":true,"href":"https:\/\/backup.overgenius.com\/en\/wp-json\/wp\/v2\/product_tag?post=31171"}],"curies":[{"name":"wp","href":"https:\/\/api.w.org\/{rel}","templated":true}]}}