{"id":31173,"date":"2025-01-03T01:22:27","date_gmt":"2025-01-03T01:22:27","guid":{"rendered":"https:\/\/backup.overgenius.com\/?post_type=product&#038;p=31173"},"modified":"2025-10-01T03:17:57","modified_gmt":"2025-10-01T03:17:57","slug":"imparables-comunicacion-para-mujeres-que-pisan-fuerte","status":"publish","type":"product","link":"https:\/\/backup.overgenius.com\/en\/product\/imparables-comunicacion-para-mujeres-que-pisan-fuerte\/","title":{"rendered":"Imparables: Comunicaci\u00f3n para mujeres que pisan fuerte"},"content":{"rendered":"<p>Este audiolibro es la recopilaci\u00f3n de las mejores t\u00e9cnicas y consejos que Teresa Bar\u00f3 ha ofrecido durante m\u00e1s de veinte a\u00f1os a miles de mujeres profesionales y directivas de todos los \u00e1mbitos.<\/p>\n<p>Aqu\u00ed tienes herramientas pr\u00e1cticas para detectar tus barreras psicol\u00f3gicas y creencias limitantes y conocer tu propio estilo de comunicaci\u00f3n. Te dar\u00e1s cuenta de que, en gran medida, tu futuro profesional est\u00e1 en tus manos: t\u00fa decides d\u00f3nde quieres llegar y sabr\u00e1s c\u00f3mo conseguirlo.<\/p>\n<p>Las palabras y frases que utilizamos, el uso de la voz y del lenguaje corporal condiciona la imagen que proyectamos, la calidad de las relaciones y las posibilidades de \u00e9xito en nuestra carrera. Pero no nos han ense\u00f1ado nunca a utilizar estas herramientas conscientemente y estrat\u00e9gicamente.<\/p>\n<p>Las estrategias para gestionar tu visibilidad dentro y fuera de la empresa, t\u00e9cnicas para tener m\u00e1s autoridad en entornos masculinos, f\u00f3rmulas para tener conversaciones dif\u00edciles y ser m\u00e1s asertiva son parte del plan de entrenamiento para aumentar tu capacidad de persuasi\u00f3n e influencia.<\/p>","protected":false},"excerpt":{"rendered":"<p>Este audiolibro es la recopilaci\u00f3n de las mejores t\u00e9cnicas y consejos que Teresa Bar\u00f3 ha ofrecido durante m\u00e1s de veinte a\u00f1os a miles de mujeres profesionales y directivas de todos [&hellip;]<\/p>","protected":false},"featured_media":31174,"comment_status":"open","ping_status":"closed","template":"","meta":{"_acf_changed":false,"give_campaign_id":0,"inline_featured_image":false,"_monsterinsights_skip_tracking":false,"_monsterinsights_sitenote_active":false,"_monsterinsights_sitenote_note":"","_monsterinsights_sitenote_category":0},"product_brand":[],"product_cat":[189,198,108,191],"product_tag":[567],"class_list":{"0":"post-31173","1":"product","2":"type-product","3":"status-publish","4":"has-post-thumbnail","6":"product_cat-amazon","7":"product_cat-audiolibro","8":"product_cat-educacion","9":"product_cat-salud","10":"product_tag-audiolibros","12":"first","13":"instock","14":"shipping-taxable","15":"product-type-external"},"acf":[],"yoast_head":"<!-- This site is optimized with the Yoast SEO Premium plugin v24.2 (Yoast SEO v25.8) - https:\/\/yoast.com\/wordpress\/plugins\/seo\/ -->\n<title>Imparables: Comunicaci\u00f3n para mujeres que pisan fuerte - OVERGENIUS<\/title>\n<meta name=\"description\" content=\"Imparables: Comunicaci\u00f3n para mujeres que pisan fuerte. Las palabras y frases que utilizamos, el uso de la voz y del lenguaje corporal condiciona la imagen que proyectamos\" \/>\n<meta name=\"robots\" content=\"index, follow, max-snippet:-1, max-image-preview:large, max-video-preview:-1\" \/>\n<link rel=\"canonical\" href=\"https:\/\/backup.overgenius.com\/en\/product\/imparables-comunicacion-para-mujeres-que-pisan-fuerte\/\" \/>\n<meta property=\"og:locale\" content=\"en_US\" \/>\n<meta property=\"og:type\" content=\"article\" \/>\n<meta property=\"og:title\" content=\"Imparables: Comunicaci\u00f3n para mujeres que pisan fuerte\" \/>\n<meta property=\"og:description\" content=\"Imparables: Comunicaci\u00f3n para mujeres que pisan fuerte. Las palabras y frases que utilizamos, el uso de la voz y del lenguaje corporal condiciona la imagen que proyectamos\" \/>\n<meta property=\"og:url\" content=\"https:\/\/backup.overgenius.com\/en\/product\/imparables-comunicacion-para-mujeres-que-pisan-fuerte\/\" \/>\n<meta property=\"og:site_name\" content=\"OVERGENIUS\" \/>\n<meta property=\"article:publisher\" content=\"https:\/\/www.facebook.com\/overgeniusteam\/\" \/>\n<meta property=\"article:modified_time\" content=\"2025-10-01T03:17:57+00:00\" \/>\n<meta property=\"og:image\" content=\"https:\/\/backup.overgenius.com\/wp-content\/uploads\/2025\/01\/71eF0waSBYS._SL1500_.jpg\" \/>\n\t<meta property=\"og:image:width\" content=\"1500\" \/>\n\t<meta property=\"og:image:height\" content=\"1500\" \/>\n\t<meta property=\"og:image:type\" content=\"image\/jpeg\" \/>\n<meta name=\"twitter:card\" content=\"summary_large_image\" \/>\n<meta name=\"twitter:label1\" content=\"Est. reading time\" \/>\n\t<meta name=\"twitter:data1\" content=\"1 minute\" \/>\n<script type=\"application\/ld+json\" class=\"yoast-schema-graph\">{\"@context\":\"https:\/\/schema.org\",\"@graph\":[{\"@type\":\"WebPage\",\"@id\":\"https:\/\/backup.overgenius.com\/product\/imparables-comunicacion-para-mujeres-que-pisan-fuerte\/\",\"url\":\"https:\/\/backup.overgenius.com\/product\/imparables-comunicacion-para-mujeres-que-pisan-fuerte\/\",\"name\":\"Imparables: Comunicaci\u00f3n para mujeres que pisan fuerte - OVERGENIUS\",\"isPartOf\":{\"@id\":\"https:\/\/backup.overgenius.com\/#website\"},\"primaryImageOfPage\":{\"@id\":\"https:\/\/backup.overgenius.com\/product\/imparables-comunicacion-para-mujeres-que-pisan-fuerte\/#primaryimage\"},\"image\":{\"@id\":\"https:\/\/backup.overgenius.com\/product\/imparables-comunicacion-para-mujeres-que-pisan-fuerte\/#primaryimage\"},\"thumbnailUrl\":\"https:\/\/backup.overgenius.com\/wp-content\/uploads\/2025\/01\/71eF0waSBYS._SL1500_.jpg\",\"datePublished\":\"2025-01-03T01:22:27+00:00\",\"dateModified\":\"2025-10-01T03:17:57+00:00\",\"description\":\"Imparables: Comunicaci\u00f3n para mujeres que pisan fuerte. Las palabras y frases que utilizamos, el uso de la voz y del lenguaje corporal condiciona la imagen que proyectamos\",\"breadcrumb\":{\"@id\":\"https:\/\/backup.overgenius.com\/product\/imparables-comunicacion-para-mujeres-que-pisan-fuerte\/#breadcrumb\"},\"inLanguage\":\"en-US\",\"potentialAction\":[{\"@type\":\"ReadAction\",\"target\":[\"https:\/\/backup.overgenius.com\/product\/imparables-comunicacion-para-mujeres-que-pisan-fuerte\/\"]}]},{\"@type\":\"ImageObject\",\"inLanguage\":\"en-US\",\"@id\":\"https:\/\/backup.overgenius.com\/product\/imparables-comunicacion-para-mujeres-que-pisan-fuerte\/#primaryimage\",\"url\":\"https:\/\/backup.overgenius.com\/wp-content\/uploads\/2025\/01\/71eF0waSBYS._SL1500_.jpg\",\"contentUrl\":\"https:\/\/backup.overgenius.com\/wp-content\/uploads\/2025\/01\/71eF0waSBYS._SL1500_.jpg\",\"width\":1500,\"height\":1500},{\"@type\":\"BreadcrumbList\",\"@id\":\"https:\/\/backup.overgenius.com\/product\/imparables-comunicacion-para-mujeres-que-pisan-fuerte\/#breadcrumb\",\"itemListElement\":[{\"@type\":\"ListItem\",\"position\":1,\"name\":\"Portada\",\"item\":\"https:\/\/backup.overgenius.com\/\"},{\"@type\":\"ListItem\",\"position\":2,\"name\":\"Tienda ya no\",\"item\":\"https:\/\/backup.overgenius.com\/tienda-ya-no\/\"},{\"@type\":\"ListItem\",\"position\":3,\"name\":\"Imparables: Comunicaci\u00f3n para mujeres que pisan fuerte\"}]},{\"@type\":\"WebSite\",\"@id\":\"https:\/\/backup.overgenius.com\/#website\",\"url\":\"https:\/\/backup.overgenius.com\/\",\"name\":\"OVERGENIUS\",\"description\":\"Plataforma de aprendizaje y negocios con proyecci\u00f3n internacional\",\"publisher\":{\"@id\":\"https:\/\/backup.overgenius.com\/#organization\"},\"potentialAction\":[{\"@type\":\"SearchAction\",\"target\":{\"@type\":\"EntryPoint\",\"urlTemplate\":\"https:\/\/backup.overgenius.com\/?s={search_term_string}\"},\"query-input\":{\"@type\":\"PropertyValueSpecification\",\"valueRequired\":true,\"valueName\":\"search_term_string\"}}],\"inLanguage\":\"en-US\"},{\"@type\":\"Organization\",\"@id\":\"https:\/\/backup.overgenius.com\/#organization\",\"name\":\"OVERGENIUS\",\"url\":\"https:\/\/backup.overgenius.com\/\",\"logo\":{\"@type\":\"ImageObject\",\"inLanguage\":\"en-US\",\"@id\":\"https:\/\/backup.overgenius.com\/#\/schema\/logo\/image\/\",\"url\":\"https:\/\/backup.overgenius.com\/wp-content\/uploads\/2023\/07\/logotipo_overgenius-1.png\",\"contentUrl\":\"https:\/\/backup.overgenius.com\/wp-content\/uploads\/2023\/07\/logotipo_overgenius-1.png\",\"width\":1172,\"height\":299,\"caption\":\"OVERGENIUS\"},\"image\":{\"@id\":\"https:\/\/backup.overgenius.com\/#\/schema\/logo\/image\/\"},\"sameAs\":[\"https:\/\/www.facebook.com\/overgeniusteam\/\",\"https:\/\/www.youtube.com\/channel\/UC_ihjn8HZh31fI7HxHG4MAg\",\"https:\/\/www.instagram.com\/beovergenius\/\"]}]}<\/script>\n<!-- \/ Yoast SEO Premium plugin. -->","yoast_head_json":{"title":"Imparables: Comunicaci\u00f3n para mujeres que pisan fuerte - OVERGENIUS","description":"Imparables: Comunicaci\u00f3n para mujeres que pisan fuerte. Las palabras y frases que utilizamos, el uso de la voz y del lenguaje corporal condiciona la imagen que proyectamos","robots":{"index":"index","follow":"follow","max-snippet":"max-snippet:-1","max-image-preview":"max-image-preview:large","max-video-preview":"max-video-preview:-1"},"canonical":"https:\/\/backup.overgenius.com\/en\/product\/imparables-comunicacion-para-mujeres-que-pisan-fuerte\/","og_locale":"en_US","og_type":"article","og_title":"Imparables: Comunicaci\u00f3n para mujeres que pisan fuerte","og_description":"Imparables: Comunicaci\u00f3n para mujeres que pisan fuerte. Las palabras y frases que utilizamos, el uso de la voz y del lenguaje corporal condiciona la imagen que proyectamos","og_url":"https:\/\/backup.overgenius.com\/en\/product\/imparables-comunicacion-para-mujeres-que-pisan-fuerte\/","og_site_name":"OVERGENIUS","article_publisher":"https:\/\/www.facebook.com\/overgeniusteam\/","article_modified_time":"2025-10-01T03:17:57+00:00","og_image":[{"width":1500,"height":1500,"url":"https:\/\/backup.overgenius.com\/wp-content\/uploads\/2025\/01\/71eF0waSBYS._SL1500_.jpg","type":"image\/jpeg"}],"twitter_card":"summary_large_image","twitter_misc":{"Est. reading time":"1 minute"},"schema":{"@context":"https:\/\/schema.org","@graph":[{"@type":"WebPage","@id":"https:\/\/backup.overgenius.com\/product\/imparables-comunicacion-para-mujeres-que-pisan-fuerte\/","url":"https:\/\/backup.overgenius.com\/product\/imparables-comunicacion-para-mujeres-que-pisan-fuerte\/","name":"Imparables: Comunicaci\u00f3n para mujeres que pisan fuerte - OVERGENIUS","isPartOf":{"@id":"https:\/\/backup.overgenius.com\/#website"},"primaryImageOfPage":{"@id":"https:\/\/backup.overgenius.com\/product\/imparables-comunicacion-para-mujeres-que-pisan-fuerte\/#primaryimage"},"image":{"@id":"https:\/\/backup.overgenius.com\/product\/imparables-comunicacion-para-mujeres-que-pisan-fuerte\/#primaryimage"},"thumbnailUrl":"https:\/\/backup.overgenius.com\/wp-content\/uploads\/2025\/01\/71eF0waSBYS._SL1500_.jpg","datePublished":"2025-01-03T01:22:27+00:00","dateModified":"2025-10-01T03:17:57+00:00","description":"Imparables: Comunicaci\u00f3n para mujeres que pisan fuerte. Las palabras y frases que utilizamos, el uso de la voz y del lenguaje corporal condiciona la imagen que proyectamos","breadcrumb":{"@id":"https:\/\/backup.overgenius.com\/product\/imparables-comunicacion-para-mujeres-que-pisan-fuerte\/#breadcrumb"},"inLanguage":"en-US","potentialAction":[{"@type":"ReadAction","target":["https:\/\/backup.overgenius.com\/product\/imparables-comunicacion-para-mujeres-que-pisan-fuerte\/"]}]},{"@type":"ImageObject","inLanguage":"en-US","@id":"https:\/\/backup.overgenius.com\/product\/imparables-comunicacion-para-mujeres-que-pisan-fuerte\/#primaryimage","url":"https:\/\/backup.overgenius.com\/wp-content\/uploads\/2025\/01\/71eF0waSBYS._SL1500_.jpg","contentUrl":"https:\/\/backup.overgenius.com\/wp-content\/uploads\/2025\/01\/71eF0waSBYS._SL1500_.jpg","width":1500,"height":1500},{"@type":"BreadcrumbList","@id":"https:\/\/backup.overgenius.com\/product\/imparables-comunicacion-para-mujeres-que-pisan-fuerte\/#breadcrumb","itemListElement":[{"@type":"ListItem","position":1,"name":"Portada","item":"https:\/\/backup.overgenius.com\/"},{"@type":"ListItem","position":2,"name":"Tienda ya no","item":"https:\/\/backup.overgenius.com\/tienda-ya-no\/"},{"@type":"ListItem","position":3,"name":"Imparables: Comunicaci\u00f3n para mujeres que pisan fuerte"}]},{"@type":"WebSite","@id":"https:\/\/backup.overgenius.com\/#website","url":"https:\/\/backup.overgenius.com\/","name":"OVERGENIUS","description":"Plataforma de aprendizaje y negocios con proyecci\u00f3n internacional","publisher":{"@id":"https:\/\/backup.overgenius.com\/#organization"},"potentialAction":[{"@type":"SearchAction","target":{"@type":"EntryPoint","urlTemplate":"https:\/\/backup.overgenius.com\/?s={search_term_string}"},"query-input":{"@type":"PropertyValueSpecification","valueRequired":true,"valueName":"search_term_string"}}],"inLanguage":"en-US"},{"@type":"Organization","@id":"https:\/\/backup.overgenius.com\/#organization","name":"OVERGENIUS","url":"https:\/\/backup.overgenius.com\/","logo":{"@type":"ImageObject","inLanguage":"en-US","@id":"https:\/\/backup.overgenius.com\/#\/schema\/logo\/image\/","url":"https:\/\/backup.overgenius.com\/wp-content\/uploads\/2023\/07\/logotipo_overgenius-1.png","contentUrl":"https:\/\/backup.overgenius.com\/wp-content\/uploads\/2023\/07\/logotipo_overgenius-1.png","width":1172,"height":299,"caption":"OVERGENIUS"},"image":{"@id":"https:\/\/backup.overgenius.com\/#\/schema\/logo\/image\/"},"sameAs":["https:\/\/www.facebook.com\/overgeniusteam\/","https:\/\/www.youtube.com\/channel\/UC_ihjn8HZh31fI7HxHG4MAg","https:\/\/www.instagram.com\/beovergenius\/"]}]}},"_links":{"self":[{"href":"https:\/\/backup.overgenius.com\/en\/wp-json\/wp\/v2\/product\/31173","targetHints":{"allow":["GET"]}}],"collection":[{"href":"https:\/\/backup.overgenius.com\/en\/wp-json\/wp\/v2\/product"}],"about":[{"href":"https:\/\/backup.overgenius.com\/en\/wp-json\/wp\/v2\/types\/product"}],"replies":[{"embeddable":true,"href":"https:\/\/backup.overgenius.com\/en\/wp-json\/wp\/v2\/comments?post=31173"}],"wp:featuredmedia":[{"embeddable":true,"href":"https:\/\/backup.overgenius.com\/en\/wp-json\/wp\/v2\/media\/31174"}],"wp:attachment":[{"href":"https:\/\/backup.overgenius.com\/en\/wp-json\/wp\/v2\/media?parent=31173"}],"wp:term":[{"taxonomy":"product_brand","embeddable":true,"href":"https:\/\/backup.overgenius.com\/en\/wp-json\/wp\/v2\/product_brand?post=31173"},{"taxonomy":"product_cat","embeddable":true,"href":"https:\/\/backup.overgenius.com\/en\/wp-json\/wp\/v2\/product_cat?post=31173"},{"taxonomy":"product_tag","embeddable":true,"href":"https:\/\/backup.overgenius.com\/en\/wp-json\/wp\/v2\/product_tag?post=31173"}],"curies":[{"name":"wp","href":"https:\/\/api.w.org\/{rel}","templated":true}]}}