{"id":31175,"date":"2025-01-03T01:26:09","date_gmt":"2025-01-03T01:26:09","guid":{"rendered":"https:\/\/backup.overgenius.com\/?post_type=product&#038;p=31175"},"modified":"2025-10-01T02:54:10","modified_gmt":"2025-10-01T02:54:10","slug":"neurofitness-descubre-lo-que-tu-cerebro-puede-hacer-por-ti","status":"publish","type":"product","link":"https:\/\/backup.overgenius.com\/en\/product\/neurofitness-descubre-lo-que-tu-cerebro-puede-hacer-por-ti\/","title":{"rendered":"Neurofitness: Descubre lo que tu cerebro puede hacer por ti"},"content":{"rendered":"<p>Catalina Hoffmann lleva d\u00e9cadas trabajando directamente con cientos de personas, analizando la transformaci\u00f3n de sus procesos mentales a trav\u00e9s de ciertos ejercicios y constatando el impacto positivo que tienen en sus vidas.<\/p>\n<p>Con toda esa experiencia ha desarrollado una serie de t\u00e9cnicas innovadoras para cuidar y ejercitar el cerebro que comparte en este audiolibro, narrado por ella misma, que te permite descubrir c\u00f3mo y por qu\u00e9, aplicando el neurofitness, puedes aumentar tu bienestar emocional. Sea cual sea la edad que tengas, entrenar tu cerebro deber\u00eda formar parte de tu rutina diaria.<\/p>\n<p>La autora desarrolla los dos conceptos en los que se basa el neurofitness: la neurog\u00e9nesis, el proceso de crear nuevas c\u00e9lulas nerviosas, y la neuroplasticidad, la capacidad del cerebro de estar constantemente cambiando su estructura para remodelar conexiones entre sus neuronas. Y te ofrece m\u00faltiples ejercicios, mucho m\u00e1s sencillos de lo que imaginas, para que incorpores en tu d\u00eda a d\u00eda. Si aprendes a gobernar el maravilloso \u00f3rgano que se esconde en tu cabeza, un mundo nuevo se abrir\u00e1 ante ti.<\/p>\n<p>Esta gu\u00eda te ense\u00f1ar\u00e1 a ejercitar tu mente para hacerla salir de su zona de confort, consiguiendo que las neuronas empiecen a activarse en n\u00facleos como jam\u00e1s hab\u00edan hecho. \u00bfCu\u00e1les ser\u00e1n los resultados? Mejorar\u00e1 tu proceso de informaci\u00f3n y aprendizaje<\/p>","protected":false},"excerpt":{"rendered":"<p>Catalina Hoffmann lleva d\u00e9cadas trabajando directamente con cientos de personas, analizando la transformaci\u00f3n de sus procesos mentales a trav\u00e9s de ciertos ejercicios y constatando el impacto positivo que tienen en [&hellip;]<\/p>","protected":false},"featured_media":31176,"comment_status":"open","ping_status":"closed","template":"","meta":{"_acf_changed":false,"give_campaign_id":0,"inline_featured_image":false,"_monsterinsights_skip_tracking":false,"_monsterinsights_sitenote_active":false,"_monsterinsights_sitenote_note":"","_monsterinsights_sitenote_category":0},"product_brand":[],"product_cat":[189,198,108,191],"product_tag":[567],"class_list":{"0":"post-31175","1":"product","2":"type-product","3":"status-publish","4":"has-post-thumbnail","6":"product_cat-amazon","7":"product_cat-audiolibro","8":"product_cat-educacion","9":"product_cat-salud","10":"product_tag-audiolibros","12":"first","13":"instock","14":"shipping-taxable","15":"product-type-external"},"acf":[],"yoast_head":"<!-- This site is optimized with the Yoast SEO Premium plugin v24.2 (Yoast SEO v25.8) - https:\/\/yoast.com\/wordpress\/plugins\/seo\/ -->\n<title>Neurofitness: Descubre lo que tu cerebro puede hacer por ti - OVERGENIUS<\/title>\n<meta name=\"description\" content=\"Neurofitness: Descubre lo que tu cerebro puede hacer por ti. Sea cual sea la edad que tengas, entrenar tu cerebro deber\u00eda formar parte de tu rutina diaria.\" \/>\n<meta name=\"robots\" content=\"index, follow, max-snippet:-1, max-image-preview:large, max-video-preview:-1\" \/>\n<link rel=\"canonical\" href=\"https:\/\/backup.overgenius.com\/en\/product\/neurofitness-descubre-lo-que-tu-cerebro-puede-hacer-por-ti\/\" \/>\n<meta property=\"og:locale\" content=\"en_US\" \/>\n<meta property=\"og:type\" content=\"article\" \/>\n<meta property=\"og:title\" content=\"Neurofitness: Descubre lo que tu cerebro puede hacer por ti\" \/>\n<meta property=\"og:description\" content=\"Neurofitness: Descubre lo que tu cerebro puede hacer por ti. Sea cual sea la edad que tengas, entrenar tu cerebro deber\u00eda formar parte de tu rutina diaria.\" \/>\n<meta property=\"og:url\" content=\"https:\/\/backup.overgenius.com\/en\/product\/neurofitness-descubre-lo-que-tu-cerebro-puede-hacer-por-ti\/\" \/>\n<meta property=\"og:site_name\" content=\"OVERGENIUS\" \/>\n<meta property=\"article:publisher\" content=\"https:\/\/www.facebook.com\/overgeniusteam\/\" \/>\n<meta property=\"article:modified_time\" content=\"2025-10-01T02:54:10+00:00\" \/>\n<meta property=\"og:image\" content=\"https:\/\/backup.overgenius.com\/wp-content\/uploads\/2025\/01\/71bj8cd9UiL._SL1500_.jpg\" \/>\n\t<meta property=\"og:image:width\" content=\"1500\" \/>\n\t<meta property=\"og:image:height\" content=\"1500\" \/>\n\t<meta property=\"og:image:type\" content=\"image\/jpeg\" \/>\n<meta name=\"twitter:card\" content=\"summary_large_image\" \/>\n<meta name=\"twitter:label1\" content=\"Est. reading time\" \/>\n\t<meta name=\"twitter:data1\" content=\"2 minutes\" \/>\n<script type=\"application\/ld+json\" class=\"yoast-schema-graph\">{\"@context\":\"https:\/\/schema.org\",\"@graph\":[{\"@type\":\"WebPage\",\"@id\":\"https:\/\/backup.overgenius.com\/product\/neurofitness-descubre-lo-que-tu-cerebro-puede-hacer-por-ti\/\",\"url\":\"https:\/\/backup.overgenius.com\/product\/neurofitness-descubre-lo-que-tu-cerebro-puede-hacer-por-ti\/\",\"name\":\"Neurofitness: Descubre lo que tu cerebro puede hacer por ti - OVERGENIUS\",\"isPartOf\":{\"@id\":\"https:\/\/backup.overgenius.com\/#website\"},\"primaryImageOfPage\":{\"@id\":\"https:\/\/backup.overgenius.com\/product\/neurofitness-descubre-lo-que-tu-cerebro-puede-hacer-por-ti\/#primaryimage\"},\"image\":{\"@id\":\"https:\/\/backup.overgenius.com\/product\/neurofitness-descubre-lo-que-tu-cerebro-puede-hacer-por-ti\/#primaryimage\"},\"thumbnailUrl\":\"https:\/\/backup.overgenius.com\/wp-content\/uploads\/2025\/01\/71bj8cd9UiL._SL1500_.jpg\",\"datePublished\":\"2025-01-03T01:26:09+00:00\",\"dateModified\":\"2025-10-01T02:54:10+00:00\",\"description\":\"Neurofitness: Descubre lo que tu cerebro puede hacer por ti. Sea cual sea la edad que tengas, entrenar tu cerebro deber\u00eda formar parte de tu rutina diaria.\",\"breadcrumb\":{\"@id\":\"https:\/\/backup.overgenius.com\/product\/neurofitness-descubre-lo-que-tu-cerebro-puede-hacer-por-ti\/#breadcrumb\"},\"inLanguage\":\"en-US\",\"potentialAction\":[{\"@type\":\"ReadAction\",\"target\":[\"https:\/\/backup.overgenius.com\/product\/neurofitness-descubre-lo-que-tu-cerebro-puede-hacer-por-ti\/\"]}]},{\"@type\":\"ImageObject\",\"inLanguage\":\"en-US\",\"@id\":\"https:\/\/backup.overgenius.com\/product\/neurofitness-descubre-lo-que-tu-cerebro-puede-hacer-por-ti\/#primaryimage\",\"url\":\"https:\/\/backup.overgenius.com\/wp-content\/uploads\/2025\/01\/71bj8cd9UiL._SL1500_.jpg\",\"contentUrl\":\"https:\/\/backup.overgenius.com\/wp-content\/uploads\/2025\/01\/71bj8cd9UiL._SL1500_.jpg\",\"width\":1500,\"height\":1500},{\"@type\":\"BreadcrumbList\",\"@id\":\"https:\/\/backup.overgenius.com\/product\/neurofitness-descubre-lo-que-tu-cerebro-puede-hacer-por-ti\/#breadcrumb\",\"itemListElement\":[{\"@type\":\"ListItem\",\"position\":1,\"name\":\"Portada\",\"item\":\"https:\/\/backup.overgenius.com\/\"},{\"@type\":\"ListItem\",\"position\":2,\"name\":\"Tienda ya no\",\"item\":\"https:\/\/backup.overgenius.com\/tienda-ya-no\/\"},{\"@type\":\"ListItem\",\"position\":3,\"name\":\"Neurofitness: Descubre lo que tu cerebro puede hacer por ti\"}]},{\"@type\":\"WebSite\",\"@id\":\"https:\/\/backup.overgenius.com\/#website\",\"url\":\"https:\/\/backup.overgenius.com\/\",\"name\":\"OVERGENIUS\",\"description\":\"Plataforma de aprendizaje y negocios con proyecci\u00f3n internacional\",\"publisher\":{\"@id\":\"https:\/\/backup.overgenius.com\/#organization\"},\"potentialAction\":[{\"@type\":\"SearchAction\",\"target\":{\"@type\":\"EntryPoint\",\"urlTemplate\":\"https:\/\/backup.overgenius.com\/?s={search_term_string}\"},\"query-input\":{\"@type\":\"PropertyValueSpecification\",\"valueRequired\":true,\"valueName\":\"search_term_string\"}}],\"inLanguage\":\"en-US\"},{\"@type\":\"Organization\",\"@id\":\"https:\/\/backup.overgenius.com\/#organization\",\"name\":\"OVERGENIUS\",\"url\":\"https:\/\/backup.overgenius.com\/\",\"logo\":{\"@type\":\"ImageObject\",\"inLanguage\":\"en-US\",\"@id\":\"https:\/\/backup.overgenius.com\/#\/schema\/logo\/image\/\",\"url\":\"https:\/\/backup.overgenius.com\/wp-content\/uploads\/2023\/07\/logotipo_overgenius-1.png\",\"contentUrl\":\"https:\/\/backup.overgenius.com\/wp-content\/uploads\/2023\/07\/logotipo_overgenius-1.png\",\"width\":1172,\"height\":299,\"caption\":\"OVERGENIUS\"},\"image\":{\"@id\":\"https:\/\/backup.overgenius.com\/#\/schema\/logo\/image\/\"},\"sameAs\":[\"https:\/\/www.facebook.com\/overgeniusteam\/\",\"https:\/\/www.youtube.com\/channel\/UC_ihjn8HZh31fI7HxHG4MAg\",\"https:\/\/www.instagram.com\/beovergenius\/\"]}]}<\/script>\n<!-- \/ Yoast SEO Premium plugin. -->","yoast_head_json":{"title":"Neurofitness: Descubre lo que tu cerebro puede hacer por ti - OVERGENIUS","description":"Neurofitness: Descubre lo que tu cerebro puede hacer por ti. Sea cual sea la edad que tengas, entrenar tu cerebro deber\u00eda formar parte de tu rutina diaria.","robots":{"index":"index","follow":"follow","max-snippet":"max-snippet:-1","max-image-preview":"max-image-preview:large","max-video-preview":"max-video-preview:-1"},"canonical":"https:\/\/backup.overgenius.com\/en\/product\/neurofitness-descubre-lo-que-tu-cerebro-puede-hacer-por-ti\/","og_locale":"en_US","og_type":"article","og_title":"Neurofitness: Descubre lo que tu cerebro puede hacer por ti","og_description":"Neurofitness: Descubre lo que tu cerebro puede hacer por ti. Sea cual sea la edad que tengas, entrenar tu cerebro deber\u00eda formar parte de tu rutina diaria.","og_url":"https:\/\/backup.overgenius.com\/en\/product\/neurofitness-descubre-lo-que-tu-cerebro-puede-hacer-por-ti\/","og_site_name":"OVERGENIUS","article_publisher":"https:\/\/www.facebook.com\/overgeniusteam\/","article_modified_time":"2025-10-01T02:54:10+00:00","og_image":[{"width":1500,"height":1500,"url":"https:\/\/backup.overgenius.com\/wp-content\/uploads\/2025\/01\/71bj8cd9UiL._SL1500_.jpg","type":"image\/jpeg"}],"twitter_card":"summary_large_image","twitter_misc":{"Est. reading time":"2 minutes"},"schema":{"@context":"https:\/\/schema.org","@graph":[{"@type":"WebPage","@id":"https:\/\/backup.overgenius.com\/product\/neurofitness-descubre-lo-que-tu-cerebro-puede-hacer-por-ti\/","url":"https:\/\/backup.overgenius.com\/product\/neurofitness-descubre-lo-que-tu-cerebro-puede-hacer-por-ti\/","name":"Neurofitness: Descubre lo que tu cerebro puede hacer por ti - OVERGENIUS","isPartOf":{"@id":"https:\/\/backup.overgenius.com\/#website"},"primaryImageOfPage":{"@id":"https:\/\/backup.overgenius.com\/product\/neurofitness-descubre-lo-que-tu-cerebro-puede-hacer-por-ti\/#primaryimage"},"image":{"@id":"https:\/\/backup.overgenius.com\/product\/neurofitness-descubre-lo-que-tu-cerebro-puede-hacer-por-ti\/#primaryimage"},"thumbnailUrl":"https:\/\/backup.overgenius.com\/wp-content\/uploads\/2025\/01\/71bj8cd9UiL._SL1500_.jpg","datePublished":"2025-01-03T01:26:09+00:00","dateModified":"2025-10-01T02:54:10+00:00","description":"Neurofitness: Descubre lo que tu cerebro puede hacer por ti. Sea cual sea la edad que tengas, entrenar tu cerebro deber\u00eda formar parte de tu rutina diaria.","breadcrumb":{"@id":"https:\/\/backup.overgenius.com\/product\/neurofitness-descubre-lo-que-tu-cerebro-puede-hacer-por-ti\/#breadcrumb"},"inLanguage":"en-US","potentialAction":[{"@type":"ReadAction","target":["https:\/\/backup.overgenius.com\/product\/neurofitness-descubre-lo-que-tu-cerebro-puede-hacer-por-ti\/"]}]},{"@type":"ImageObject","inLanguage":"en-US","@id":"https:\/\/backup.overgenius.com\/product\/neurofitness-descubre-lo-que-tu-cerebro-puede-hacer-por-ti\/#primaryimage","url":"https:\/\/backup.overgenius.com\/wp-content\/uploads\/2025\/01\/71bj8cd9UiL._SL1500_.jpg","contentUrl":"https:\/\/backup.overgenius.com\/wp-content\/uploads\/2025\/01\/71bj8cd9UiL._SL1500_.jpg","width":1500,"height":1500},{"@type":"BreadcrumbList","@id":"https:\/\/backup.overgenius.com\/product\/neurofitness-descubre-lo-que-tu-cerebro-puede-hacer-por-ti\/#breadcrumb","itemListElement":[{"@type":"ListItem","position":1,"name":"Portada","item":"https:\/\/backup.overgenius.com\/"},{"@type":"ListItem","position":2,"name":"Tienda ya no","item":"https:\/\/backup.overgenius.com\/tienda-ya-no\/"},{"@type":"ListItem","position":3,"name":"Neurofitness: Descubre lo que tu cerebro puede hacer por ti"}]},{"@type":"WebSite","@id":"https:\/\/backup.overgenius.com\/#website","url":"https:\/\/backup.overgenius.com\/","name":"OVERGENIUS","description":"Plataforma de aprendizaje y negocios con proyecci\u00f3n internacional","publisher":{"@id":"https:\/\/backup.overgenius.com\/#organization"},"potentialAction":[{"@type":"SearchAction","target":{"@type":"EntryPoint","urlTemplate":"https:\/\/backup.overgenius.com\/?s={search_term_string}"},"query-input":{"@type":"PropertyValueSpecification","valueRequired":true,"valueName":"search_term_string"}}],"inLanguage":"en-US"},{"@type":"Organization","@id":"https:\/\/backup.overgenius.com\/#organization","name":"OVERGENIUS","url":"https:\/\/backup.overgenius.com\/","logo":{"@type":"ImageObject","inLanguage":"en-US","@id":"https:\/\/backup.overgenius.com\/#\/schema\/logo\/image\/","url":"https:\/\/backup.overgenius.com\/wp-content\/uploads\/2023\/07\/logotipo_overgenius-1.png","contentUrl":"https:\/\/backup.overgenius.com\/wp-content\/uploads\/2023\/07\/logotipo_overgenius-1.png","width":1172,"height":299,"caption":"OVERGENIUS"},"image":{"@id":"https:\/\/backup.overgenius.com\/#\/schema\/logo\/image\/"},"sameAs":["https:\/\/www.facebook.com\/overgeniusteam\/","https:\/\/www.youtube.com\/channel\/UC_ihjn8HZh31fI7HxHG4MAg","https:\/\/www.instagram.com\/beovergenius\/"]}]}},"_links":{"self":[{"href":"https:\/\/backup.overgenius.com\/en\/wp-json\/wp\/v2\/product\/31175","targetHints":{"allow":["GET"]}}],"collection":[{"href":"https:\/\/backup.overgenius.com\/en\/wp-json\/wp\/v2\/product"}],"about":[{"href":"https:\/\/backup.overgenius.com\/en\/wp-json\/wp\/v2\/types\/product"}],"replies":[{"embeddable":true,"href":"https:\/\/backup.overgenius.com\/en\/wp-json\/wp\/v2\/comments?post=31175"}],"wp:featuredmedia":[{"embeddable":true,"href":"https:\/\/backup.overgenius.com\/en\/wp-json\/wp\/v2\/media\/31176"}],"wp:attachment":[{"href":"https:\/\/backup.overgenius.com\/en\/wp-json\/wp\/v2\/media?parent=31175"}],"wp:term":[{"taxonomy":"product_brand","embeddable":true,"href":"https:\/\/backup.overgenius.com\/en\/wp-json\/wp\/v2\/product_brand?post=31175"},{"taxonomy":"product_cat","embeddable":true,"href":"https:\/\/backup.overgenius.com\/en\/wp-json\/wp\/v2\/product_cat?post=31175"},{"taxonomy":"product_tag","embeddable":true,"href":"https:\/\/backup.overgenius.com\/en\/wp-json\/wp\/v2\/product_tag?post=31175"}],"curies":[{"name":"wp","href":"https:\/\/api.w.org\/{rel}","templated":true}]}}