{"id":31179,"date":"2025-01-03T01:38:54","date_gmt":"2025-01-03T01:38:54","guid":{"rendered":"https:\/\/backup.overgenius.com\/?post_type=product&#038;p=31179"},"modified":"2025-10-01T01:23:56","modified_gmt":"2025-10-01T01:23:56","slug":"montessori-en-casa-el-cambio-empieza-en-tu-familia","status":"publish","type":"product","link":"https:\/\/backup.overgenius.com\/en\/product\/montessori-en-casa-el-cambio-empieza-en-tu-familia\/","title":{"rendered":"Montessori en casa: El cambio empieza en tu familia"},"content":{"rendered":"<p>Llega el momento de elegir el mejor camino en la educaci\u00f3n de nuestros hijos, \u00bfqu\u00e9 hacer? Ante una pregunta tan importante, el m\u00e9todo Montessori ofrece mucho m\u00e1s que un sistema pedag\u00f3gico tradicional. Montessori es un estilo de vida y una forma de ense\u00f1anza que busca respetar los ritmos de aprendizaje de cada ni\u00f1o, y que centra su visi\u00f3n en el desarrollo integral del ser humano desde el nacimiento.<\/p>\n<p>El m\u00e9todo Montessori, una de las tendencias m\u00e1s importantes en la actualidad en educaci\u00f3n, ayuda a desarrollar ni\u00f1os aut\u00f3nomos, independientes, responsables y capaces de pensar por s\u00ed mismos. El objetivo principal de esta corriente educativa es, por lo tanto, permitir que cada ni\u00f1o pueda convertirse en la mejor persona que puede ser.<\/p>\n<p>Con este libro descubrir\u00e1s la mejor forma de estimular el potencial de los ni\u00f1os y de los padres, tanto en la escuela como en casa, as\u00ed como las pautas, los planes de acci\u00f3n y los mapas de ruta necesarios para integrar este enfoque en la educaci\u00f3n de nuestros hijos. Porque, como explica la autora, experta en este sistema pedag\u00f3gico y con miles de seguidores en las redes sociales, si confiamos en las inmensas capacidades de nuestros hijos, elegiremos sin duda el mejor de los caminos.<\/p>","protected":false},"excerpt":{"rendered":"<p>Llega el momento de elegir el mejor camino en la educaci\u00f3n de nuestros hijos, \u00bfqu\u00e9 hacer? Ante una pregunta tan importante, el m\u00e9todo Montessori ofrece mucho m\u00e1s que un sistema [&hellip;]<\/p>","protected":false},"featured_media":31180,"comment_status":"open","ping_status":"closed","template":"","meta":{"_acf_changed":false,"give_campaign_id":0,"inline_featured_image":false,"_monsterinsights_skip_tracking":false,"_monsterinsights_sitenote_active":false,"_monsterinsights_sitenote_note":"","_monsterinsights_sitenote_category":0},"product_brand":[],"product_cat":[189,198,108],"product_tag":[567],"class_list":{"0":"post-31179","1":"product","2":"type-product","3":"status-publish","4":"has-post-thumbnail","6":"product_cat-amazon","7":"product_cat-audiolibro","8":"product_cat-educacion","9":"product_tag-audiolibros","11":"first","12":"instock","13":"shipping-taxable","14":"product-type-external"},"acf":[],"yoast_head":"<!-- This site is optimized with the Yoast SEO Premium plugin v24.2 (Yoast SEO v25.8) - https:\/\/yoast.com\/wordpress\/plugins\/seo\/ -->\n<title>Montessori en casa: El cambio empieza en tu familia - OVERGENIUS<\/title>\n<meta name=\"description\" content=\"Montessori en casa: El cambio empieza en tu familia, ayuda a desarrollar ni\u00f1os aut\u00f3nomos, independientes, responsables y capaces de pensar por s\u00ed mismos\" \/>\n<meta name=\"robots\" content=\"index, follow, max-snippet:-1, max-image-preview:large, max-video-preview:-1\" \/>\n<link rel=\"canonical\" href=\"https:\/\/backup.overgenius.com\/en\/product\/montessori-en-casa-el-cambio-empieza-en-tu-familia\/\" \/>\n<meta property=\"og:locale\" content=\"en_US\" \/>\n<meta property=\"og:type\" content=\"article\" \/>\n<meta property=\"og:title\" content=\"Montessori en casa: El cambio empieza en tu familia\" \/>\n<meta property=\"og:description\" content=\"Montessori en casa: El cambio empieza en tu familia, ayuda a desarrollar ni\u00f1os aut\u00f3nomos, independientes, responsables y capaces de pensar por s\u00ed mismos\" \/>\n<meta property=\"og:url\" content=\"https:\/\/backup.overgenius.com\/en\/product\/montessori-en-casa-el-cambio-empieza-en-tu-familia\/\" \/>\n<meta property=\"og:site_name\" content=\"OVERGENIUS\" \/>\n<meta property=\"article:publisher\" content=\"https:\/\/www.facebook.com\/overgeniusteam\/\" \/>\n<meta property=\"article:modified_time\" content=\"2025-10-01T01:23:56+00:00\" \/>\n<meta property=\"og:image\" content=\"https:\/\/backup.overgenius.com\/wp-content\/uploads\/2025\/01\/81kz4693ZtL._SL1500_.jpg\" \/>\n\t<meta property=\"og:image:width\" content=\"1500\" \/>\n\t<meta property=\"og:image:height\" content=\"1500\" \/>\n\t<meta property=\"og:image:type\" content=\"image\/jpeg\" \/>\n<meta name=\"twitter:card\" content=\"summary_large_image\" \/>\n<meta name=\"twitter:label1\" content=\"Est. reading time\" \/>\n\t<meta name=\"twitter:data1\" content=\"2 minutes\" \/>\n<script type=\"application\/ld+json\" class=\"yoast-schema-graph\">{\"@context\":\"https:\/\/schema.org\",\"@graph\":[{\"@type\":\"WebPage\",\"@id\":\"https:\/\/backup.overgenius.com\/product\/montessori-en-casa-el-cambio-empieza-en-tu-familia\/\",\"url\":\"https:\/\/backup.overgenius.com\/product\/montessori-en-casa-el-cambio-empieza-en-tu-familia\/\",\"name\":\"Montessori en casa: El cambio empieza en tu familia - OVERGENIUS\",\"isPartOf\":{\"@id\":\"https:\/\/backup.overgenius.com\/#website\"},\"primaryImageOfPage\":{\"@id\":\"https:\/\/backup.overgenius.com\/product\/montessori-en-casa-el-cambio-empieza-en-tu-familia\/#primaryimage\"},\"image\":{\"@id\":\"https:\/\/backup.overgenius.com\/product\/montessori-en-casa-el-cambio-empieza-en-tu-familia\/#primaryimage\"},\"thumbnailUrl\":\"https:\/\/backup.overgenius.com\/wp-content\/uploads\/2025\/01\/81kz4693ZtL._SL1500_.jpg\",\"datePublished\":\"2025-01-03T01:38:54+00:00\",\"dateModified\":\"2025-10-01T01:23:56+00:00\",\"description\":\"Montessori en casa: El cambio empieza en tu familia, ayuda a desarrollar ni\u00f1os aut\u00f3nomos, independientes, responsables y capaces de pensar por s\u00ed mismos\",\"breadcrumb\":{\"@id\":\"https:\/\/backup.overgenius.com\/product\/montessori-en-casa-el-cambio-empieza-en-tu-familia\/#breadcrumb\"},\"inLanguage\":\"en-US\",\"potentialAction\":[{\"@type\":\"ReadAction\",\"target\":[\"https:\/\/backup.overgenius.com\/product\/montessori-en-casa-el-cambio-empieza-en-tu-familia\/\"]}]},{\"@type\":\"ImageObject\",\"inLanguage\":\"en-US\",\"@id\":\"https:\/\/backup.overgenius.com\/product\/montessori-en-casa-el-cambio-empieza-en-tu-familia\/#primaryimage\",\"url\":\"https:\/\/backup.overgenius.com\/wp-content\/uploads\/2025\/01\/81kz4693ZtL._SL1500_.jpg\",\"contentUrl\":\"https:\/\/backup.overgenius.com\/wp-content\/uploads\/2025\/01\/81kz4693ZtL._SL1500_.jpg\",\"width\":1500,\"height\":1500},{\"@type\":\"BreadcrumbList\",\"@id\":\"https:\/\/backup.overgenius.com\/product\/montessori-en-casa-el-cambio-empieza-en-tu-familia\/#breadcrumb\",\"itemListElement\":[{\"@type\":\"ListItem\",\"position\":1,\"name\":\"Portada\",\"item\":\"https:\/\/backup.overgenius.com\/\"},{\"@type\":\"ListItem\",\"position\":2,\"name\":\"Tienda ya no\",\"item\":\"https:\/\/backup.overgenius.com\/tienda-ya-no\/\"},{\"@type\":\"ListItem\",\"position\":3,\"name\":\"Montessori en casa: El cambio empieza en tu familia\"}]},{\"@type\":\"WebSite\",\"@id\":\"https:\/\/backup.overgenius.com\/#website\",\"url\":\"https:\/\/backup.overgenius.com\/\",\"name\":\"OVERGENIUS\",\"description\":\"Plataforma de aprendizaje y negocios con proyecci\u00f3n internacional\",\"publisher\":{\"@id\":\"https:\/\/backup.overgenius.com\/#organization\"},\"potentialAction\":[{\"@type\":\"SearchAction\",\"target\":{\"@type\":\"EntryPoint\",\"urlTemplate\":\"https:\/\/backup.overgenius.com\/?s={search_term_string}\"},\"query-input\":{\"@type\":\"PropertyValueSpecification\",\"valueRequired\":true,\"valueName\":\"search_term_string\"}}],\"inLanguage\":\"en-US\"},{\"@type\":\"Organization\",\"@id\":\"https:\/\/backup.overgenius.com\/#organization\",\"name\":\"OVERGENIUS\",\"url\":\"https:\/\/backup.overgenius.com\/\",\"logo\":{\"@type\":\"ImageObject\",\"inLanguage\":\"en-US\",\"@id\":\"https:\/\/backup.overgenius.com\/#\/schema\/logo\/image\/\",\"url\":\"https:\/\/backup.overgenius.com\/wp-content\/uploads\/2023\/07\/logotipo_overgenius-1.png\",\"contentUrl\":\"https:\/\/backup.overgenius.com\/wp-content\/uploads\/2023\/07\/logotipo_overgenius-1.png\",\"width\":1172,\"height\":299,\"caption\":\"OVERGENIUS\"},\"image\":{\"@id\":\"https:\/\/backup.overgenius.com\/#\/schema\/logo\/image\/\"},\"sameAs\":[\"https:\/\/www.facebook.com\/overgeniusteam\/\",\"https:\/\/www.youtube.com\/channel\/UC_ihjn8HZh31fI7HxHG4MAg\",\"https:\/\/www.instagram.com\/beovergenius\/\"]}]}<\/script>\n<!-- \/ Yoast SEO Premium plugin. -->","yoast_head_json":{"title":"Montessori en casa: El cambio empieza en tu familia - OVERGENIUS","description":"Montessori en casa: El cambio empieza en tu familia, ayuda a desarrollar ni\u00f1os aut\u00f3nomos, independientes, responsables y capaces de pensar por s\u00ed mismos","robots":{"index":"index","follow":"follow","max-snippet":"max-snippet:-1","max-image-preview":"max-image-preview:large","max-video-preview":"max-video-preview:-1"},"canonical":"https:\/\/backup.overgenius.com\/en\/product\/montessori-en-casa-el-cambio-empieza-en-tu-familia\/","og_locale":"en_US","og_type":"article","og_title":"Montessori en casa: El cambio empieza en tu familia","og_description":"Montessori en casa: El cambio empieza en tu familia, ayuda a desarrollar ni\u00f1os aut\u00f3nomos, independientes, responsables y capaces de pensar por s\u00ed mismos","og_url":"https:\/\/backup.overgenius.com\/en\/product\/montessori-en-casa-el-cambio-empieza-en-tu-familia\/","og_site_name":"OVERGENIUS","article_publisher":"https:\/\/www.facebook.com\/overgeniusteam\/","article_modified_time":"2025-10-01T01:23:56+00:00","og_image":[{"width":1500,"height":1500,"url":"https:\/\/backup.overgenius.com\/wp-content\/uploads\/2025\/01\/81kz4693ZtL._SL1500_.jpg","type":"image\/jpeg"}],"twitter_card":"summary_large_image","twitter_misc":{"Est. reading time":"2 minutes"},"schema":{"@context":"https:\/\/schema.org","@graph":[{"@type":"WebPage","@id":"https:\/\/backup.overgenius.com\/product\/montessori-en-casa-el-cambio-empieza-en-tu-familia\/","url":"https:\/\/backup.overgenius.com\/product\/montessori-en-casa-el-cambio-empieza-en-tu-familia\/","name":"Montessori en casa: El cambio empieza en tu familia - OVERGENIUS","isPartOf":{"@id":"https:\/\/backup.overgenius.com\/#website"},"primaryImageOfPage":{"@id":"https:\/\/backup.overgenius.com\/product\/montessori-en-casa-el-cambio-empieza-en-tu-familia\/#primaryimage"},"image":{"@id":"https:\/\/backup.overgenius.com\/product\/montessori-en-casa-el-cambio-empieza-en-tu-familia\/#primaryimage"},"thumbnailUrl":"https:\/\/backup.overgenius.com\/wp-content\/uploads\/2025\/01\/81kz4693ZtL._SL1500_.jpg","datePublished":"2025-01-03T01:38:54+00:00","dateModified":"2025-10-01T01:23:56+00:00","description":"Montessori en casa: El cambio empieza en tu familia, ayuda a desarrollar ni\u00f1os aut\u00f3nomos, independientes, responsables y capaces de pensar por s\u00ed mismos","breadcrumb":{"@id":"https:\/\/backup.overgenius.com\/product\/montessori-en-casa-el-cambio-empieza-en-tu-familia\/#breadcrumb"},"inLanguage":"en-US","potentialAction":[{"@type":"ReadAction","target":["https:\/\/backup.overgenius.com\/product\/montessori-en-casa-el-cambio-empieza-en-tu-familia\/"]}]},{"@type":"ImageObject","inLanguage":"en-US","@id":"https:\/\/backup.overgenius.com\/product\/montessori-en-casa-el-cambio-empieza-en-tu-familia\/#primaryimage","url":"https:\/\/backup.overgenius.com\/wp-content\/uploads\/2025\/01\/81kz4693ZtL._SL1500_.jpg","contentUrl":"https:\/\/backup.overgenius.com\/wp-content\/uploads\/2025\/01\/81kz4693ZtL._SL1500_.jpg","width":1500,"height":1500},{"@type":"BreadcrumbList","@id":"https:\/\/backup.overgenius.com\/product\/montessori-en-casa-el-cambio-empieza-en-tu-familia\/#breadcrumb","itemListElement":[{"@type":"ListItem","position":1,"name":"Portada","item":"https:\/\/backup.overgenius.com\/"},{"@type":"ListItem","position":2,"name":"Tienda ya no","item":"https:\/\/backup.overgenius.com\/tienda-ya-no\/"},{"@type":"ListItem","position":3,"name":"Montessori en casa: El cambio empieza en tu familia"}]},{"@type":"WebSite","@id":"https:\/\/backup.overgenius.com\/#website","url":"https:\/\/backup.overgenius.com\/","name":"OVERGENIUS","description":"Plataforma de aprendizaje y negocios con proyecci\u00f3n internacional","publisher":{"@id":"https:\/\/backup.overgenius.com\/#organization"},"potentialAction":[{"@type":"SearchAction","target":{"@type":"EntryPoint","urlTemplate":"https:\/\/backup.overgenius.com\/?s={search_term_string}"},"query-input":{"@type":"PropertyValueSpecification","valueRequired":true,"valueName":"search_term_string"}}],"inLanguage":"en-US"},{"@type":"Organization","@id":"https:\/\/backup.overgenius.com\/#organization","name":"OVERGENIUS","url":"https:\/\/backup.overgenius.com\/","logo":{"@type":"ImageObject","inLanguage":"en-US","@id":"https:\/\/backup.overgenius.com\/#\/schema\/logo\/image\/","url":"https:\/\/backup.overgenius.com\/wp-content\/uploads\/2023\/07\/logotipo_overgenius-1.png","contentUrl":"https:\/\/backup.overgenius.com\/wp-content\/uploads\/2023\/07\/logotipo_overgenius-1.png","width":1172,"height":299,"caption":"OVERGENIUS"},"image":{"@id":"https:\/\/backup.overgenius.com\/#\/schema\/logo\/image\/"},"sameAs":["https:\/\/www.facebook.com\/overgeniusteam\/","https:\/\/www.youtube.com\/channel\/UC_ihjn8HZh31fI7HxHG4MAg","https:\/\/www.instagram.com\/beovergenius\/"]}]}},"_links":{"self":[{"href":"https:\/\/backup.overgenius.com\/en\/wp-json\/wp\/v2\/product\/31179","targetHints":{"allow":["GET"]}}],"collection":[{"href":"https:\/\/backup.overgenius.com\/en\/wp-json\/wp\/v2\/product"}],"about":[{"href":"https:\/\/backup.overgenius.com\/en\/wp-json\/wp\/v2\/types\/product"}],"replies":[{"embeddable":true,"href":"https:\/\/backup.overgenius.com\/en\/wp-json\/wp\/v2\/comments?post=31179"}],"wp:featuredmedia":[{"embeddable":true,"href":"https:\/\/backup.overgenius.com\/en\/wp-json\/wp\/v2\/media\/31180"}],"wp:attachment":[{"href":"https:\/\/backup.overgenius.com\/en\/wp-json\/wp\/v2\/media?parent=31179"}],"wp:term":[{"taxonomy":"product_brand","embeddable":true,"href":"https:\/\/backup.overgenius.com\/en\/wp-json\/wp\/v2\/product_brand?post=31179"},{"taxonomy":"product_cat","embeddable":true,"href":"https:\/\/backup.overgenius.com\/en\/wp-json\/wp\/v2\/product_cat?post=31179"},{"taxonomy":"product_tag","embeddable":true,"href":"https:\/\/backup.overgenius.com\/en\/wp-json\/wp\/v2\/product_tag?post=31179"}],"curies":[{"name":"wp","href":"https:\/\/api.w.org\/{rel}","templated":true}]}}