{"id":31185,"date":"2025-01-03T01:42:18","date_gmt":"2025-01-03T01:42:18","guid":{"rendered":"https:\/\/backup.overgenius.com\/?post_type=product&#038;p=31185"},"modified":"2025-10-01T01:19:55","modified_gmt":"2025-10-01T01:19:55","slug":"cuentos-montessori-para-crecer-felices","status":"publish","type":"product","link":"https:\/\/backup.overgenius.com\/en\/product\/cuentos-montessori-para-crecer-felices\/","title":{"rendered":"Cuentos Montessori para crecer felices"},"content":{"rendered":"<p><span class=\"a-text-bold\">El libro de cuentos Montessori de Marta Prada, autora del blog <\/span><span class=\"a-text-bold a-text-italic\">Pequefelicidad<\/span><span class=\"a-text-bold\">.<\/span><\/p>\n<p>Como familia, la crianza nos presenta nuevos retos cada d\u00eda: el sue\u00f1o, el pa\u00f1al, la llegada de un nuevo hermano, las frustraciones, los miedos&#8230; \u00bfQu\u00e9 mejor manera de afrontarlos que desde el respeto, la empat\u00eda y la conciencia?<\/p>\n<p>Con cuentos para los ni\u00f1os y explicaciones para los padres, este precioso libro de la autora del conocido blog <span class=\"a-text-italic\">Pequefelicidad<\/span> os ayudar\u00e1 a crecer juntos a partir de las ense\u00f1anzas de la filosof\u00eda Montessori y la crianza respetuosa.<\/p>\n<p>Cada cap\u00edtulo incluye una breve introducci\u00f3n te\u00f3rica y un cuento para escuchar con los m\u00e1s peque\u00f1os.<\/p>\n<p>Incluye los temas: el sue\u00f1o, la rabia, la autonom\u00eda, el pa\u00f1al, la frustraci\u00f3n, la gracia y cortes\u00eda, la angustia ante la separaci\u00f3n, la alimentaci\u00f3n, los conflictos y las peleas, el miedo, el nerviosismo, los hermanos, la p\u00e9rdida y los errores.<\/p>","protected":false},"excerpt":{"rendered":"<p>El libro de cuentos Montessori de Marta Prada, autora del blog Pequefelicidad. Como familia, la crianza nos presenta nuevos retos cada d\u00eda: el sue\u00f1o, el pa\u00f1al, la llegada de un [&hellip;]<\/p>","protected":false},"featured_media":31186,"comment_status":"open","ping_status":"closed","template":"","meta":{"_acf_changed":false,"give_campaign_id":0,"inline_featured_image":false,"_monsterinsights_skip_tracking":false,"_monsterinsights_sitenote_active":false,"_monsterinsights_sitenote_note":"","_monsterinsights_sitenote_category":0},"product_brand":[],"product_cat":[189,198,108],"product_tag":[567],"class_list":{"0":"post-31185","1":"product","2":"type-product","3":"status-publish","4":"has-post-thumbnail","6":"product_cat-amazon","7":"product_cat-audiolibro","8":"product_cat-educacion","9":"product_tag-audiolibros","11":"first","12":"instock","13":"shipping-taxable","14":"product-type-external"},"acf":[],"yoast_head":"<!-- This site is optimized with the Yoast SEO Premium plugin v24.2 (Yoast SEO v25.8) - https:\/\/yoast.com\/wordpress\/plugins\/seo\/ -->\n<title>Cuentos Montessori para crecer felices - OVERGENIUS<\/title>\n<meta name=\"description\" content=\"Cuentos Montessori para crecer felices, Cada cap\u00edtulo incluye una breve introducci\u00f3n te\u00f3rica y un cuento para escuchar con los m\u00e1s peque\u00f1os.\" \/>\n<meta name=\"robots\" content=\"index, follow, max-snippet:-1, max-image-preview:large, max-video-preview:-1\" \/>\n<link rel=\"canonical\" href=\"https:\/\/backup.overgenius.com\/en\/product\/cuentos-montessori-para-crecer-felices\/\" \/>\n<meta property=\"og:locale\" content=\"en_US\" \/>\n<meta property=\"og:type\" content=\"article\" \/>\n<meta property=\"og:title\" content=\"Cuentos Montessori para crecer felices\" \/>\n<meta property=\"og:description\" content=\"Cuentos Montessori para crecer felices, Cada cap\u00edtulo incluye una breve introducci\u00f3n te\u00f3rica y un cuento para escuchar con los m\u00e1s peque\u00f1os.\" \/>\n<meta property=\"og:url\" content=\"https:\/\/backup.overgenius.com\/en\/product\/cuentos-montessori-para-crecer-felices\/\" \/>\n<meta property=\"og:site_name\" content=\"OVERGENIUS\" \/>\n<meta property=\"article:publisher\" content=\"https:\/\/www.facebook.com\/overgeniusteam\/\" \/>\n<meta property=\"article:modified_time\" content=\"2025-10-01T01:19:55+00:00\" \/>\n<meta property=\"og:image\" content=\"https:\/\/backup.overgenius.com\/wp-content\/uploads\/2025\/01\/81coU2kHaOL._SL1500_.jpg\" \/>\n\t<meta property=\"og:image:width\" content=\"1500\" \/>\n\t<meta property=\"og:image:height\" content=\"1500\" \/>\n\t<meta property=\"og:image:type\" content=\"image\/jpeg\" \/>\n<meta name=\"twitter:card\" content=\"summary_large_image\" \/>\n<meta name=\"twitter:label1\" content=\"Est. reading time\" \/>\n\t<meta name=\"twitter:data1\" content=\"1 minute\" \/>\n<script type=\"application\/ld+json\" class=\"yoast-schema-graph\">{\"@context\":\"https:\/\/schema.org\",\"@graph\":[{\"@type\":\"WebPage\",\"@id\":\"https:\/\/backup.overgenius.com\/product\/cuentos-montessori-para-crecer-felices\/\",\"url\":\"https:\/\/backup.overgenius.com\/product\/cuentos-montessori-para-crecer-felices\/\",\"name\":\"Cuentos Montessori para crecer felices - OVERGENIUS\",\"isPartOf\":{\"@id\":\"https:\/\/backup.overgenius.com\/#website\"},\"primaryImageOfPage\":{\"@id\":\"https:\/\/backup.overgenius.com\/product\/cuentos-montessori-para-crecer-felices\/#primaryimage\"},\"image\":{\"@id\":\"https:\/\/backup.overgenius.com\/product\/cuentos-montessori-para-crecer-felices\/#primaryimage\"},\"thumbnailUrl\":\"https:\/\/backup.overgenius.com\/wp-content\/uploads\/2025\/01\/81coU2kHaOL._SL1500_.jpg\",\"datePublished\":\"2025-01-03T01:42:18+00:00\",\"dateModified\":\"2025-10-01T01:19:55+00:00\",\"description\":\"Cuentos Montessori para crecer felices, Cada cap\u00edtulo incluye una breve introducci\u00f3n te\u00f3rica y un cuento para escuchar con los m\u00e1s peque\u00f1os.\",\"breadcrumb\":{\"@id\":\"https:\/\/backup.overgenius.com\/product\/cuentos-montessori-para-crecer-felices\/#breadcrumb\"},\"inLanguage\":\"en-US\",\"potentialAction\":[{\"@type\":\"ReadAction\",\"target\":[\"https:\/\/backup.overgenius.com\/product\/cuentos-montessori-para-crecer-felices\/\"]}]},{\"@type\":\"ImageObject\",\"inLanguage\":\"en-US\",\"@id\":\"https:\/\/backup.overgenius.com\/product\/cuentos-montessori-para-crecer-felices\/#primaryimage\",\"url\":\"https:\/\/backup.overgenius.com\/wp-content\/uploads\/2025\/01\/81coU2kHaOL._SL1500_.jpg\",\"contentUrl\":\"https:\/\/backup.overgenius.com\/wp-content\/uploads\/2025\/01\/81coU2kHaOL._SL1500_.jpg\",\"width\":1500,\"height\":1500},{\"@type\":\"BreadcrumbList\",\"@id\":\"https:\/\/backup.overgenius.com\/product\/cuentos-montessori-para-crecer-felices\/#breadcrumb\",\"itemListElement\":[{\"@type\":\"ListItem\",\"position\":1,\"name\":\"Portada\",\"item\":\"https:\/\/backup.overgenius.com\/\"},{\"@type\":\"ListItem\",\"position\":2,\"name\":\"Tienda ya no\",\"item\":\"https:\/\/backup.overgenius.com\/tienda-ya-no\/\"},{\"@type\":\"ListItem\",\"position\":3,\"name\":\"Cuentos Montessori para crecer felices\"}]},{\"@type\":\"WebSite\",\"@id\":\"https:\/\/backup.overgenius.com\/#website\",\"url\":\"https:\/\/backup.overgenius.com\/\",\"name\":\"OVERGENIUS\",\"description\":\"Plataforma de aprendizaje y negocios con proyecci\u00f3n internacional\",\"publisher\":{\"@id\":\"https:\/\/backup.overgenius.com\/#organization\"},\"potentialAction\":[{\"@type\":\"SearchAction\",\"target\":{\"@type\":\"EntryPoint\",\"urlTemplate\":\"https:\/\/backup.overgenius.com\/?s={search_term_string}\"},\"query-input\":{\"@type\":\"PropertyValueSpecification\",\"valueRequired\":true,\"valueName\":\"search_term_string\"}}],\"inLanguage\":\"en-US\"},{\"@type\":\"Organization\",\"@id\":\"https:\/\/backup.overgenius.com\/#organization\",\"name\":\"OVERGENIUS\",\"url\":\"https:\/\/backup.overgenius.com\/\",\"logo\":{\"@type\":\"ImageObject\",\"inLanguage\":\"en-US\",\"@id\":\"https:\/\/backup.overgenius.com\/#\/schema\/logo\/image\/\",\"url\":\"https:\/\/backup.overgenius.com\/wp-content\/uploads\/2023\/07\/logotipo_overgenius-1.png\",\"contentUrl\":\"https:\/\/backup.overgenius.com\/wp-content\/uploads\/2023\/07\/logotipo_overgenius-1.png\",\"width\":1172,\"height\":299,\"caption\":\"OVERGENIUS\"},\"image\":{\"@id\":\"https:\/\/backup.overgenius.com\/#\/schema\/logo\/image\/\"},\"sameAs\":[\"https:\/\/www.facebook.com\/overgeniusteam\/\",\"https:\/\/www.youtube.com\/channel\/UC_ihjn8HZh31fI7HxHG4MAg\",\"https:\/\/www.instagram.com\/beovergenius\/\"]}]}<\/script>\n<!-- \/ Yoast SEO Premium plugin. -->","yoast_head_json":{"title":"Cuentos Montessori para crecer felices - OVERGENIUS","description":"Cuentos Montessori para crecer felices, Cada cap\u00edtulo incluye una breve introducci\u00f3n te\u00f3rica y un cuento para escuchar con los m\u00e1s peque\u00f1os.","robots":{"index":"index","follow":"follow","max-snippet":"max-snippet:-1","max-image-preview":"max-image-preview:large","max-video-preview":"max-video-preview:-1"},"canonical":"https:\/\/backup.overgenius.com\/en\/product\/cuentos-montessori-para-crecer-felices\/","og_locale":"en_US","og_type":"article","og_title":"Cuentos Montessori para crecer felices","og_description":"Cuentos Montessori para crecer felices, Cada cap\u00edtulo incluye una breve introducci\u00f3n te\u00f3rica y un cuento para escuchar con los m\u00e1s peque\u00f1os.","og_url":"https:\/\/backup.overgenius.com\/en\/product\/cuentos-montessori-para-crecer-felices\/","og_site_name":"OVERGENIUS","article_publisher":"https:\/\/www.facebook.com\/overgeniusteam\/","article_modified_time":"2025-10-01T01:19:55+00:00","og_image":[{"width":1500,"height":1500,"url":"https:\/\/backup.overgenius.com\/wp-content\/uploads\/2025\/01\/81coU2kHaOL._SL1500_.jpg","type":"image\/jpeg"}],"twitter_card":"summary_large_image","twitter_misc":{"Est. reading time":"1 minute"},"schema":{"@context":"https:\/\/schema.org","@graph":[{"@type":"WebPage","@id":"https:\/\/backup.overgenius.com\/product\/cuentos-montessori-para-crecer-felices\/","url":"https:\/\/backup.overgenius.com\/product\/cuentos-montessori-para-crecer-felices\/","name":"Cuentos Montessori para crecer felices - OVERGENIUS","isPartOf":{"@id":"https:\/\/backup.overgenius.com\/#website"},"primaryImageOfPage":{"@id":"https:\/\/backup.overgenius.com\/product\/cuentos-montessori-para-crecer-felices\/#primaryimage"},"image":{"@id":"https:\/\/backup.overgenius.com\/product\/cuentos-montessori-para-crecer-felices\/#primaryimage"},"thumbnailUrl":"https:\/\/backup.overgenius.com\/wp-content\/uploads\/2025\/01\/81coU2kHaOL._SL1500_.jpg","datePublished":"2025-01-03T01:42:18+00:00","dateModified":"2025-10-01T01:19:55+00:00","description":"Cuentos Montessori para crecer felices, Cada cap\u00edtulo incluye una breve introducci\u00f3n te\u00f3rica y un cuento para escuchar con los m\u00e1s peque\u00f1os.","breadcrumb":{"@id":"https:\/\/backup.overgenius.com\/product\/cuentos-montessori-para-crecer-felices\/#breadcrumb"},"inLanguage":"en-US","potentialAction":[{"@type":"ReadAction","target":["https:\/\/backup.overgenius.com\/product\/cuentos-montessori-para-crecer-felices\/"]}]},{"@type":"ImageObject","inLanguage":"en-US","@id":"https:\/\/backup.overgenius.com\/product\/cuentos-montessori-para-crecer-felices\/#primaryimage","url":"https:\/\/backup.overgenius.com\/wp-content\/uploads\/2025\/01\/81coU2kHaOL._SL1500_.jpg","contentUrl":"https:\/\/backup.overgenius.com\/wp-content\/uploads\/2025\/01\/81coU2kHaOL._SL1500_.jpg","width":1500,"height":1500},{"@type":"BreadcrumbList","@id":"https:\/\/backup.overgenius.com\/product\/cuentos-montessori-para-crecer-felices\/#breadcrumb","itemListElement":[{"@type":"ListItem","position":1,"name":"Portada","item":"https:\/\/backup.overgenius.com\/"},{"@type":"ListItem","position":2,"name":"Tienda ya no","item":"https:\/\/backup.overgenius.com\/tienda-ya-no\/"},{"@type":"ListItem","position":3,"name":"Cuentos Montessori para crecer felices"}]},{"@type":"WebSite","@id":"https:\/\/backup.overgenius.com\/#website","url":"https:\/\/backup.overgenius.com\/","name":"OVERGENIUS","description":"Plataforma de aprendizaje y negocios con proyecci\u00f3n internacional","publisher":{"@id":"https:\/\/backup.overgenius.com\/#organization"},"potentialAction":[{"@type":"SearchAction","target":{"@type":"EntryPoint","urlTemplate":"https:\/\/backup.overgenius.com\/?s={search_term_string}"},"query-input":{"@type":"PropertyValueSpecification","valueRequired":true,"valueName":"search_term_string"}}],"inLanguage":"en-US"},{"@type":"Organization","@id":"https:\/\/backup.overgenius.com\/#organization","name":"OVERGENIUS","url":"https:\/\/backup.overgenius.com\/","logo":{"@type":"ImageObject","inLanguage":"en-US","@id":"https:\/\/backup.overgenius.com\/#\/schema\/logo\/image\/","url":"https:\/\/backup.overgenius.com\/wp-content\/uploads\/2023\/07\/logotipo_overgenius-1.png","contentUrl":"https:\/\/backup.overgenius.com\/wp-content\/uploads\/2023\/07\/logotipo_overgenius-1.png","width":1172,"height":299,"caption":"OVERGENIUS"},"image":{"@id":"https:\/\/backup.overgenius.com\/#\/schema\/logo\/image\/"},"sameAs":["https:\/\/www.facebook.com\/overgeniusteam\/","https:\/\/www.youtube.com\/channel\/UC_ihjn8HZh31fI7HxHG4MAg","https:\/\/www.instagram.com\/beovergenius\/"]}]}},"_links":{"self":[{"href":"https:\/\/backup.overgenius.com\/en\/wp-json\/wp\/v2\/product\/31185","targetHints":{"allow":["GET"]}}],"collection":[{"href":"https:\/\/backup.overgenius.com\/en\/wp-json\/wp\/v2\/product"}],"about":[{"href":"https:\/\/backup.overgenius.com\/en\/wp-json\/wp\/v2\/types\/product"}],"replies":[{"embeddable":true,"href":"https:\/\/backup.overgenius.com\/en\/wp-json\/wp\/v2\/comments?post=31185"}],"wp:featuredmedia":[{"embeddable":true,"href":"https:\/\/backup.overgenius.com\/en\/wp-json\/wp\/v2\/media\/31186"}],"wp:attachment":[{"href":"https:\/\/backup.overgenius.com\/en\/wp-json\/wp\/v2\/media?parent=31185"}],"wp:term":[{"taxonomy":"product_brand","embeddable":true,"href":"https:\/\/backup.overgenius.com\/en\/wp-json\/wp\/v2\/product_brand?post=31185"},{"taxonomy":"product_cat","embeddable":true,"href":"https:\/\/backup.overgenius.com\/en\/wp-json\/wp\/v2\/product_cat?post=31185"},{"taxonomy":"product_tag","embeddable":true,"href":"https:\/\/backup.overgenius.com\/en\/wp-json\/wp\/v2\/product_tag?post=31185"}],"curies":[{"name":"wp","href":"https:\/\/api.w.org\/{rel}","templated":true}]}}