{"id":31187,"date":"2025-01-03T02:23:05","date_gmt":"2025-01-03T02:23:05","guid":{"rendered":"https:\/\/backup.overgenius.com\/?post_type=product&#038;p=31187"},"modified":"2025-10-01T00:54:02","modified_gmt":"2025-10-01T00:54:02","slug":"la-psicologia-del-dinero-como-piensan-los-ricos","status":"publish","type":"product","link":"https:\/\/backup.overgenius.com\/en\/product\/la-psicologia-del-dinero-como-piensan-los-ricos\/","title":{"rendered":"La psicolog\u00eda del dinero: C\u00f3mo piensan los ricos: 18 claves imperecederas sobre riqueza y felicidad"},"content":{"rendered":"<p>En cuestiones de dinero, lo que importa no es lo listo que seas sino c\u00f3mo te comportas. Tendemos a pensar en la inversi\u00f3n o la gesti\u00f3n de las finanzas personales como una disciplina matem\u00e1tica, en la que los datos y las f\u00f3rmulas nos dicen exactamente qu\u00e9 hacer. Sin embargo, el rasgo que define a las personas que logran enriquecerse no es su destreza con los n\u00fameros, ni su salario o su talento, sino su historia personal, sus motivaciones y su visi\u00f3n \u00fanica del mundo.<\/p>\n<p>Un genio que pierde el control de sus emociones puede ser un desastre financiero. Y lo mismo vale en caso contrario: gente de a pie sin formaci\u00f3n en finanzas puede enriquecerse si cuenta con unos cuantos patrones de comportamiento. Esto, impensable en otras disciplinas como la arquitectura o la medicina, es fundamental en el campo de las finanzas.<\/p>\n<p>Este audiolibro, llamado a convertirse en un cl\u00e1sico de las finanzas personales, nos provee del conocimiento esencial para entender la psicolog\u00eda del dinero y nos invita a hacernos una pregunta fundamental que raramente nos hacemos, cu\u00e1l es nuestra relaci\u00f3n con el dinero y qu\u00e9 queremos realmente de \u00e9l.<\/p>","protected":false},"excerpt":{"rendered":"<p>En cuestiones de dinero, lo que importa no es lo listo que seas sino c\u00f3mo te comportas. Tendemos a pensar en la inversi\u00f3n o la gesti\u00f3n de las finanzas personales [&hellip;]<\/p>","protected":false},"featured_media":31188,"comment_status":"open","ping_status":"closed","template":"","meta":{"_acf_changed":false,"give_campaign_id":0,"inline_featured_image":false,"_monsterinsights_skip_tracking":false,"_monsterinsights_sitenote_active":false,"_monsterinsights_sitenote_note":"","_monsterinsights_sitenote_category":0},"product_brand":[],"product_cat":[189,198,108,199],"product_tag":[567],"class_list":{"0":"post-31187","1":"product","2":"type-product","3":"status-publish","4":"has-post-thumbnail","6":"product_cat-amazon","7":"product_cat-audiolibro","8":"product_cat-educacion","9":"product_cat-finanzas","10":"product_tag-audiolibros","12":"first","13":"instock","14":"shipping-taxable","15":"product-type-external"},"acf":[],"yoast_head":"<!-- This site is optimized with the Yoast SEO Premium plugin v24.2 (Yoast SEO v25.8) - https:\/\/yoast.com\/wordpress\/plugins\/seo\/ -->\n<title>La psicolog\u00eda del dinero: C\u00f3mo piensan los ricos: 18 claves imperecederas sobre riqueza y felicidad - OVERGENIUS<\/title>\n<meta name=\"description\" content=\"La psicolog\u00eda del dinero: C\u00f3mo piensan los ricos, el rasgo que define a las personas que logran enriquecerse no es su destreza con los n\u00fameros,\" \/>\n<meta name=\"robots\" content=\"index, follow, max-snippet:-1, max-image-preview:large, max-video-preview:-1\" \/>\n<link rel=\"canonical\" href=\"https:\/\/backup.overgenius.com\/en\/product\/la-psicologia-del-dinero-como-piensan-los-ricos\/\" \/>\n<meta property=\"og:locale\" content=\"en_US\" \/>\n<meta property=\"og:type\" content=\"article\" \/>\n<meta property=\"og:title\" content=\"La psicolog\u00eda del dinero: C\u00f3mo piensan los ricos: 18 claves imperecederas sobre riqueza y felicidad\" \/>\n<meta property=\"og:description\" content=\"La psicolog\u00eda del dinero: C\u00f3mo piensan los ricos, el rasgo que define a las personas que logran enriquecerse no es su destreza con los n\u00fameros,\" \/>\n<meta property=\"og:url\" content=\"https:\/\/backup.overgenius.com\/en\/product\/la-psicologia-del-dinero-como-piensan-los-ricos\/\" \/>\n<meta property=\"og:site_name\" content=\"OVERGENIUS\" \/>\n<meta property=\"article:publisher\" content=\"https:\/\/www.facebook.com\/overgeniusteam\/\" \/>\n<meta property=\"article:modified_time\" content=\"2025-10-01T00:54:02+00:00\" \/>\n<meta property=\"og:image\" content=\"https:\/\/backup.overgenius.com\/wp-content\/uploads\/2025\/01\/81MDIRIka0L._SL1500_.jpg\" \/>\n\t<meta property=\"og:image:width\" content=\"1500\" \/>\n\t<meta property=\"og:image:height\" content=\"1500\" \/>\n\t<meta property=\"og:image:type\" content=\"image\/jpeg\" \/>\n<meta name=\"twitter:card\" content=\"summary_large_image\" \/>\n<meta name=\"twitter:label1\" content=\"Est. reading time\" \/>\n\t<meta name=\"twitter:data1\" content=\"2 minutes\" \/>\n<script type=\"application\/ld+json\" class=\"yoast-schema-graph\">{\"@context\":\"https:\/\/schema.org\",\"@graph\":[{\"@type\":\"WebPage\",\"@id\":\"https:\/\/backup.overgenius.com\/product\/la-psicologia-del-dinero-como-piensan-los-ricos\/\",\"url\":\"https:\/\/backup.overgenius.com\/product\/la-psicologia-del-dinero-como-piensan-los-ricos\/\",\"name\":\"La psicolog\u00eda del dinero: C\u00f3mo piensan los ricos: 18 claves imperecederas sobre riqueza y felicidad - OVERGENIUS\",\"isPartOf\":{\"@id\":\"https:\/\/backup.overgenius.com\/#website\"},\"primaryImageOfPage\":{\"@id\":\"https:\/\/backup.overgenius.com\/product\/la-psicologia-del-dinero-como-piensan-los-ricos\/#primaryimage\"},\"image\":{\"@id\":\"https:\/\/backup.overgenius.com\/product\/la-psicologia-del-dinero-como-piensan-los-ricos\/#primaryimage\"},\"thumbnailUrl\":\"https:\/\/backup.overgenius.com\/wp-content\/uploads\/2025\/01\/81MDIRIka0L._SL1500_.jpg\",\"datePublished\":\"2025-01-03T02:23:05+00:00\",\"dateModified\":\"2025-10-01T00:54:02+00:00\",\"description\":\"La psicolog\u00eda del dinero: C\u00f3mo piensan los ricos, el rasgo que define a las personas que logran enriquecerse no es su destreza con los n\u00fameros,\",\"breadcrumb\":{\"@id\":\"https:\/\/backup.overgenius.com\/product\/la-psicologia-del-dinero-como-piensan-los-ricos\/#breadcrumb\"},\"inLanguage\":\"en-US\",\"potentialAction\":[{\"@type\":\"ReadAction\",\"target\":[\"https:\/\/backup.overgenius.com\/product\/la-psicologia-del-dinero-como-piensan-los-ricos\/\"]}]},{\"@type\":\"ImageObject\",\"inLanguage\":\"en-US\",\"@id\":\"https:\/\/backup.overgenius.com\/product\/la-psicologia-del-dinero-como-piensan-los-ricos\/#primaryimage\",\"url\":\"https:\/\/backup.overgenius.com\/wp-content\/uploads\/2025\/01\/81MDIRIka0L._SL1500_.jpg\",\"contentUrl\":\"https:\/\/backup.overgenius.com\/wp-content\/uploads\/2025\/01\/81MDIRIka0L._SL1500_.jpg\",\"width\":1500,\"height\":1500},{\"@type\":\"BreadcrumbList\",\"@id\":\"https:\/\/backup.overgenius.com\/product\/la-psicologia-del-dinero-como-piensan-los-ricos\/#breadcrumb\",\"itemListElement\":[{\"@type\":\"ListItem\",\"position\":1,\"name\":\"Portada\",\"item\":\"https:\/\/backup.overgenius.com\/\"},{\"@type\":\"ListItem\",\"position\":2,\"name\":\"Tienda ya no\",\"item\":\"https:\/\/backup.overgenius.com\/tienda-ya-no\/\"},{\"@type\":\"ListItem\",\"position\":3,\"name\":\"La psicolog\u00eda del dinero: C\u00f3mo piensan los ricos: 18 claves imperecederas sobre riqueza y felicidad\"}]},{\"@type\":\"WebSite\",\"@id\":\"https:\/\/backup.overgenius.com\/#website\",\"url\":\"https:\/\/backup.overgenius.com\/\",\"name\":\"OVERGENIUS\",\"description\":\"Plataforma de aprendizaje y negocios con proyecci\u00f3n internacional\",\"publisher\":{\"@id\":\"https:\/\/backup.overgenius.com\/#organization\"},\"potentialAction\":[{\"@type\":\"SearchAction\",\"target\":{\"@type\":\"EntryPoint\",\"urlTemplate\":\"https:\/\/backup.overgenius.com\/?s={search_term_string}\"},\"query-input\":{\"@type\":\"PropertyValueSpecification\",\"valueRequired\":true,\"valueName\":\"search_term_string\"}}],\"inLanguage\":\"en-US\"},{\"@type\":\"Organization\",\"@id\":\"https:\/\/backup.overgenius.com\/#organization\",\"name\":\"OVERGENIUS\",\"url\":\"https:\/\/backup.overgenius.com\/\",\"logo\":{\"@type\":\"ImageObject\",\"inLanguage\":\"en-US\",\"@id\":\"https:\/\/backup.overgenius.com\/#\/schema\/logo\/image\/\",\"url\":\"https:\/\/backup.overgenius.com\/wp-content\/uploads\/2023\/07\/logotipo_overgenius-1.png\",\"contentUrl\":\"https:\/\/backup.overgenius.com\/wp-content\/uploads\/2023\/07\/logotipo_overgenius-1.png\",\"width\":1172,\"height\":299,\"caption\":\"OVERGENIUS\"},\"image\":{\"@id\":\"https:\/\/backup.overgenius.com\/#\/schema\/logo\/image\/\"},\"sameAs\":[\"https:\/\/www.facebook.com\/overgeniusteam\/\",\"https:\/\/www.youtube.com\/channel\/UC_ihjn8HZh31fI7HxHG4MAg\",\"https:\/\/www.instagram.com\/beovergenius\/\"]}]}<\/script>\n<!-- \/ Yoast SEO Premium plugin. -->","yoast_head_json":{"title":"La psicolog\u00eda del dinero: C\u00f3mo piensan los ricos: 18 claves imperecederas sobre riqueza y felicidad - OVERGENIUS","description":"La psicolog\u00eda del dinero: C\u00f3mo piensan los ricos, el rasgo que define a las personas que logran enriquecerse no es su destreza con los n\u00fameros,","robots":{"index":"index","follow":"follow","max-snippet":"max-snippet:-1","max-image-preview":"max-image-preview:large","max-video-preview":"max-video-preview:-1"},"canonical":"https:\/\/backup.overgenius.com\/en\/product\/la-psicologia-del-dinero-como-piensan-los-ricos\/","og_locale":"en_US","og_type":"article","og_title":"La psicolog\u00eda del dinero: C\u00f3mo piensan los ricos: 18 claves imperecederas sobre riqueza y felicidad","og_description":"La psicolog\u00eda del dinero: C\u00f3mo piensan los ricos, el rasgo que define a las personas que logran enriquecerse no es su destreza con los n\u00fameros,","og_url":"https:\/\/backup.overgenius.com\/en\/product\/la-psicologia-del-dinero-como-piensan-los-ricos\/","og_site_name":"OVERGENIUS","article_publisher":"https:\/\/www.facebook.com\/overgeniusteam\/","article_modified_time":"2025-10-01T00:54:02+00:00","og_image":[{"width":1500,"height":1500,"url":"https:\/\/backup.overgenius.com\/wp-content\/uploads\/2025\/01\/81MDIRIka0L._SL1500_.jpg","type":"image\/jpeg"}],"twitter_card":"summary_large_image","twitter_misc":{"Est. reading time":"2 minutes"},"schema":{"@context":"https:\/\/schema.org","@graph":[{"@type":"WebPage","@id":"https:\/\/backup.overgenius.com\/product\/la-psicologia-del-dinero-como-piensan-los-ricos\/","url":"https:\/\/backup.overgenius.com\/product\/la-psicologia-del-dinero-como-piensan-los-ricos\/","name":"La psicolog\u00eda del dinero: C\u00f3mo piensan los ricos: 18 claves imperecederas sobre riqueza y felicidad - OVERGENIUS","isPartOf":{"@id":"https:\/\/backup.overgenius.com\/#website"},"primaryImageOfPage":{"@id":"https:\/\/backup.overgenius.com\/product\/la-psicologia-del-dinero-como-piensan-los-ricos\/#primaryimage"},"image":{"@id":"https:\/\/backup.overgenius.com\/product\/la-psicologia-del-dinero-como-piensan-los-ricos\/#primaryimage"},"thumbnailUrl":"https:\/\/backup.overgenius.com\/wp-content\/uploads\/2025\/01\/81MDIRIka0L._SL1500_.jpg","datePublished":"2025-01-03T02:23:05+00:00","dateModified":"2025-10-01T00:54:02+00:00","description":"La psicolog\u00eda del dinero: C\u00f3mo piensan los ricos, el rasgo que define a las personas que logran enriquecerse no es su destreza con los n\u00fameros,","breadcrumb":{"@id":"https:\/\/backup.overgenius.com\/product\/la-psicologia-del-dinero-como-piensan-los-ricos\/#breadcrumb"},"inLanguage":"en-US","potentialAction":[{"@type":"ReadAction","target":["https:\/\/backup.overgenius.com\/product\/la-psicologia-del-dinero-como-piensan-los-ricos\/"]}]},{"@type":"ImageObject","inLanguage":"en-US","@id":"https:\/\/backup.overgenius.com\/product\/la-psicologia-del-dinero-como-piensan-los-ricos\/#primaryimage","url":"https:\/\/backup.overgenius.com\/wp-content\/uploads\/2025\/01\/81MDIRIka0L._SL1500_.jpg","contentUrl":"https:\/\/backup.overgenius.com\/wp-content\/uploads\/2025\/01\/81MDIRIka0L._SL1500_.jpg","width":1500,"height":1500},{"@type":"BreadcrumbList","@id":"https:\/\/backup.overgenius.com\/product\/la-psicologia-del-dinero-como-piensan-los-ricos\/#breadcrumb","itemListElement":[{"@type":"ListItem","position":1,"name":"Portada","item":"https:\/\/backup.overgenius.com\/"},{"@type":"ListItem","position":2,"name":"Tienda ya no","item":"https:\/\/backup.overgenius.com\/tienda-ya-no\/"},{"@type":"ListItem","position":3,"name":"La psicolog\u00eda del dinero: C\u00f3mo piensan los ricos: 18 claves imperecederas sobre riqueza y felicidad"}]},{"@type":"WebSite","@id":"https:\/\/backup.overgenius.com\/#website","url":"https:\/\/backup.overgenius.com\/","name":"OVERGENIUS","description":"Plataforma de aprendizaje y negocios con proyecci\u00f3n internacional","publisher":{"@id":"https:\/\/backup.overgenius.com\/#organization"},"potentialAction":[{"@type":"SearchAction","target":{"@type":"EntryPoint","urlTemplate":"https:\/\/backup.overgenius.com\/?s={search_term_string}"},"query-input":{"@type":"PropertyValueSpecification","valueRequired":true,"valueName":"search_term_string"}}],"inLanguage":"en-US"},{"@type":"Organization","@id":"https:\/\/backup.overgenius.com\/#organization","name":"OVERGENIUS","url":"https:\/\/backup.overgenius.com\/","logo":{"@type":"ImageObject","inLanguage":"en-US","@id":"https:\/\/backup.overgenius.com\/#\/schema\/logo\/image\/","url":"https:\/\/backup.overgenius.com\/wp-content\/uploads\/2023\/07\/logotipo_overgenius-1.png","contentUrl":"https:\/\/backup.overgenius.com\/wp-content\/uploads\/2023\/07\/logotipo_overgenius-1.png","width":1172,"height":299,"caption":"OVERGENIUS"},"image":{"@id":"https:\/\/backup.overgenius.com\/#\/schema\/logo\/image\/"},"sameAs":["https:\/\/www.facebook.com\/overgeniusteam\/","https:\/\/www.youtube.com\/channel\/UC_ihjn8HZh31fI7HxHG4MAg","https:\/\/www.instagram.com\/beovergenius\/"]}]}},"_links":{"self":[{"href":"https:\/\/backup.overgenius.com\/en\/wp-json\/wp\/v2\/product\/31187","targetHints":{"allow":["GET"]}}],"collection":[{"href":"https:\/\/backup.overgenius.com\/en\/wp-json\/wp\/v2\/product"}],"about":[{"href":"https:\/\/backup.overgenius.com\/en\/wp-json\/wp\/v2\/types\/product"}],"replies":[{"embeddable":true,"href":"https:\/\/backup.overgenius.com\/en\/wp-json\/wp\/v2\/comments?post=31187"}],"wp:featuredmedia":[{"embeddable":true,"href":"https:\/\/backup.overgenius.com\/en\/wp-json\/wp\/v2\/media\/31188"}],"wp:attachment":[{"href":"https:\/\/backup.overgenius.com\/en\/wp-json\/wp\/v2\/media?parent=31187"}],"wp:term":[{"taxonomy":"product_brand","embeddable":true,"href":"https:\/\/backup.overgenius.com\/en\/wp-json\/wp\/v2\/product_brand?post=31187"},{"taxonomy":"product_cat","embeddable":true,"href":"https:\/\/backup.overgenius.com\/en\/wp-json\/wp\/v2\/product_cat?post=31187"},{"taxonomy":"product_tag","embeddable":true,"href":"https:\/\/backup.overgenius.com\/en\/wp-json\/wp\/v2\/product_tag?post=31187"}],"curies":[{"name":"wp","href":"https:\/\/api.w.org\/{rel}","templated":true}]}}