{"id":31189,"date":"2025-01-03T02:24:46","date_gmt":"2025-01-03T02:24:46","guid":{"rendered":"https:\/\/backup.overgenius.com\/?post_type=product&#038;p=31189"},"modified":"2025-09-30T22:10:17","modified_gmt":"2025-09-30T22:10:17","slug":"invierte-en-ti-como-organizar-tu-economia-en-11-pasos-para-vivir-mejor","status":"publish","type":"product","link":"https:\/\/backup.overgenius.com\/en\/product\/invierte-en-ti-como-organizar-tu-economia-en-11-pasos-para-vivir-mejor\/","title":{"rendered":"Invierte en ti: C\u00f3mo organizar tu econom\u00eda en 11 pasos para vivir mejor"},"content":{"rendered":"<p>https:\/\/amzn.to\/4lR0BB3&#8243;Si tu banco te habla en chino, este es tu libro. Con una buena dosis de humor y un enfoque muy pr\u00e1ctico, Natalia te da las claves para que no te la den con queso y aprendas a ahorrar como los ricos.&#8221; Mari\u00e1n Garc\u00eda, &#8220;Boticaria Garc\u00eda&#8221;<\/p>\n<p>\u00bfPor qu\u00e9 nos cuesta tanto ahorrar? \u00bfAlquilar es tirar el dinero? \u00bfC\u00f3mo podemos elegir el banco que m\u00e1s nos conviene? \u00bfToda la deuda es mala? \u00bfQu\u00e9 cosas hay que saber antes de invertir? \u00bfCu\u00e1ndo deber\u00edamos empezar a ahorrar para la jubilaci\u00f3n? Sin milagros ni falsas promesas y con un genuino sentido del humor, Natalia de Santiago, experta en an\u00e1lisis y planificaci\u00f3n financiera, ha escrito esta gu\u00eda pr\u00e1ctica para ayudarnos a gestionar nuestra econom\u00eda de una manera tan eficaz como entretenida. Desde lo m\u00e1s simple hasta lo m\u00e1s complejo, sin necesidad de tener ning\u00fan conocimiento previo ni de ser un genio de las matem\u00e1ticas, este libro nos ense\u00f1a todo lo que debemos hacer para que el dinero no nos quite el sue\u00f1o.<\/p>","protected":false},"excerpt":{"rendered":"<p>https:\/\/amzn.to\/4lR0BB3&#8243;Si tu banco te habla en chino, este es tu libro. Con una buena dosis de humor y un enfoque muy pr\u00e1ctico, Natalia te da las claves para que no [&hellip;]<\/p>","protected":false},"featured_media":31190,"comment_status":"open","ping_status":"closed","template":"","meta":{"_acf_changed":false,"give_campaign_id":0,"inline_featured_image":false,"_monsterinsights_skip_tracking":false,"_monsterinsights_sitenote_active":false,"_monsterinsights_sitenote_note":"","_monsterinsights_sitenote_category":0},"product_brand":[],"product_cat":[189,198,108,199],"product_tag":[567],"class_list":{"0":"post-31189","1":"product","2":"type-product","3":"status-publish","4":"has-post-thumbnail","6":"product_cat-amazon","7":"product_cat-audiolibro","8":"product_cat-educacion","9":"product_cat-finanzas","10":"product_tag-audiolibros","12":"first","13":"instock","14":"shipping-taxable","15":"product-type-external"},"acf":[],"yoast_head":"<!-- This site is optimized with the Yoast SEO Premium plugin v24.2 (Yoast SEO v25.8) - https:\/\/yoast.com\/wordpress\/plugins\/seo\/ -->\n<title>Invierte en ti: C\u00f3mo organizar tu econom\u00eda en 11 pasos para vivir mejor - OVERGENIUS<\/title>\n<meta name=\"description\" content=\"Invierte en ti: C\u00f3mo organizar tu econom\u00eda en 11 pasos para vivir mejor, gu\u00eda pr\u00e1ctica para ayudarnos a gestionar nuestra econom\u00eda de una mane eficaz\" \/>\n<meta name=\"robots\" content=\"index, follow, max-snippet:-1, max-image-preview:large, max-video-preview:-1\" \/>\n<link rel=\"canonical\" href=\"https:\/\/backup.overgenius.com\/en\/product\/invierte-en-ti-como-organizar-tu-economia-en-11-pasos-para-vivir-mejor\/\" \/>\n<meta property=\"og:locale\" content=\"en_US\" \/>\n<meta property=\"og:type\" content=\"article\" \/>\n<meta property=\"og:title\" content=\"Invierte en ti: C\u00f3mo organizar tu econom\u00eda en 11 pasos para vivir mejor\" \/>\n<meta property=\"og:description\" content=\"Invierte en ti: C\u00f3mo organizar tu econom\u00eda en 11 pasos para vivir mejor, gu\u00eda pr\u00e1ctica para ayudarnos a gestionar nuestra econom\u00eda de una mane eficaz\" \/>\n<meta property=\"og:url\" content=\"https:\/\/backup.overgenius.com\/en\/product\/invierte-en-ti-como-organizar-tu-economia-en-11-pasos-para-vivir-mejor\/\" \/>\n<meta property=\"og:site_name\" content=\"OVERGENIUS\" \/>\n<meta property=\"article:publisher\" content=\"https:\/\/www.facebook.com\/overgeniusteam\/\" \/>\n<meta property=\"article:modified_time\" content=\"2025-09-30T22:10:17+00:00\" \/>\n<meta property=\"og:image\" content=\"https:\/\/backup.overgenius.com\/wp-content\/uploads\/2025\/01\/610n0mORNoL._SL1500_.jpg\" \/>\n\t<meta property=\"og:image:width\" content=\"1500\" \/>\n\t<meta property=\"og:image:height\" content=\"1500\" \/>\n\t<meta property=\"og:image:type\" content=\"image\/jpeg\" \/>\n<meta name=\"twitter:card\" content=\"summary_large_image\" \/>\n<meta name=\"twitter:label1\" content=\"Est. reading time\" \/>\n\t<meta name=\"twitter:data1\" content=\"1 minute\" \/>\n<script type=\"application\/ld+json\" class=\"yoast-schema-graph\">{\"@context\":\"https:\/\/schema.org\",\"@graph\":[{\"@type\":\"WebPage\",\"@id\":\"https:\/\/backup.overgenius.com\/product\/invierte-en-ti-como-organizar-tu-economia-en-11-pasos-para-vivir-mejor\/\",\"url\":\"https:\/\/backup.overgenius.com\/product\/invierte-en-ti-como-organizar-tu-economia-en-11-pasos-para-vivir-mejor\/\",\"name\":\"Invierte en ti: C\u00f3mo organizar tu econom\u00eda en 11 pasos para vivir mejor - OVERGENIUS\",\"isPartOf\":{\"@id\":\"https:\/\/backup.overgenius.com\/#website\"},\"primaryImageOfPage\":{\"@id\":\"https:\/\/backup.overgenius.com\/product\/invierte-en-ti-como-organizar-tu-economia-en-11-pasos-para-vivir-mejor\/#primaryimage\"},\"image\":{\"@id\":\"https:\/\/backup.overgenius.com\/product\/invierte-en-ti-como-organizar-tu-economia-en-11-pasos-para-vivir-mejor\/#primaryimage\"},\"thumbnailUrl\":\"https:\/\/backup.overgenius.com\/wp-content\/uploads\/2025\/01\/610n0mORNoL._SL1500_.jpg\",\"datePublished\":\"2025-01-03T02:24:46+00:00\",\"dateModified\":\"2025-09-30T22:10:17+00:00\",\"description\":\"Invierte en ti: C\u00f3mo organizar tu econom\u00eda en 11 pasos para vivir mejor, gu\u00eda pr\u00e1ctica para ayudarnos a gestionar nuestra econom\u00eda de una mane eficaz\",\"breadcrumb\":{\"@id\":\"https:\/\/backup.overgenius.com\/product\/invierte-en-ti-como-organizar-tu-economia-en-11-pasos-para-vivir-mejor\/#breadcrumb\"},\"inLanguage\":\"en-US\",\"potentialAction\":[{\"@type\":\"ReadAction\",\"target\":[\"https:\/\/backup.overgenius.com\/product\/invierte-en-ti-como-organizar-tu-economia-en-11-pasos-para-vivir-mejor\/\"]}]},{\"@type\":\"ImageObject\",\"inLanguage\":\"en-US\",\"@id\":\"https:\/\/backup.overgenius.com\/product\/invierte-en-ti-como-organizar-tu-economia-en-11-pasos-para-vivir-mejor\/#primaryimage\",\"url\":\"https:\/\/backup.overgenius.com\/wp-content\/uploads\/2025\/01\/610n0mORNoL._SL1500_.jpg\",\"contentUrl\":\"https:\/\/backup.overgenius.com\/wp-content\/uploads\/2025\/01\/610n0mORNoL._SL1500_.jpg\",\"width\":1500,\"height\":1500},{\"@type\":\"BreadcrumbList\",\"@id\":\"https:\/\/backup.overgenius.com\/product\/invierte-en-ti-como-organizar-tu-economia-en-11-pasos-para-vivir-mejor\/#breadcrumb\",\"itemListElement\":[{\"@type\":\"ListItem\",\"position\":1,\"name\":\"Portada\",\"item\":\"https:\/\/backup.overgenius.com\/\"},{\"@type\":\"ListItem\",\"position\":2,\"name\":\"Tienda ya no\",\"item\":\"https:\/\/backup.overgenius.com\/tienda-ya-no\/\"},{\"@type\":\"ListItem\",\"position\":3,\"name\":\"Invierte en ti: C\u00f3mo organizar tu econom\u00eda en 11 pasos para vivir mejor\"}]},{\"@type\":\"WebSite\",\"@id\":\"https:\/\/backup.overgenius.com\/#website\",\"url\":\"https:\/\/backup.overgenius.com\/\",\"name\":\"OVERGENIUS\",\"description\":\"Plataforma de aprendizaje y negocios con proyecci\u00f3n internacional\",\"publisher\":{\"@id\":\"https:\/\/backup.overgenius.com\/#organization\"},\"potentialAction\":[{\"@type\":\"SearchAction\",\"target\":{\"@type\":\"EntryPoint\",\"urlTemplate\":\"https:\/\/backup.overgenius.com\/?s={search_term_string}\"},\"query-input\":{\"@type\":\"PropertyValueSpecification\",\"valueRequired\":true,\"valueName\":\"search_term_string\"}}],\"inLanguage\":\"en-US\"},{\"@type\":\"Organization\",\"@id\":\"https:\/\/backup.overgenius.com\/#organization\",\"name\":\"OVERGENIUS\",\"url\":\"https:\/\/backup.overgenius.com\/\",\"logo\":{\"@type\":\"ImageObject\",\"inLanguage\":\"en-US\",\"@id\":\"https:\/\/backup.overgenius.com\/#\/schema\/logo\/image\/\",\"url\":\"https:\/\/backup.overgenius.com\/wp-content\/uploads\/2023\/07\/logotipo_overgenius-1.png\",\"contentUrl\":\"https:\/\/backup.overgenius.com\/wp-content\/uploads\/2023\/07\/logotipo_overgenius-1.png\",\"width\":1172,\"height\":299,\"caption\":\"OVERGENIUS\"},\"image\":{\"@id\":\"https:\/\/backup.overgenius.com\/#\/schema\/logo\/image\/\"},\"sameAs\":[\"https:\/\/www.facebook.com\/overgeniusteam\/\",\"https:\/\/www.youtube.com\/channel\/UC_ihjn8HZh31fI7HxHG4MAg\",\"https:\/\/www.instagram.com\/beovergenius\/\"]}]}<\/script>\n<!-- \/ Yoast SEO Premium plugin. -->","yoast_head_json":{"title":"Invierte en ti: C\u00f3mo organizar tu econom\u00eda en 11 pasos para vivir mejor - OVERGENIUS","description":"Invierte en ti: C\u00f3mo organizar tu econom\u00eda en 11 pasos para vivir mejor, gu\u00eda pr\u00e1ctica para ayudarnos a gestionar nuestra econom\u00eda de una mane eficaz","robots":{"index":"index","follow":"follow","max-snippet":"max-snippet:-1","max-image-preview":"max-image-preview:large","max-video-preview":"max-video-preview:-1"},"canonical":"https:\/\/backup.overgenius.com\/en\/product\/invierte-en-ti-como-organizar-tu-economia-en-11-pasos-para-vivir-mejor\/","og_locale":"en_US","og_type":"article","og_title":"Invierte en ti: C\u00f3mo organizar tu econom\u00eda en 11 pasos para vivir mejor","og_description":"Invierte en ti: C\u00f3mo organizar tu econom\u00eda en 11 pasos para vivir mejor, gu\u00eda pr\u00e1ctica para ayudarnos a gestionar nuestra econom\u00eda de una mane eficaz","og_url":"https:\/\/backup.overgenius.com\/en\/product\/invierte-en-ti-como-organizar-tu-economia-en-11-pasos-para-vivir-mejor\/","og_site_name":"OVERGENIUS","article_publisher":"https:\/\/www.facebook.com\/overgeniusteam\/","article_modified_time":"2025-09-30T22:10:17+00:00","og_image":[{"width":1500,"height":1500,"url":"https:\/\/backup.overgenius.com\/wp-content\/uploads\/2025\/01\/610n0mORNoL._SL1500_.jpg","type":"image\/jpeg"}],"twitter_card":"summary_large_image","twitter_misc":{"Est. reading time":"1 minute"},"schema":{"@context":"https:\/\/schema.org","@graph":[{"@type":"WebPage","@id":"https:\/\/backup.overgenius.com\/product\/invierte-en-ti-como-organizar-tu-economia-en-11-pasos-para-vivir-mejor\/","url":"https:\/\/backup.overgenius.com\/product\/invierte-en-ti-como-organizar-tu-economia-en-11-pasos-para-vivir-mejor\/","name":"Invierte en ti: C\u00f3mo organizar tu econom\u00eda en 11 pasos para vivir mejor - OVERGENIUS","isPartOf":{"@id":"https:\/\/backup.overgenius.com\/#website"},"primaryImageOfPage":{"@id":"https:\/\/backup.overgenius.com\/product\/invierte-en-ti-como-organizar-tu-economia-en-11-pasos-para-vivir-mejor\/#primaryimage"},"image":{"@id":"https:\/\/backup.overgenius.com\/product\/invierte-en-ti-como-organizar-tu-economia-en-11-pasos-para-vivir-mejor\/#primaryimage"},"thumbnailUrl":"https:\/\/backup.overgenius.com\/wp-content\/uploads\/2025\/01\/610n0mORNoL._SL1500_.jpg","datePublished":"2025-01-03T02:24:46+00:00","dateModified":"2025-09-30T22:10:17+00:00","description":"Invierte en ti: C\u00f3mo organizar tu econom\u00eda en 11 pasos para vivir mejor, gu\u00eda pr\u00e1ctica para ayudarnos a gestionar nuestra econom\u00eda de una mane eficaz","breadcrumb":{"@id":"https:\/\/backup.overgenius.com\/product\/invierte-en-ti-como-organizar-tu-economia-en-11-pasos-para-vivir-mejor\/#breadcrumb"},"inLanguage":"en-US","potentialAction":[{"@type":"ReadAction","target":["https:\/\/backup.overgenius.com\/product\/invierte-en-ti-como-organizar-tu-economia-en-11-pasos-para-vivir-mejor\/"]}]},{"@type":"ImageObject","inLanguage":"en-US","@id":"https:\/\/backup.overgenius.com\/product\/invierte-en-ti-como-organizar-tu-economia-en-11-pasos-para-vivir-mejor\/#primaryimage","url":"https:\/\/backup.overgenius.com\/wp-content\/uploads\/2025\/01\/610n0mORNoL._SL1500_.jpg","contentUrl":"https:\/\/backup.overgenius.com\/wp-content\/uploads\/2025\/01\/610n0mORNoL._SL1500_.jpg","width":1500,"height":1500},{"@type":"BreadcrumbList","@id":"https:\/\/backup.overgenius.com\/product\/invierte-en-ti-como-organizar-tu-economia-en-11-pasos-para-vivir-mejor\/#breadcrumb","itemListElement":[{"@type":"ListItem","position":1,"name":"Portada","item":"https:\/\/backup.overgenius.com\/"},{"@type":"ListItem","position":2,"name":"Tienda ya no","item":"https:\/\/backup.overgenius.com\/tienda-ya-no\/"},{"@type":"ListItem","position":3,"name":"Invierte en ti: C\u00f3mo organizar tu econom\u00eda en 11 pasos para vivir mejor"}]},{"@type":"WebSite","@id":"https:\/\/backup.overgenius.com\/#website","url":"https:\/\/backup.overgenius.com\/","name":"OVERGENIUS","description":"Plataforma de aprendizaje y negocios con proyecci\u00f3n internacional","publisher":{"@id":"https:\/\/backup.overgenius.com\/#organization"},"potentialAction":[{"@type":"SearchAction","target":{"@type":"EntryPoint","urlTemplate":"https:\/\/backup.overgenius.com\/?s={search_term_string}"},"query-input":{"@type":"PropertyValueSpecification","valueRequired":true,"valueName":"search_term_string"}}],"inLanguage":"en-US"},{"@type":"Organization","@id":"https:\/\/backup.overgenius.com\/#organization","name":"OVERGENIUS","url":"https:\/\/backup.overgenius.com\/","logo":{"@type":"ImageObject","inLanguage":"en-US","@id":"https:\/\/backup.overgenius.com\/#\/schema\/logo\/image\/","url":"https:\/\/backup.overgenius.com\/wp-content\/uploads\/2023\/07\/logotipo_overgenius-1.png","contentUrl":"https:\/\/backup.overgenius.com\/wp-content\/uploads\/2023\/07\/logotipo_overgenius-1.png","width":1172,"height":299,"caption":"OVERGENIUS"},"image":{"@id":"https:\/\/backup.overgenius.com\/#\/schema\/logo\/image\/"},"sameAs":["https:\/\/www.facebook.com\/overgeniusteam\/","https:\/\/www.youtube.com\/channel\/UC_ihjn8HZh31fI7HxHG4MAg","https:\/\/www.instagram.com\/beovergenius\/"]}]}},"_links":{"self":[{"href":"https:\/\/backup.overgenius.com\/en\/wp-json\/wp\/v2\/product\/31189","targetHints":{"allow":["GET"]}}],"collection":[{"href":"https:\/\/backup.overgenius.com\/en\/wp-json\/wp\/v2\/product"}],"about":[{"href":"https:\/\/backup.overgenius.com\/en\/wp-json\/wp\/v2\/types\/product"}],"replies":[{"embeddable":true,"href":"https:\/\/backup.overgenius.com\/en\/wp-json\/wp\/v2\/comments?post=31189"}],"wp:featuredmedia":[{"embeddable":true,"href":"https:\/\/backup.overgenius.com\/en\/wp-json\/wp\/v2\/media\/31190"}],"wp:attachment":[{"href":"https:\/\/backup.overgenius.com\/en\/wp-json\/wp\/v2\/media?parent=31189"}],"wp:term":[{"taxonomy":"product_brand","embeddable":true,"href":"https:\/\/backup.overgenius.com\/en\/wp-json\/wp\/v2\/product_brand?post=31189"},{"taxonomy":"product_cat","embeddable":true,"href":"https:\/\/backup.overgenius.com\/en\/wp-json\/wp\/v2\/product_cat?post=31189"},{"taxonomy":"product_tag","embeddable":true,"href":"https:\/\/backup.overgenius.com\/en\/wp-json\/wp\/v2\/product_tag?post=31189"}],"curies":[{"name":"wp","href":"https:\/\/api.w.org\/{rel}","templated":true}]}}