{"id":31191,"date":"2025-01-03T02:28:20","date_gmt":"2025-01-03T02:28:20","guid":{"rendered":"https:\/\/backup.overgenius.com\/?post_type=product&#038;p=31191"},"modified":"2025-09-30T22:08:28","modified_gmt":"2025-09-30T22:08:28","slug":"inteligencia-financiera-para-ninos-ensenales-desde-ninos","status":"publish","type":"product","link":"https:\/\/backup.overgenius.com\/en\/product\/inteligencia-financiera-para-ninos-ensenales-desde-ninos\/","title":{"rendered":"Inteligencia Financiera para Ni\u00f1os: Ense\u00f1ales desde Ni\u00f1os"},"content":{"rendered":"<p>Todo mundo sabe que una correcta educaci\u00f3n es fundamental para la preparaci\u00f3n de cualquier ser humano. Lamentablemente, muchas de las herramientas que realmente necesitamos en la vida diaria, no nos las ense\u00f1an en la escuela. Por eso es importante que t\u00fa se las transmitas a tus hijos y la educaci\u00f3n financiera es un de esas materias imprescindible, y por eso tu como padre o madre, debes comprometerte con ense\u00f1arles de este tema, si deseas ahorrarles mucho sufrimiento a tus hijos. En este libro aprender\u00e1s algunos de los h\u00e1bitos o practicas financieras que suelen tener las personas econ\u00f3micamente exitosas, pues la principal diferencia entre aquellos que sufren por cuestiones monetarias y los que no; M\u00e1s que ser una cuesti\u00f3n de suerte, suele ser una cuesti\u00f3n de h\u00e1bitos y de forma de pensar.<\/p>","protected":false},"excerpt":{"rendered":"<p>Todo mundo sabe que una correcta educaci\u00f3n es fundamental para la preparaci\u00f3n de cualquier ser humano. Lamentablemente, muchas de las herramientas que realmente necesitamos en la vida diaria, no nos [&hellip;]<\/p>","protected":false},"featured_media":31192,"comment_status":"open","ping_status":"closed","template":"","meta":{"_acf_changed":false,"give_campaign_id":0,"inline_featured_image":false,"_monsterinsights_skip_tracking":false,"_monsterinsights_sitenote_active":false,"_monsterinsights_sitenote_note":"","_monsterinsights_sitenote_category":0},"product_brand":[],"product_cat":[189,198,108,199,197],"product_tag":[567],"class_list":{"0":"post-31191","1":"product","2":"type-product","3":"status-publish","4":"has-post-thumbnail","6":"product_cat-amazon","7":"product_cat-audiolibro","8":"product_cat-educacion","9":"product_cat-finanzas","10":"product_cat-infantil","11":"product_tag-audiolibros","13":"first","14":"instock","15":"shipping-taxable","16":"product-type-external"},"acf":[],"yoast_head":"<!-- This site is optimized with the Yoast SEO Premium plugin v24.2 (Yoast SEO v25.8) - https:\/\/yoast.com\/wordpress\/plugins\/seo\/ -->\n<title>Inteligencia Financiera para Ni\u00f1os: Ense\u00f1ales desde Ni\u00f1os - OVERGENIUS<\/title>\n<meta name=\"description\" content=\"Inteligencia Financiera para Ni\u00f1os: Ense\u00f1ales desde Ni\u00f1o, la principal diferencia entre aquellos que sufren por cuestiones monetarias y los que no\" \/>\n<meta name=\"robots\" content=\"index, follow, max-snippet:-1, max-image-preview:large, max-video-preview:-1\" \/>\n<link rel=\"canonical\" href=\"https:\/\/backup.overgenius.com\/en\/product\/inteligencia-financiera-para-ninos-ensenales-desde-ninos\/\" \/>\n<meta property=\"og:locale\" content=\"en_US\" \/>\n<meta property=\"og:type\" content=\"article\" \/>\n<meta property=\"og:title\" content=\"Inteligencia Financiera para Ni\u00f1os: Ense\u00f1ales desde Ni\u00f1os\" \/>\n<meta property=\"og:description\" content=\"Inteligencia Financiera para Ni\u00f1os: Ense\u00f1ales desde Ni\u00f1o, la principal diferencia entre aquellos que sufren por cuestiones monetarias y los que no\" \/>\n<meta property=\"og:url\" content=\"https:\/\/backup.overgenius.com\/en\/product\/inteligencia-financiera-para-ninos-ensenales-desde-ninos\/\" \/>\n<meta property=\"og:site_name\" content=\"OVERGENIUS\" \/>\n<meta property=\"article:publisher\" content=\"https:\/\/www.facebook.com\/overgeniusteam\/\" \/>\n<meta property=\"article:modified_time\" content=\"2025-09-30T22:08:28+00:00\" \/>\n<meta property=\"og:image\" content=\"https:\/\/backup.overgenius.com\/wp-content\/uploads\/2025\/01\/81WB0IoiYQL._SL1500_.jpg\" \/>\n\t<meta property=\"og:image:width\" content=\"1500\" \/>\n\t<meta property=\"og:image:height\" content=\"1500\" \/>\n\t<meta property=\"og:image:type\" content=\"image\/jpeg\" \/>\n<meta name=\"twitter:card\" content=\"summary_large_image\" \/>\n<meta name=\"twitter:label1\" content=\"Est. reading time\" \/>\n\t<meta name=\"twitter:data1\" content=\"1 minute\" \/>\n<script type=\"application\/ld+json\" class=\"yoast-schema-graph\">{\"@context\":\"https:\/\/schema.org\",\"@graph\":[{\"@type\":\"WebPage\",\"@id\":\"https:\/\/backup.overgenius.com\/product\/inteligencia-financiera-para-ninos-ensenales-desde-ninos\/\",\"url\":\"https:\/\/backup.overgenius.com\/product\/inteligencia-financiera-para-ninos-ensenales-desde-ninos\/\",\"name\":\"Inteligencia Financiera para Ni\u00f1os: Ense\u00f1ales desde Ni\u00f1os - OVERGENIUS\",\"isPartOf\":{\"@id\":\"https:\/\/backup.overgenius.com\/#website\"},\"primaryImageOfPage\":{\"@id\":\"https:\/\/backup.overgenius.com\/product\/inteligencia-financiera-para-ninos-ensenales-desde-ninos\/#primaryimage\"},\"image\":{\"@id\":\"https:\/\/backup.overgenius.com\/product\/inteligencia-financiera-para-ninos-ensenales-desde-ninos\/#primaryimage\"},\"thumbnailUrl\":\"https:\/\/backup.overgenius.com\/wp-content\/uploads\/2025\/01\/81WB0IoiYQL._SL1500_.jpg\",\"datePublished\":\"2025-01-03T02:28:20+00:00\",\"dateModified\":\"2025-09-30T22:08:28+00:00\",\"description\":\"Inteligencia Financiera para Ni\u00f1os: Ense\u00f1ales desde Ni\u00f1o, la principal diferencia entre aquellos que sufren por cuestiones monetarias y los que no\",\"breadcrumb\":{\"@id\":\"https:\/\/backup.overgenius.com\/product\/inteligencia-financiera-para-ninos-ensenales-desde-ninos\/#breadcrumb\"},\"inLanguage\":\"en-US\",\"potentialAction\":[{\"@type\":\"ReadAction\",\"target\":[\"https:\/\/backup.overgenius.com\/product\/inteligencia-financiera-para-ninos-ensenales-desde-ninos\/\"]}]},{\"@type\":\"ImageObject\",\"inLanguage\":\"en-US\",\"@id\":\"https:\/\/backup.overgenius.com\/product\/inteligencia-financiera-para-ninos-ensenales-desde-ninos\/#primaryimage\",\"url\":\"https:\/\/backup.overgenius.com\/wp-content\/uploads\/2025\/01\/81WB0IoiYQL._SL1500_.jpg\",\"contentUrl\":\"https:\/\/backup.overgenius.com\/wp-content\/uploads\/2025\/01\/81WB0IoiYQL._SL1500_.jpg\",\"width\":1500,\"height\":1500},{\"@type\":\"BreadcrumbList\",\"@id\":\"https:\/\/backup.overgenius.com\/product\/inteligencia-financiera-para-ninos-ensenales-desde-ninos\/#breadcrumb\",\"itemListElement\":[{\"@type\":\"ListItem\",\"position\":1,\"name\":\"Portada\",\"item\":\"https:\/\/backup.overgenius.com\/\"},{\"@type\":\"ListItem\",\"position\":2,\"name\":\"Tienda ya no\",\"item\":\"https:\/\/backup.overgenius.com\/tienda-ya-no\/\"},{\"@type\":\"ListItem\",\"position\":3,\"name\":\"Inteligencia Financiera para Ni\u00f1os: Ense\u00f1ales desde Ni\u00f1os\"}]},{\"@type\":\"WebSite\",\"@id\":\"https:\/\/backup.overgenius.com\/#website\",\"url\":\"https:\/\/backup.overgenius.com\/\",\"name\":\"OVERGENIUS\",\"description\":\"Plataforma de aprendizaje y negocios con proyecci\u00f3n internacional\",\"publisher\":{\"@id\":\"https:\/\/backup.overgenius.com\/#organization\"},\"potentialAction\":[{\"@type\":\"SearchAction\",\"target\":{\"@type\":\"EntryPoint\",\"urlTemplate\":\"https:\/\/backup.overgenius.com\/?s={search_term_string}\"},\"query-input\":{\"@type\":\"PropertyValueSpecification\",\"valueRequired\":true,\"valueName\":\"search_term_string\"}}],\"inLanguage\":\"en-US\"},{\"@type\":\"Organization\",\"@id\":\"https:\/\/backup.overgenius.com\/#organization\",\"name\":\"OVERGENIUS\",\"url\":\"https:\/\/backup.overgenius.com\/\",\"logo\":{\"@type\":\"ImageObject\",\"inLanguage\":\"en-US\",\"@id\":\"https:\/\/backup.overgenius.com\/#\/schema\/logo\/image\/\",\"url\":\"https:\/\/backup.overgenius.com\/wp-content\/uploads\/2023\/07\/logotipo_overgenius-1.png\",\"contentUrl\":\"https:\/\/backup.overgenius.com\/wp-content\/uploads\/2023\/07\/logotipo_overgenius-1.png\",\"width\":1172,\"height\":299,\"caption\":\"OVERGENIUS\"},\"image\":{\"@id\":\"https:\/\/backup.overgenius.com\/#\/schema\/logo\/image\/\"},\"sameAs\":[\"https:\/\/www.facebook.com\/overgeniusteam\/\",\"https:\/\/www.youtube.com\/channel\/UC_ihjn8HZh31fI7HxHG4MAg\",\"https:\/\/www.instagram.com\/beovergenius\/\"]}]}<\/script>\n<!-- \/ Yoast SEO Premium plugin. -->","yoast_head_json":{"title":"Inteligencia Financiera para Ni\u00f1os: Ense\u00f1ales desde Ni\u00f1os - OVERGENIUS","description":"Inteligencia Financiera para Ni\u00f1os: Ense\u00f1ales desde Ni\u00f1o, la principal diferencia entre aquellos que sufren por cuestiones monetarias y los que no","robots":{"index":"index","follow":"follow","max-snippet":"max-snippet:-1","max-image-preview":"max-image-preview:large","max-video-preview":"max-video-preview:-1"},"canonical":"https:\/\/backup.overgenius.com\/en\/product\/inteligencia-financiera-para-ninos-ensenales-desde-ninos\/","og_locale":"en_US","og_type":"article","og_title":"Inteligencia Financiera para Ni\u00f1os: Ense\u00f1ales desde Ni\u00f1os","og_description":"Inteligencia Financiera para Ni\u00f1os: Ense\u00f1ales desde Ni\u00f1o, la principal diferencia entre aquellos que sufren por cuestiones monetarias y los que no","og_url":"https:\/\/backup.overgenius.com\/en\/product\/inteligencia-financiera-para-ninos-ensenales-desde-ninos\/","og_site_name":"OVERGENIUS","article_publisher":"https:\/\/www.facebook.com\/overgeniusteam\/","article_modified_time":"2025-09-30T22:08:28+00:00","og_image":[{"width":1500,"height":1500,"url":"https:\/\/backup.overgenius.com\/wp-content\/uploads\/2025\/01\/81WB0IoiYQL._SL1500_.jpg","type":"image\/jpeg"}],"twitter_card":"summary_large_image","twitter_misc":{"Est. reading time":"1 minute"},"schema":{"@context":"https:\/\/schema.org","@graph":[{"@type":"WebPage","@id":"https:\/\/backup.overgenius.com\/product\/inteligencia-financiera-para-ninos-ensenales-desde-ninos\/","url":"https:\/\/backup.overgenius.com\/product\/inteligencia-financiera-para-ninos-ensenales-desde-ninos\/","name":"Inteligencia Financiera para Ni\u00f1os: Ense\u00f1ales desde Ni\u00f1os - OVERGENIUS","isPartOf":{"@id":"https:\/\/backup.overgenius.com\/#website"},"primaryImageOfPage":{"@id":"https:\/\/backup.overgenius.com\/product\/inteligencia-financiera-para-ninos-ensenales-desde-ninos\/#primaryimage"},"image":{"@id":"https:\/\/backup.overgenius.com\/product\/inteligencia-financiera-para-ninos-ensenales-desde-ninos\/#primaryimage"},"thumbnailUrl":"https:\/\/backup.overgenius.com\/wp-content\/uploads\/2025\/01\/81WB0IoiYQL._SL1500_.jpg","datePublished":"2025-01-03T02:28:20+00:00","dateModified":"2025-09-30T22:08:28+00:00","description":"Inteligencia Financiera para Ni\u00f1os: Ense\u00f1ales desde Ni\u00f1o, la principal diferencia entre aquellos que sufren por cuestiones monetarias y los que no","breadcrumb":{"@id":"https:\/\/backup.overgenius.com\/product\/inteligencia-financiera-para-ninos-ensenales-desde-ninos\/#breadcrumb"},"inLanguage":"en-US","potentialAction":[{"@type":"ReadAction","target":["https:\/\/backup.overgenius.com\/product\/inteligencia-financiera-para-ninos-ensenales-desde-ninos\/"]}]},{"@type":"ImageObject","inLanguage":"en-US","@id":"https:\/\/backup.overgenius.com\/product\/inteligencia-financiera-para-ninos-ensenales-desde-ninos\/#primaryimage","url":"https:\/\/backup.overgenius.com\/wp-content\/uploads\/2025\/01\/81WB0IoiYQL._SL1500_.jpg","contentUrl":"https:\/\/backup.overgenius.com\/wp-content\/uploads\/2025\/01\/81WB0IoiYQL._SL1500_.jpg","width":1500,"height":1500},{"@type":"BreadcrumbList","@id":"https:\/\/backup.overgenius.com\/product\/inteligencia-financiera-para-ninos-ensenales-desde-ninos\/#breadcrumb","itemListElement":[{"@type":"ListItem","position":1,"name":"Portada","item":"https:\/\/backup.overgenius.com\/"},{"@type":"ListItem","position":2,"name":"Tienda ya no","item":"https:\/\/backup.overgenius.com\/tienda-ya-no\/"},{"@type":"ListItem","position":3,"name":"Inteligencia Financiera para Ni\u00f1os: Ense\u00f1ales desde Ni\u00f1os"}]},{"@type":"WebSite","@id":"https:\/\/backup.overgenius.com\/#website","url":"https:\/\/backup.overgenius.com\/","name":"OVERGENIUS","description":"Plataforma de aprendizaje y negocios con proyecci\u00f3n internacional","publisher":{"@id":"https:\/\/backup.overgenius.com\/#organization"},"potentialAction":[{"@type":"SearchAction","target":{"@type":"EntryPoint","urlTemplate":"https:\/\/backup.overgenius.com\/?s={search_term_string}"},"query-input":{"@type":"PropertyValueSpecification","valueRequired":true,"valueName":"search_term_string"}}],"inLanguage":"en-US"},{"@type":"Organization","@id":"https:\/\/backup.overgenius.com\/#organization","name":"OVERGENIUS","url":"https:\/\/backup.overgenius.com\/","logo":{"@type":"ImageObject","inLanguage":"en-US","@id":"https:\/\/backup.overgenius.com\/#\/schema\/logo\/image\/","url":"https:\/\/backup.overgenius.com\/wp-content\/uploads\/2023\/07\/logotipo_overgenius-1.png","contentUrl":"https:\/\/backup.overgenius.com\/wp-content\/uploads\/2023\/07\/logotipo_overgenius-1.png","width":1172,"height":299,"caption":"OVERGENIUS"},"image":{"@id":"https:\/\/backup.overgenius.com\/#\/schema\/logo\/image\/"},"sameAs":["https:\/\/www.facebook.com\/overgeniusteam\/","https:\/\/www.youtube.com\/channel\/UC_ihjn8HZh31fI7HxHG4MAg","https:\/\/www.instagram.com\/beovergenius\/"]}]}},"_links":{"self":[{"href":"https:\/\/backup.overgenius.com\/en\/wp-json\/wp\/v2\/product\/31191","targetHints":{"allow":["GET"]}}],"collection":[{"href":"https:\/\/backup.overgenius.com\/en\/wp-json\/wp\/v2\/product"}],"about":[{"href":"https:\/\/backup.overgenius.com\/en\/wp-json\/wp\/v2\/types\/product"}],"replies":[{"embeddable":true,"href":"https:\/\/backup.overgenius.com\/en\/wp-json\/wp\/v2\/comments?post=31191"}],"wp:featuredmedia":[{"embeddable":true,"href":"https:\/\/backup.overgenius.com\/en\/wp-json\/wp\/v2\/media\/31192"}],"wp:attachment":[{"href":"https:\/\/backup.overgenius.com\/en\/wp-json\/wp\/v2\/media?parent=31191"}],"wp:term":[{"taxonomy":"product_brand","embeddable":true,"href":"https:\/\/backup.overgenius.com\/en\/wp-json\/wp\/v2\/product_brand?post=31191"},{"taxonomy":"product_cat","embeddable":true,"href":"https:\/\/backup.overgenius.com\/en\/wp-json\/wp\/v2\/product_cat?post=31191"},{"taxonomy":"product_tag","embeddable":true,"href":"https:\/\/backup.overgenius.com\/en\/wp-json\/wp\/v2\/product_tag?post=31191"}],"curies":[{"name":"wp","href":"https:\/\/api.w.org\/{rel}","templated":true}]}}