{"id":31193,"date":"2025-01-03T02:30:43","date_gmt":"2025-01-03T02:30:43","guid":{"rendered":"https:\/\/backup.overgenius.com\/?post_type=product&#038;p=31193"},"modified":"2025-09-30T22:06:37","modified_gmt":"2025-09-30T22:06:37","slug":"libro-divertido-de-actividades-financieras-para-ninos","status":"publish","type":"product","link":"https:\/\/backup.overgenius.com\/en\/product\/libro-divertido-de-actividades-financieras-para-ninos\/","title":{"rendered":"Libro Divertido de Actividades Financieras para Ni\u00f1os: Aprende Jugando a Triunfar en el Desconocido (Ya No Tanto) Mundo del Dinero"},"content":{"rendered":"<h4>\u00bfQuieres que tus hijos prosperen financieramente mientras se divierten aprendiendo? <span class=\"a-text-bold\">\u201c<\/span><span class=\"a-text-bold a-text-italic\">El libro divertido de actividades financieras para ni\u00f1os\u201d<\/span> es la soluci\u00f3n perfecta.<\/h4>\n<p><u>Imagina un futuro en el que tus hijos tengan confianza en la gesti\u00f3n del dinero y nunca pasen apuros financieros.<\/u> Este libro no s\u00f3lo les proporciona una base s\u00f3lida de conocimientos financieros, sino que tambi\u00e9n les prepara para un futuro exitoso y seguro.<\/p>\n<p>Con cap\u00edtulos atractivos y actividades pr\u00e1cticas, <span class=\"a-text-bold\">tus hijos disfrutar\u00e1n de cada paso hacia la independencia financiera mientras adquieren conocimientos esenciales sobre el dinero.<\/span><\/p>\n<p>Descubre por qu\u00e9 este libro es imprescindible para el viaje financiero de tus hijos:<\/p>\n<ul class=\"a-unordered-list a-vertical\">\n<li><span class=\"a-list-item\"><span class=\"a-text-bold\">Introducci\u00f3n a las finanzas:<\/span> Emb\u00e1rcate en una divertida aventura mientras exploramos los conceptos b\u00e1sicos del dinero y su papel en nuestras vidas.<\/span><\/li>\n<\/ul>","protected":false},"excerpt":{"rendered":"<p>\u00bfQuieres que tus hijos prosperen financieramente mientras se divierten aprendiendo? \u201cEl libro divertido de actividades financieras para ni\u00f1os\u201d es la soluci\u00f3n perfecta. Imagina un futuro en el que tus hijos [&hellip;]<\/p>","protected":false},"featured_media":31194,"comment_status":"open","ping_status":"closed","template":"","meta":{"_acf_changed":false,"give_campaign_id":0,"inline_featured_image":false,"_monsterinsights_skip_tracking":false,"_monsterinsights_sitenote_active":false,"_monsterinsights_sitenote_note":"","_monsterinsights_sitenote_category":0},"product_brand":[],"product_cat":[189,108,199,197,194],"product_tag":[566],"class_list":{"0":"post-31193","1":"product","2":"type-product","3":"status-publish","4":"has-post-thumbnail","6":"product_cat-amazon","7":"product_cat-educacion","8":"product_cat-finanzas","9":"product_cat-infantil","10":"product_cat-libros","11":"product_tag-libros","13":"first","14":"instock","15":"shipping-taxable","16":"product-type-external"},"acf":[],"yoast_head":"<!-- This site is optimized with the Yoast SEO Premium plugin v24.2 (Yoast SEO v25.8) - https:\/\/yoast.com\/wordpress\/plugins\/seo\/ -->\n<title>Libro Divertido de Actividades Financieras para Ni\u00f1os: Aprende Jugando a Triunfar en el Desconocido (Ya No Tanto) Mundo del Dinero - OVERGENIUS<\/title>\n<meta name=\"description\" content=\"Libro Divertido de Actividades Financieras para Ni\u00f1os. Emb\u00e1rcate en una divertida aventura mientras exploramos los conceptos b\u00e1sicos del dinero y su papel en nuestras vidas.\" \/>\n<meta name=\"robots\" content=\"index, follow, max-snippet:-1, max-image-preview:large, max-video-preview:-1\" \/>\n<link rel=\"canonical\" href=\"https:\/\/backup.overgenius.com\/en\/product\/libro-divertido-de-actividades-financieras-para-ninos\/\" \/>\n<meta property=\"og:locale\" content=\"en_US\" \/>\n<meta property=\"og:type\" content=\"article\" \/>\n<meta property=\"og:title\" content=\"Libro Divertido de Actividades Financieras para Ni\u00f1os: Aprende Jugando a Triunfar en el Desconocido (Ya No Tanto) Mundo del Dinero\" \/>\n<meta property=\"og:description\" content=\"Libro Divertido de Actividades Financieras para Ni\u00f1os. Emb\u00e1rcate en una divertida aventura mientras exploramos los conceptos b\u00e1sicos del dinero y su papel en nuestras vidas.\" \/>\n<meta property=\"og:url\" content=\"https:\/\/backup.overgenius.com\/en\/product\/libro-divertido-de-actividades-financieras-para-ninos\/\" \/>\n<meta property=\"og:site_name\" content=\"OVERGENIUS\" \/>\n<meta property=\"article:publisher\" content=\"https:\/\/www.facebook.com\/overgeniusteam\/\" \/>\n<meta property=\"article:modified_time\" content=\"2025-09-30T22:06:37+00:00\" \/>\n<meta property=\"og:image\" content=\"https:\/\/backup.overgenius.com\/wp-content\/uploads\/2025\/01\/71rnBbjYkWL._SL1499_.jpg\" \/>\n\t<meta property=\"og:image:width\" content=\"1000\" \/>\n\t<meta property=\"og:image:height\" content=\"1499\" \/>\n\t<meta property=\"og:image:type\" content=\"image\/jpeg\" \/>\n<meta name=\"twitter:card\" content=\"summary_large_image\" \/>\n<meta name=\"twitter:label1\" content=\"Est. reading time\" \/>\n\t<meta name=\"twitter:data1\" content=\"1 minute\" \/>\n<script type=\"application\/ld+json\" class=\"yoast-schema-graph\">{\"@context\":\"https:\/\/schema.org\",\"@graph\":[{\"@type\":\"WebPage\",\"@id\":\"https:\/\/backup.overgenius.com\/product\/libro-divertido-de-actividades-financieras-para-ninos\/\",\"url\":\"https:\/\/backup.overgenius.com\/product\/libro-divertido-de-actividades-financieras-para-ninos\/\",\"name\":\"Libro Divertido de Actividades Financieras para Ni\u00f1os: Aprende Jugando a Triunfar en el Desconocido (Ya No Tanto) Mundo del Dinero - OVERGENIUS\",\"isPartOf\":{\"@id\":\"https:\/\/backup.overgenius.com\/#website\"},\"primaryImageOfPage\":{\"@id\":\"https:\/\/backup.overgenius.com\/product\/libro-divertido-de-actividades-financieras-para-ninos\/#primaryimage\"},\"image\":{\"@id\":\"https:\/\/backup.overgenius.com\/product\/libro-divertido-de-actividades-financieras-para-ninos\/#primaryimage\"},\"thumbnailUrl\":\"https:\/\/backup.overgenius.com\/wp-content\/uploads\/2025\/01\/71rnBbjYkWL._SL1499_.jpg\",\"datePublished\":\"2025-01-03T02:30:43+00:00\",\"dateModified\":\"2025-09-30T22:06:37+00:00\",\"description\":\"Libro Divertido de Actividades Financieras para Ni\u00f1os. Emb\u00e1rcate en una divertida aventura mientras exploramos los conceptos b\u00e1sicos del dinero y su papel en nuestras vidas.\",\"breadcrumb\":{\"@id\":\"https:\/\/backup.overgenius.com\/product\/libro-divertido-de-actividades-financieras-para-ninos\/#breadcrumb\"},\"inLanguage\":\"en-US\",\"potentialAction\":[{\"@type\":\"ReadAction\",\"target\":[\"https:\/\/backup.overgenius.com\/product\/libro-divertido-de-actividades-financieras-para-ninos\/\"]}]},{\"@type\":\"ImageObject\",\"inLanguage\":\"en-US\",\"@id\":\"https:\/\/backup.overgenius.com\/product\/libro-divertido-de-actividades-financieras-para-ninos\/#primaryimage\",\"url\":\"https:\/\/backup.overgenius.com\/wp-content\/uploads\/2025\/01\/71rnBbjYkWL._SL1499_.jpg\",\"contentUrl\":\"https:\/\/backup.overgenius.com\/wp-content\/uploads\/2025\/01\/71rnBbjYkWL._SL1499_.jpg\",\"width\":1000,\"height\":1499},{\"@type\":\"BreadcrumbList\",\"@id\":\"https:\/\/backup.overgenius.com\/product\/libro-divertido-de-actividades-financieras-para-ninos\/#breadcrumb\",\"itemListElement\":[{\"@type\":\"ListItem\",\"position\":1,\"name\":\"Portada\",\"item\":\"https:\/\/backup.overgenius.com\/\"},{\"@type\":\"ListItem\",\"position\":2,\"name\":\"Tienda ya no\",\"item\":\"https:\/\/backup.overgenius.com\/tienda-ya-no\/\"},{\"@type\":\"ListItem\",\"position\":3,\"name\":\"Libro Divertido de Actividades Financieras para Ni\u00f1os: Aprende Jugando a Triunfar en el Desconocido (Ya No Tanto) Mundo del Dinero\"}]},{\"@type\":\"WebSite\",\"@id\":\"https:\/\/backup.overgenius.com\/#website\",\"url\":\"https:\/\/backup.overgenius.com\/\",\"name\":\"OVERGENIUS\",\"description\":\"Plataforma de aprendizaje y negocios con proyecci\u00f3n internacional\",\"publisher\":{\"@id\":\"https:\/\/backup.overgenius.com\/#organization\"},\"potentialAction\":[{\"@type\":\"SearchAction\",\"target\":{\"@type\":\"EntryPoint\",\"urlTemplate\":\"https:\/\/backup.overgenius.com\/?s={search_term_string}\"},\"query-input\":{\"@type\":\"PropertyValueSpecification\",\"valueRequired\":true,\"valueName\":\"search_term_string\"}}],\"inLanguage\":\"en-US\"},{\"@type\":\"Organization\",\"@id\":\"https:\/\/backup.overgenius.com\/#organization\",\"name\":\"OVERGENIUS\",\"url\":\"https:\/\/backup.overgenius.com\/\",\"logo\":{\"@type\":\"ImageObject\",\"inLanguage\":\"en-US\",\"@id\":\"https:\/\/backup.overgenius.com\/#\/schema\/logo\/image\/\",\"url\":\"https:\/\/backup.overgenius.com\/wp-content\/uploads\/2023\/07\/logotipo_overgenius-1.png\",\"contentUrl\":\"https:\/\/backup.overgenius.com\/wp-content\/uploads\/2023\/07\/logotipo_overgenius-1.png\",\"width\":1172,\"height\":299,\"caption\":\"OVERGENIUS\"},\"image\":{\"@id\":\"https:\/\/backup.overgenius.com\/#\/schema\/logo\/image\/\"},\"sameAs\":[\"https:\/\/www.facebook.com\/overgeniusteam\/\",\"https:\/\/www.youtube.com\/channel\/UC_ihjn8HZh31fI7HxHG4MAg\",\"https:\/\/www.instagram.com\/beovergenius\/\"]}]}<\/script>\n<!-- \/ Yoast SEO Premium plugin. -->","yoast_head_json":{"title":"Libro Divertido de Actividades Financieras para Ni\u00f1os: Aprende Jugando a Triunfar en el Desconocido (Ya No Tanto) Mundo del Dinero - OVERGENIUS","description":"Libro Divertido de Actividades Financieras para Ni\u00f1os. Emb\u00e1rcate en una divertida aventura mientras exploramos los conceptos b\u00e1sicos del dinero y su papel en nuestras vidas.","robots":{"index":"index","follow":"follow","max-snippet":"max-snippet:-1","max-image-preview":"max-image-preview:large","max-video-preview":"max-video-preview:-1"},"canonical":"https:\/\/backup.overgenius.com\/en\/product\/libro-divertido-de-actividades-financieras-para-ninos\/","og_locale":"en_US","og_type":"article","og_title":"Libro Divertido de Actividades Financieras para Ni\u00f1os: Aprende Jugando a Triunfar en el Desconocido (Ya No Tanto) Mundo del Dinero","og_description":"Libro Divertido de Actividades Financieras para Ni\u00f1os. Emb\u00e1rcate en una divertida aventura mientras exploramos los conceptos b\u00e1sicos del dinero y su papel en nuestras vidas.","og_url":"https:\/\/backup.overgenius.com\/en\/product\/libro-divertido-de-actividades-financieras-para-ninos\/","og_site_name":"OVERGENIUS","article_publisher":"https:\/\/www.facebook.com\/overgeniusteam\/","article_modified_time":"2025-09-30T22:06:37+00:00","og_image":[{"width":1000,"height":1499,"url":"https:\/\/backup.overgenius.com\/wp-content\/uploads\/2025\/01\/71rnBbjYkWL._SL1499_.jpg","type":"image\/jpeg"}],"twitter_card":"summary_large_image","twitter_misc":{"Est. reading time":"1 minute"},"schema":{"@context":"https:\/\/schema.org","@graph":[{"@type":"WebPage","@id":"https:\/\/backup.overgenius.com\/product\/libro-divertido-de-actividades-financieras-para-ninos\/","url":"https:\/\/backup.overgenius.com\/product\/libro-divertido-de-actividades-financieras-para-ninos\/","name":"Libro Divertido de Actividades Financieras para Ni\u00f1os: Aprende Jugando a Triunfar en el Desconocido (Ya No Tanto) Mundo del Dinero - OVERGENIUS","isPartOf":{"@id":"https:\/\/backup.overgenius.com\/#website"},"primaryImageOfPage":{"@id":"https:\/\/backup.overgenius.com\/product\/libro-divertido-de-actividades-financieras-para-ninos\/#primaryimage"},"image":{"@id":"https:\/\/backup.overgenius.com\/product\/libro-divertido-de-actividades-financieras-para-ninos\/#primaryimage"},"thumbnailUrl":"https:\/\/backup.overgenius.com\/wp-content\/uploads\/2025\/01\/71rnBbjYkWL._SL1499_.jpg","datePublished":"2025-01-03T02:30:43+00:00","dateModified":"2025-09-30T22:06:37+00:00","description":"Libro Divertido de Actividades Financieras para Ni\u00f1os. Emb\u00e1rcate en una divertida aventura mientras exploramos los conceptos b\u00e1sicos del dinero y su papel en nuestras vidas.","breadcrumb":{"@id":"https:\/\/backup.overgenius.com\/product\/libro-divertido-de-actividades-financieras-para-ninos\/#breadcrumb"},"inLanguage":"en-US","potentialAction":[{"@type":"ReadAction","target":["https:\/\/backup.overgenius.com\/product\/libro-divertido-de-actividades-financieras-para-ninos\/"]}]},{"@type":"ImageObject","inLanguage":"en-US","@id":"https:\/\/backup.overgenius.com\/product\/libro-divertido-de-actividades-financieras-para-ninos\/#primaryimage","url":"https:\/\/backup.overgenius.com\/wp-content\/uploads\/2025\/01\/71rnBbjYkWL._SL1499_.jpg","contentUrl":"https:\/\/backup.overgenius.com\/wp-content\/uploads\/2025\/01\/71rnBbjYkWL._SL1499_.jpg","width":1000,"height":1499},{"@type":"BreadcrumbList","@id":"https:\/\/backup.overgenius.com\/product\/libro-divertido-de-actividades-financieras-para-ninos\/#breadcrumb","itemListElement":[{"@type":"ListItem","position":1,"name":"Portada","item":"https:\/\/backup.overgenius.com\/"},{"@type":"ListItem","position":2,"name":"Tienda ya no","item":"https:\/\/backup.overgenius.com\/tienda-ya-no\/"},{"@type":"ListItem","position":3,"name":"Libro Divertido de Actividades Financieras para Ni\u00f1os: Aprende Jugando a Triunfar en el Desconocido (Ya No Tanto) Mundo del Dinero"}]},{"@type":"WebSite","@id":"https:\/\/backup.overgenius.com\/#website","url":"https:\/\/backup.overgenius.com\/","name":"OVERGENIUS","description":"Plataforma de aprendizaje y negocios con proyecci\u00f3n internacional","publisher":{"@id":"https:\/\/backup.overgenius.com\/#organization"},"potentialAction":[{"@type":"SearchAction","target":{"@type":"EntryPoint","urlTemplate":"https:\/\/backup.overgenius.com\/?s={search_term_string}"},"query-input":{"@type":"PropertyValueSpecification","valueRequired":true,"valueName":"search_term_string"}}],"inLanguage":"en-US"},{"@type":"Organization","@id":"https:\/\/backup.overgenius.com\/#organization","name":"OVERGENIUS","url":"https:\/\/backup.overgenius.com\/","logo":{"@type":"ImageObject","inLanguage":"en-US","@id":"https:\/\/backup.overgenius.com\/#\/schema\/logo\/image\/","url":"https:\/\/backup.overgenius.com\/wp-content\/uploads\/2023\/07\/logotipo_overgenius-1.png","contentUrl":"https:\/\/backup.overgenius.com\/wp-content\/uploads\/2023\/07\/logotipo_overgenius-1.png","width":1172,"height":299,"caption":"OVERGENIUS"},"image":{"@id":"https:\/\/backup.overgenius.com\/#\/schema\/logo\/image\/"},"sameAs":["https:\/\/www.facebook.com\/overgeniusteam\/","https:\/\/www.youtube.com\/channel\/UC_ihjn8HZh31fI7HxHG4MAg","https:\/\/www.instagram.com\/beovergenius\/"]}]}},"_links":{"self":[{"href":"https:\/\/backup.overgenius.com\/en\/wp-json\/wp\/v2\/product\/31193","targetHints":{"allow":["GET"]}}],"collection":[{"href":"https:\/\/backup.overgenius.com\/en\/wp-json\/wp\/v2\/product"}],"about":[{"href":"https:\/\/backup.overgenius.com\/en\/wp-json\/wp\/v2\/types\/product"}],"replies":[{"embeddable":true,"href":"https:\/\/backup.overgenius.com\/en\/wp-json\/wp\/v2\/comments?post=31193"}],"wp:featuredmedia":[{"embeddable":true,"href":"https:\/\/backup.overgenius.com\/en\/wp-json\/wp\/v2\/media\/31194"}],"wp:attachment":[{"href":"https:\/\/backup.overgenius.com\/en\/wp-json\/wp\/v2\/media?parent=31193"}],"wp:term":[{"taxonomy":"product_brand","embeddable":true,"href":"https:\/\/backup.overgenius.com\/en\/wp-json\/wp\/v2\/product_brand?post=31193"},{"taxonomy":"product_cat","embeddable":true,"href":"https:\/\/backup.overgenius.com\/en\/wp-json\/wp\/v2\/product_cat?post=31193"},{"taxonomy":"product_tag","embeddable":true,"href":"https:\/\/backup.overgenius.com\/en\/wp-json\/wp\/v2\/product_tag?post=31193"}],"curies":[{"name":"wp","href":"https:\/\/api.w.org\/{rel}","templated":true}]}}