{"id":35634,"date":"2025-07-27T04:17:17","date_gmt":"2025-07-27T04:17:17","guid":{"rendered":"https:\/\/backup.overgenius.com\/?post_type=product&#038;p=35634"},"modified":"2026-02-23T19:35:40","modified_gmt":"2026-02-23T19:35:40","slug":"club-overgenius-familiar","status":"publish","type":"product","link":"https:\/\/backup.overgenius.com\/en\/product\/club-overgenius-familiar\/","title":{"rendered":"CLUB OVERGENIUS FAMILIAR"},"content":{"rendered":"<p>Accede con tu familia a ACADEMIA E-LEARNING OVERGENIUS, recursos imprimibles y actividades exclusivas. Ideal para ni\u00f1os y j\u00f3venes con acompa\u00f1amiento de sus padres. \u00a1Aprendan, creen y emprendan juntos desde casa!<\/p>\n<div class=\"header\"><\/div>\n<div class=\"eael-pricing-tag\"><span class=\"price-tag\"><span class=\"original-price\"><span class=\"price-currency\">Por tan solo $<\/span>15<\/span><\/span><span class=\"price-period\">\/mensuales obtienes los siguientes beneficios para hasta 3 personas:<\/span><\/div>\n<div class=\"body\">\n<ul>\n<li>Full access ACADEMIA E-LEARNING OVERGENIUS<\/li>\n<li>Full access Blogger OVERGENIUS<\/li>\n<li>10% descuento en creaci\u00f3n<br \/>\nde programas en E-M\u00c1STER<\/li>\n<li>Actividades y charlas especiales<\/li>\n<\/ul>\n<p>PR\u00d3XIMAMENTE<\/p>\n<ul>\n<li>5% descuento en productos seleccionados<br \/>\nen nuestra TIENDA ONLINE<\/li>\n<li>Full access biblioteca MEETS FOR KIDS<\/li>\n<li>Recursos multimedia por temas<\/li>\n<li>Descuentos especiales en marcas por pa\u00eds<\/li>\n<li>Acceso a biblioteca virtual<\/li>\n<li>Kit para emprender<\/li>\n<\/ul>\n<p>(m\u00e1ximo 3 cuentas por familia con correos diferentes, beneficios con cuenta activa)<\/p>\n<\/div>","protected":false},"excerpt":{"rendered":"<p>Incluye acceso para padres e hijos a ACADEMIA E-LEARNING OVERGENIUS, recursos descargables y comunidad<\/p>","protected":false},"featured_media":35636,"comment_status":"open","ping_status":"closed","template":"","meta":{"_acf_changed":false,"give_campaign_id":0,"inline_featured_image":false,"_monsterinsights_skip_tracking":false,"_monsterinsights_sitenote_active":false,"_monsterinsights_sitenote_note":"","_monsterinsights_sitenote_category":0},"product_brand":[],"product_cat":[15,108],"product_tag":[568,111],"class_list":{"0":"post-35634","1":"product","2":"type-product","3":"status-publish","4":"has-post-thumbnail","6":"product_cat-libre","7":"product_cat-educacion","8":"product_tag-educacion","9":"product_tag-recursos","11":"first","12":"instock","13":"shipping-taxable","14":"purchasable","15":"product-type-simple"},"acf":[],"yoast_head":"<!-- This site is optimized with the Yoast SEO Premium plugin v24.2 (Yoast SEO v25.8) - https:\/\/yoast.com\/wordpress\/plugins\/seo\/ -->\n<title>CLUB OVERGENIUS FAMILIAR - OVERGENIUS<\/title>\n<meta name=\"description\" content=\"Incluye Full Access E-learning OVERGENIUS hasta para 3 personas, recursos y comunidad, as\u00ed como beneficios exclusivos para el n\u00facleo familiar.\" \/>\n<meta name=\"robots\" content=\"index, follow, max-snippet:-1, max-image-preview:large, max-video-preview:-1\" \/>\n<link rel=\"canonical\" href=\"https:\/\/backup.overgenius.com\/en\/product\/club-overgenius-familiar\/\" \/>\n<meta property=\"og:locale\" content=\"en_US\" \/>\n<meta property=\"og:type\" content=\"article\" \/>\n<meta property=\"og:title\" content=\"CLUB OVERGENIUS FAMILIAR\" \/>\n<meta property=\"og:description\" content=\"Incluye Full Access E-learning OVERGENIUS hasta para 3 personas, recursos y comunidad, as\u00ed como beneficios exclusivos para el n\u00facleo familiar.\" \/>\n<meta property=\"og:url\" content=\"https:\/\/backup.overgenius.com\/en\/product\/club-overgenius-familiar\/\" \/>\n<meta property=\"og:site_name\" content=\"OVERGENIUS\" \/>\n<meta property=\"article:publisher\" content=\"https:\/\/www.facebook.com\/overgeniusteam\/\" \/>\n<meta property=\"article:modified_time\" content=\"2026-02-23T19:35:40+00:00\" \/>\n<meta property=\"og:image\" content=\"https:\/\/backup.overgenius.com\/wp-content\/uploads\/2025\/07\/LOGOTIPOS-MARKETHINK_Artboard-17-copy-6.jpg\" \/>\n\t<meta property=\"og:image:width\" content=\"1250\" \/>\n\t<meta property=\"og:image:height\" content=\"1250\" \/>\n\t<meta property=\"og:image:type\" content=\"image\/jpeg\" \/>\n<meta name=\"twitter:card\" content=\"summary_large_image\" \/>\n<meta name=\"twitter:label1\" content=\"Est. reading time\" \/>\n\t<meta name=\"twitter:data1\" content=\"1 minute\" \/>\n<script type=\"application\/ld+json\" class=\"yoast-schema-graph\">{\"@context\":\"https:\/\/schema.org\",\"@graph\":[{\"@type\":\"WebPage\",\"@id\":\"https:\/\/backup.overgenius.com\/product\/club-overgenius-familiar\/\",\"url\":\"https:\/\/backup.overgenius.com\/product\/club-overgenius-familiar\/\",\"name\":\"CLUB OVERGENIUS FAMILIAR - OVERGENIUS\",\"isPartOf\":{\"@id\":\"https:\/\/backup.overgenius.com\/#website\"},\"primaryImageOfPage\":{\"@id\":\"https:\/\/backup.overgenius.com\/product\/club-overgenius-familiar\/#primaryimage\"},\"image\":{\"@id\":\"https:\/\/backup.overgenius.com\/product\/club-overgenius-familiar\/#primaryimage\"},\"thumbnailUrl\":\"https:\/\/backup.overgenius.com\/wp-content\/uploads\/2025\/07\/LOGOTIPOS-MARKETHINK_Artboard-17-copy-6.jpg\",\"datePublished\":\"2025-07-27T04:17:17+00:00\",\"dateModified\":\"2026-02-23T19:35:40+00:00\",\"description\":\"Incluye Full Access E-learning OVERGENIUS hasta para 3 personas, recursos y comunidad, as\u00ed como beneficios exclusivos para el n\u00facleo familiar.\",\"breadcrumb\":{\"@id\":\"https:\/\/backup.overgenius.com\/product\/club-overgenius-familiar\/#breadcrumb\"},\"inLanguage\":\"en-US\",\"potentialAction\":[{\"@type\":\"ReadAction\",\"target\":[\"https:\/\/backup.overgenius.com\/product\/club-overgenius-familiar\/\"]}]},{\"@type\":\"ImageObject\",\"inLanguage\":\"en-US\",\"@id\":\"https:\/\/backup.overgenius.com\/product\/club-overgenius-familiar\/#primaryimage\",\"url\":\"https:\/\/backup.overgenius.com\/wp-content\/uploads\/2025\/07\/LOGOTIPOS-MARKETHINK_Artboard-17-copy-6.jpg\",\"contentUrl\":\"https:\/\/backup.overgenius.com\/wp-content\/uploads\/2025\/07\/LOGOTIPOS-MARKETHINK_Artboard-17-copy-6.jpg\",\"width\":1250,\"height\":1250},{\"@type\":\"BreadcrumbList\",\"@id\":\"https:\/\/backup.overgenius.com\/product\/club-overgenius-familiar\/#breadcrumb\",\"itemListElement\":[{\"@type\":\"ListItem\",\"position\":1,\"name\":\"Portada\",\"item\":\"https:\/\/backup.overgenius.com\/\"},{\"@type\":\"ListItem\",\"position\":2,\"name\":\"Tienda ya no\",\"item\":\"https:\/\/backup.overgenius.com\/tienda-ya-no\/\"},{\"@type\":\"ListItem\",\"position\":3,\"name\":\"CLUB OVERGENIUS FAMILIAR\"}]},{\"@type\":\"WebSite\",\"@id\":\"https:\/\/backup.overgenius.com\/#website\",\"url\":\"https:\/\/backup.overgenius.com\/\",\"name\":\"OVERGENIUS\",\"description\":\"Plataforma de aprendizaje y negocios con proyecci\u00f3n internacional\",\"publisher\":{\"@id\":\"https:\/\/backup.overgenius.com\/#organization\"},\"potentialAction\":[{\"@type\":\"SearchAction\",\"target\":{\"@type\":\"EntryPoint\",\"urlTemplate\":\"https:\/\/backup.overgenius.com\/?s={search_term_string}\"},\"query-input\":{\"@type\":\"PropertyValueSpecification\",\"valueRequired\":true,\"valueName\":\"search_term_string\"}}],\"inLanguage\":\"en-US\"},{\"@type\":\"Organization\",\"@id\":\"https:\/\/backup.overgenius.com\/#organization\",\"name\":\"OVERGENIUS\",\"url\":\"https:\/\/backup.overgenius.com\/\",\"logo\":{\"@type\":\"ImageObject\",\"inLanguage\":\"en-US\",\"@id\":\"https:\/\/backup.overgenius.com\/#\/schema\/logo\/image\/\",\"url\":\"https:\/\/backup.overgenius.com\/wp-content\/uploads\/2023\/07\/logotipo_overgenius-1.png\",\"contentUrl\":\"https:\/\/backup.overgenius.com\/wp-content\/uploads\/2023\/07\/logotipo_overgenius-1.png\",\"width\":1172,\"height\":299,\"caption\":\"OVERGENIUS\"},\"image\":{\"@id\":\"https:\/\/backup.overgenius.com\/#\/schema\/logo\/image\/\"},\"sameAs\":[\"https:\/\/www.facebook.com\/overgeniusteam\/\",\"https:\/\/www.youtube.com\/channel\/UC_ihjn8HZh31fI7HxHG4MAg\",\"https:\/\/www.instagram.com\/beovergenius\/\"]}]}<\/script>\n<!-- \/ Yoast SEO Premium plugin. -->","yoast_head_json":{"title":"CLUB OVERGENIUS FAMILIAR - OVERGENIUS","description":"Incluye Full Access E-learning OVERGENIUS hasta para 3 personas, recursos y comunidad, as\u00ed como beneficios exclusivos para el n\u00facleo familiar.","robots":{"index":"index","follow":"follow","max-snippet":"max-snippet:-1","max-image-preview":"max-image-preview:large","max-video-preview":"max-video-preview:-1"},"canonical":"https:\/\/backup.overgenius.com\/en\/product\/club-overgenius-familiar\/","og_locale":"en_US","og_type":"article","og_title":"CLUB OVERGENIUS FAMILIAR","og_description":"Incluye Full Access E-learning OVERGENIUS hasta para 3 personas, recursos y comunidad, as\u00ed como beneficios exclusivos para el n\u00facleo familiar.","og_url":"https:\/\/backup.overgenius.com\/en\/product\/club-overgenius-familiar\/","og_site_name":"OVERGENIUS","article_publisher":"https:\/\/www.facebook.com\/overgeniusteam\/","article_modified_time":"2026-02-23T19:35:40+00:00","og_image":[{"width":1250,"height":1250,"url":"https:\/\/backup.overgenius.com\/wp-content\/uploads\/2025\/07\/LOGOTIPOS-MARKETHINK_Artboard-17-copy-6.jpg","type":"image\/jpeg"}],"twitter_card":"summary_large_image","twitter_misc":{"Est. reading time":"1 minute"},"schema":{"@context":"https:\/\/schema.org","@graph":[{"@type":"WebPage","@id":"https:\/\/backup.overgenius.com\/product\/club-overgenius-familiar\/","url":"https:\/\/backup.overgenius.com\/product\/club-overgenius-familiar\/","name":"CLUB OVERGENIUS FAMILIAR - OVERGENIUS","isPartOf":{"@id":"https:\/\/backup.overgenius.com\/#website"},"primaryImageOfPage":{"@id":"https:\/\/backup.overgenius.com\/product\/club-overgenius-familiar\/#primaryimage"},"image":{"@id":"https:\/\/backup.overgenius.com\/product\/club-overgenius-familiar\/#primaryimage"},"thumbnailUrl":"https:\/\/backup.overgenius.com\/wp-content\/uploads\/2025\/07\/LOGOTIPOS-MARKETHINK_Artboard-17-copy-6.jpg","datePublished":"2025-07-27T04:17:17+00:00","dateModified":"2026-02-23T19:35:40+00:00","description":"Incluye Full Access E-learning OVERGENIUS hasta para 3 personas, recursos y comunidad, as\u00ed como beneficios exclusivos para el n\u00facleo familiar.","breadcrumb":{"@id":"https:\/\/backup.overgenius.com\/product\/club-overgenius-familiar\/#breadcrumb"},"inLanguage":"en-US","potentialAction":[{"@type":"ReadAction","target":["https:\/\/backup.overgenius.com\/product\/club-overgenius-familiar\/"]}]},{"@type":"ImageObject","inLanguage":"en-US","@id":"https:\/\/backup.overgenius.com\/product\/club-overgenius-familiar\/#primaryimage","url":"https:\/\/backup.overgenius.com\/wp-content\/uploads\/2025\/07\/LOGOTIPOS-MARKETHINK_Artboard-17-copy-6.jpg","contentUrl":"https:\/\/backup.overgenius.com\/wp-content\/uploads\/2025\/07\/LOGOTIPOS-MARKETHINK_Artboard-17-copy-6.jpg","width":1250,"height":1250},{"@type":"BreadcrumbList","@id":"https:\/\/backup.overgenius.com\/product\/club-overgenius-familiar\/#breadcrumb","itemListElement":[{"@type":"ListItem","position":1,"name":"Portada","item":"https:\/\/backup.overgenius.com\/"},{"@type":"ListItem","position":2,"name":"Tienda ya no","item":"https:\/\/backup.overgenius.com\/tienda-ya-no\/"},{"@type":"ListItem","position":3,"name":"CLUB OVERGENIUS FAMILIAR"}]},{"@type":"WebSite","@id":"https:\/\/backup.overgenius.com\/#website","url":"https:\/\/backup.overgenius.com\/","name":"OVERGENIUS","description":"Plataforma de aprendizaje y negocios con proyecci\u00f3n internacional","publisher":{"@id":"https:\/\/backup.overgenius.com\/#organization"},"potentialAction":[{"@type":"SearchAction","target":{"@type":"EntryPoint","urlTemplate":"https:\/\/backup.overgenius.com\/?s={search_term_string}"},"query-input":{"@type":"PropertyValueSpecification","valueRequired":true,"valueName":"search_term_string"}}],"inLanguage":"en-US"},{"@type":"Organization","@id":"https:\/\/backup.overgenius.com\/#organization","name":"OVERGENIUS","url":"https:\/\/backup.overgenius.com\/","logo":{"@type":"ImageObject","inLanguage":"en-US","@id":"https:\/\/backup.overgenius.com\/#\/schema\/logo\/image\/","url":"https:\/\/backup.overgenius.com\/wp-content\/uploads\/2023\/07\/logotipo_overgenius-1.png","contentUrl":"https:\/\/backup.overgenius.com\/wp-content\/uploads\/2023\/07\/logotipo_overgenius-1.png","width":1172,"height":299,"caption":"OVERGENIUS"},"image":{"@id":"https:\/\/backup.overgenius.com\/#\/schema\/logo\/image\/"},"sameAs":["https:\/\/www.facebook.com\/overgeniusteam\/","https:\/\/www.youtube.com\/channel\/UC_ihjn8HZh31fI7HxHG4MAg","https:\/\/www.instagram.com\/beovergenius\/"]}]}},"_links":{"self":[{"href":"https:\/\/backup.overgenius.com\/en\/wp-json\/wp\/v2\/product\/35634","targetHints":{"allow":["GET"]}}],"collection":[{"href":"https:\/\/backup.overgenius.com\/en\/wp-json\/wp\/v2\/product"}],"about":[{"href":"https:\/\/backup.overgenius.com\/en\/wp-json\/wp\/v2\/types\/product"}],"replies":[{"embeddable":true,"href":"https:\/\/backup.overgenius.com\/en\/wp-json\/wp\/v2\/comments?post=35634"}],"wp:featuredmedia":[{"embeddable":true,"href":"https:\/\/backup.overgenius.com\/en\/wp-json\/wp\/v2\/media\/35636"}],"wp:attachment":[{"href":"https:\/\/backup.overgenius.com\/en\/wp-json\/wp\/v2\/media?parent=35634"}],"wp:term":[{"taxonomy":"product_brand","embeddable":true,"href":"https:\/\/backup.overgenius.com\/en\/wp-json\/wp\/v2\/product_brand?post=35634"},{"taxonomy":"product_cat","embeddable":true,"href":"https:\/\/backup.overgenius.com\/en\/wp-json\/wp\/v2\/product_cat?post=35634"},{"taxonomy":"product_tag","embeddable":true,"href":"https:\/\/backup.overgenius.com\/en\/wp-json\/wp\/v2\/product_tag?post=35634"}],"curies":[{"name":"wp","href":"https:\/\/api.w.org\/{rel}","templated":true}]}}