{"id":35637,"date":"2025-07-27T04:33:17","date_gmt":"2025-07-27T04:33:17","guid":{"rendered":"https:\/\/backup.overgenius.com\/?post_type=product&#038;p=35637"},"modified":"2025-11-14T22:25:07","modified_gmt":"2025-11-14T22:25:07","slug":"club-overgenius-empresarial","status":"publish","type":"product","link":"https:\/\/backup.overgenius.com\/en\/product\/club-overgenius-empresarial\/","title":{"rendered":"CLUB OVERGENIUS EMPRESARIAL"},"content":{"rendered":"<p>Dise\u00f1ada para colegios, ONG o empresas que buscan transformar la educaci\u00f3n. Incluye m\u00faltiples accesos, recursos premium y visibilidad como aliado educativo. Impacta vidas, desarrolla talento y s\u00e9 parte del cambio.<\/p>\n<div class=\"eael-pricing-tag\"><span class=\"price-tag\"><span class=\"original-price\"><span class=\"price-currency\">Por solamente $<\/span>120<\/span><\/span><span class=\"price-period\">\/mensuales tienes los siguientes beneficios para hasta 100 cuentas personalizadas:<\/span><\/div>\n<div class=\"body\">\n<ul>\n<li>Banners en Blogs espec\u00edficos<\/li>\n<li>Full Access ACADEMIA E-LEARNING OVERGENIUS con diplomas personalizados de la marca<\/li>\n<li>Presencia de marca en redes como partner<\/li>\n<li>Full access Blogger OVERGENIUS<\/li>\n<li>15% de descuento<br \/>\nen BUSINESS MARKETHINK EXPERIENCIE<\/li>\n<li>15% descuento en creaci\u00f3n<br \/>\nde programas en E-M\u00c1STER<\/li>\n<li>Actividades y charlas especiales<\/li>\n<li>Hasta 100 cuentas personalizadas con beneficios con licencia activa ANUAL (10 meses)<\/li>\n<\/ul>\n<p>PR\u00d3XIMAMENTE<\/p>\n<ul>\n<li>5% descuento en productos seleccionados<br \/>\nen nuestra TIENDA ONLINE<\/li>\n<li>Networking de marcas por pa\u00eds<\/li>\n<\/ul>\n<p>&nbsp;<\/p>\n<\/div>","protected":false},"excerpt":{"rendered":"<p>Crea hasta 100 cuentas personalizadas y obt\u00e9n Full Access para ACADEMIA E-LEARNING OVERGENIUS con diplomas personalizados de tu marca para tu equipo, colegio u organizaci\u00f3n. Impacta vidas con recursos premium y beneficios exclusivos como aliado.<\/p>","protected":false},"featured_media":35635,"comment_status":"open","ping_status":"closed","template":"","meta":{"_acf_changed":false,"give_campaign_id":0,"inline_featured_image":false,"_monsterinsights_skip_tracking":false,"_monsterinsights_sitenote_active":false,"_monsterinsights_sitenote_note":"","_monsterinsights_sitenote_category":0},"product_brand":[],"product_cat":[15,108],"product_tag":[],"class_list":{"0":"post-35637","1":"product","2":"type-product","3":"status-publish","4":"has-post-thumbnail","6":"product_cat-libre","7":"product_cat-educacion","9":"first","10":"instock","11":"shipping-taxable","12":"purchasable","13":"product-type-simple"},"acf":[],"yoast_head":"<!-- This site is optimized with the Yoast SEO Premium plugin v24.2 (Yoast SEO v25.8) - https:\/\/yoast.com\/wordpress\/plugins\/seo\/ -->\n<title>CLUB OVERGENIUS EMPRESARIAL - OVERGENIUS<\/title>\n<meta name=\"description\" content=\"Impacta vidas de tus colaboradores con recursos premium para todo tu equipo o alumnos. Ideal para colegios e instituciones educativas.\" \/>\n<meta name=\"robots\" content=\"index, follow, max-snippet:-1, max-image-preview:large, max-video-preview:-1\" \/>\n<link rel=\"canonical\" href=\"https:\/\/backup.overgenius.com\/en\/product\/club-overgenius-empresarial\/\" \/>\n<meta property=\"og:locale\" content=\"en_US\" \/>\n<meta property=\"og:type\" content=\"article\" \/>\n<meta property=\"og:title\" content=\"CLUB OVERGENIUS EMPRESARIAL\" \/>\n<meta property=\"og:description\" content=\"Impacta vidas de tus colaboradores con recursos premium para todo tu equipo o alumnos. Ideal para colegios e instituciones educativas.\" \/>\n<meta property=\"og:url\" content=\"https:\/\/backup.overgenius.com\/en\/product\/club-overgenius-empresarial\/\" \/>\n<meta property=\"og:site_name\" content=\"OVERGENIUS\" \/>\n<meta property=\"article:publisher\" content=\"https:\/\/www.facebook.com\/overgeniusteam\/\" \/>\n<meta property=\"article:modified_time\" content=\"2025-11-14T22:25:07+00:00\" \/>\n<meta property=\"og:image\" content=\"https:\/\/backup.overgenius.com\/wp-content\/uploads\/2025\/07\/LOGOTIPOS-MARKETHINK_Artboard-17-copy-5.jpg\" \/>\n\t<meta property=\"og:image:width\" content=\"1250\" \/>\n\t<meta property=\"og:image:height\" content=\"1250\" \/>\n\t<meta property=\"og:image:type\" content=\"image\/jpeg\" \/>\n<meta name=\"twitter:card\" content=\"summary_large_image\" \/>\n<meta name=\"twitter:label1\" content=\"Est. reading time\" \/>\n\t<meta name=\"twitter:data1\" content=\"1 minute\" \/>\n<script type=\"application\/ld+json\" class=\"yoast-schema-graph\">{\"@context\":\"https:\/\/schema.org\",\"@graph\":[{\"@type\":\"WebPage\",\"@id\":\"https:\/\/backup.overgenius.com\/product\/club-overgenius-empresarial\/\",\"url\":\"https:\/\/backup.overgenius.com\/product\/club-overgenius-empresarial\/\",\"name\":\"CLUB OVERGENIUS EMPRESARIAL - OVERGENIUS\",\"isPartOf\":{\"@id\":\"https:\/\/backup.overgenius.com\/#website\"},\"primaryImageOfPage\":{\"@id\":\"https:\/\/backup.overgenius.com\/product\/club-overgenius-empresarial\/#primaryimage\"},\"image\":{\"@id\":\"https:\/\/backup.overgenius.com\/product\/club-overgenius-empresarial\/#primaryimage\"},\"thumbnailUrl\":\"https:\/\/backup.overgenius.com\/wp-content\/uploads\/2025\/07\/LOGOTIPOS-MARKETHINK_Artboard-17-copy-5.jpg\",\"datePublished\":\"2025-07-27T04:33:17+00:00\",\"dateModified\":\"2025-11-14T22:25:07+00:00\",\"description\":\"Impacta vidas de tus colaboradores con recursos premium para todo tu equipo o alumnos. Ideal para colegios e instituciones educativas.\",\"breadcrumb\":{\"@id\":\"https:\/\/backup.overgenius.com\/product\/club-overgenius-empresarial\/#breadcrumb\"},\"inLanguage\":\"en-US\",\"potentialAction\":[{\"@type\":\"ReadAction\",\"target\":[\"https:\/\/backup.overgenius.com\/product\/club-overgenius-empresarial\/\"]}]},{\"@type\":\"ImageObject\",\"inLanguage\":\"en-US\",\"@id\":\"https:\/\/backup.overgenius.com\/product\/club-overgenius-empresarial\/#primaryimage\",\"url\":\"https:\/\/backup.overgenius.com\/wp-content\/uploads\/2025\/07\/LOGOTIPOS-MARKETHINK_Artboard-17-copy-5.jpg\",\"contentUrl\":\"https:\/\/backup.overgenius.com\/wp-content\/uploads\/2025\/07\/LOGOTIPOS-MARKETHINK_Artboard-17-copy-5.jpg\",\"width\":1250,\"height\":1250},{\"@type\":\"BreadcrumbList\",\"@id\":\"https:\/\/backup.overgenius.com\/product\/club-overgenius-empresarial\/#breadcrumb\",\"itemListElement\":[{\"@type\":\"ListItem\",\"position\":1,\"name\":\"Portada\",\"item\":\"https:\/\/backup.overgenius.com\/\"},{\"@type\":\"ListItem\",\"position\":2,\"name\":\"Tienda ya no\",\"item\":\"https:\/\/backup.overgenius.com\/tienda-ya-no\/\"},{\"@type\":\"ListItem\",\"position\":3,\"name\":\"CLUB OVERGENIUS EMPRESARIAL\"}]},{\"@type\":\"WebSite\",\"@id\":\"https:\/\/backup.overgenius.com\/#website\",\"url\":\"https:\/\/backup.overgenius.com\/\",\"name\":\"OVERGENIUS\",\"description\":\"Plataforma de aprendizaje y negocios con proyecci\u00f3n internacional\",\"publisher\":{\"@id\":\"https:\/\/backup.overgenius.com\/#organization\"},\"potentialAction\":[{\"@type\":\"SearchAction\",\"target\":{\"@type\":\"EntryPoint\",\"urlTemplate\":\"https:\/\/backup.overgenius.com\/?s={search_term_string}\"},\"query-input\":{\"@type\":\"PropertyValueSpecification\",\"valueRequired\":true,\"valueName\":\"search_term_string\"}}],\"inLanguage\":\"en-US\"},{\"@type\":\"Organization\",\"@id\":\"https:\/\/backup.overgenius.com\/#organization\",\"name\":\"OVERGENIUS\",\"url\":\"https:\/\/backup.overgenius.com\/\",\"logo\":{\"@type\":\"ImageObject\",\"inLanguage\":\"en-US\",\"@id\":\"https:\/\/backup.overgenius.com\/#\/schema\/logo\/image\/\",\"url\":\"https:\/\/backup.overgenius.com\/wp-content\/uploads\/2023\/07\/logotipo_overgenius-1.png\",\"contentUrl\":\"https:\/\/backup.overgenius.com\/wp-content\/uploads\/2023\/07\/logotipo_overgenius-1.png\",\"width\":1172,\"height\":299,\"caption\":\"OVERGENIUS\"},\"image\":{\"@id\":\"https:\/\/backup.overgenius.com\/#\/schema\/logo\/image\/\"},\"sameAs\":[\"https:\/\/www.facebook.com\/overgeniusteam\/\",\"https:\/\/www.youtube.com\/channel\/UC_ihjn8HZh31fI7HxHG4MAg\",\"https:\/\/www.instagram.com\/beovergenius\/\"]}]}<\/script>\n<!-- \/ Yoast SEO Premium plugin. -->","yoast_head_json":{"title":"CLUB OVERGENIUS EMPRESARIAL - OVERGENIUS","description":"Impacta vidas de tus colaboradores con recursos premium para todo tu equipo o alumnos. Ideal para colegios e instituciones educativas.","robots":{"index":"index","follow":"follow","max-snippet":"max-snippet:-1","max-image-preview":"max-image-preview:large","max-video-preview":"max-video-preview:-1"},"canonical":"https:\/\/backup.overgenius.com\/en\/product\/club-overgenius-empresarial\/","og_locale":"en_US","og_type":"article","og_title":"CLUB OVERGENIUS EMPRESARIAL","og_description":"Impacta vidas de tus colaboradores con recursos premium para todo tu equipo o alumnos. Ideal para colegios e instituciones educativas.","og_url":"https:\/\/backup.overgenius.com\/en\/product\/club-overgenius-empresarial\/","og_site_name":"OVERGENIUS","article_publisher":"https:\/\/www.facebook.com\/overgeniusteam\/","article_modified_time":"2025-11-14T22:25:07+00:00","og_image":[{"width":1250,"height":1250,"url":"https:\/\/backup.overgenius.com\/wp-content\/uploads\/2025\/07\/LOGOTIPOS-MARKETHINK_Artboard-17-copy-5.jpg","type":"image\/jpeg"}],"twitter_card":"summary_large_image","twitter_misc":{"Est. reading time":"1 minute"},"schema":{"@context":"https:\/\/schema.org","@graph":[{"@type":"WebPage","@id":"https:\/\/backup.overgenius.com\/product\/club-overgenius-empresarial\/","url":"https:\/\/backup.overgenius.com\/product\/club-overgenius-empresarial\/","name":"CLUB OVERGENIUS EMPRESARIAL - OVERGENIUS","isPartOf":{"@id":"https:\/\/backup.overgenius.com\/#website"},"primaryImageOfPage":{"@id":"https:\/\/backup.overgenius.com\/product\/club-overgenius-empresarial\/#primaryimage"},"image":{"@id":"https:\/\/backup.overgenius.com\/product\/club-overgenius-empresarial\/#primaryimage"},"thumbnailUrl":"https:\/\/backup.overgenius.com\/wp-content\/uploads\/2025\/07\/LOGOTIPOS-MARKETHINK_Artboard-17-copy-5.jpg","datePublished":"2025-07-27T04:33:17+00:00","dateModified":"2025-11-14T22:25:07+00:00","description":"Impacta vidas de tus colaboradores con recursos premium para todo tu equipo o alumnos. Ideal para colegios e instituciones educativas.","breadcrumb":{"@id":"https:\/\/backup.overgenius.com\/product\/club-overgenius-empresarial\/#breadcrumb"},"inLanguage":"en-US","potentialAction":[{"@type":"ReadAction","target":["https:\/\/backup.overgenius.com\/product\/club-overgenius-empresarial\/"]}]},{"@type":"ImageObject","inLanguage":"en-US","@id":"https:\/\/backup.overgenius.com\/product\/club-overgenius-empresarial\/#primaryimage","url":"https:\/\/backup.overgenius.com\/wp-content\/uploads\/2025\/07\/LOGOTIPOS-MARKETHINK_Artboard-17-copy-5.jpg","contentUrl":"https:\/\/backup.overgenius.com\/wp-content\/uploads\/2025\/07\/LOGOTIPOS-MARKETHINK_Artboard-17-copy-5.jpg","width":1250,"height":1250},{"@type":"BreadcrumbList","@id":"https:\/\/backup.overgenius.com\/product\/club-overgenius-empresarial\/#breadcrumb","itemListElement":[{"@type":"ListItem","position":1,"name":"Portada","item":"https:\/\/backup.overgenius.com\/"},{"@type":"ListItem","position":2,"name":"Tienda ya no","item":"https:\/\/backup.overgenius.com\/tienda-ya-no\/"},{"@type":"ListItem","position":3,"name":"CLUB OVERGENIUS EMPRESARIAL"}]},{"@type":"WebSite","@id":"https:\/\/backup.overgenius.com\/#website","url":"https:\/\/backup.overgenius.com\/","name":"OVERGENIUS","description":"Plataforma de aprendizaje y negocios con proyecci\u00f3n internacional","publisher":{"@id":"https:\/\/backup.overgenius.com\/#organization"},"potentialAction":[{"@type":"SearchAction","target":{"@type":"EntryPoint","urlTemplate":"https:\/\/backup.overgenius.com\/?s={search_term_string}"},"query-input":{"@type":"PropertyValueSpecification","valueRequired":true,"valueName":"search_term_string"}}],"inLanguage":"en-US"},{"@type":"Organization","@id":"https:\/\/backup.overgenius.com\/#organization","name":"OVERGENIUS","url":"https:\/\/backup.overgenius.com\/","logo":{"@type":"ImageObject","inLanguage":"en-US","@id":"https:\/\/backup.overgenius.com\/#\/schema\/logo\/image\/","url":"https:\/\/backup.overgenius.com\/wp-content\/uploads\/2023\/07\/logotipo_overgenius-1.png","contentUrl":"https:\/\/backup.overgenius.com\/wp-content\/uploads\/2023\/07\/logotipo_overgenius-1.png","width":1172,"height":299,"caption":"OVERGENIUS"},"image":{"@id":"https:\/\/backup.overgenius.com\/#\/schema\/logo\/image\/"},"sameAs":["https:\/\/www.facebook.com\/overgeniusteam\/","https:\/\/www.youtube.com\/channel\/UC_ihjn8HZh31fI7HxHG4MAg","https:\/\/www.instagram.com\/beovergenius\/"]}]}},"_links":{"self":[{"href":"https:\/\/backup.overgenius.com\/en\/wp-json\/wp\/v2\/product\/35637","targetHints":{"allow":["GET"]}}],"collection":[{"href":"https:\/\/backup.overgenius.com\/en\/wp-json\/wp\/v2\/product"}],"about":[{"href":"https:\/\/backup.overgenius.com\/en\/wp-json\/wp\/v2\/types\/product"}],"replies":[{"embeddable":true,"href":"https:\/\/backup.overgenius.com\/en\/wp-json\/wp\/v2\/comments?post=35637"}],"wp:featuredmedia":[{"embeddable":true,"href":"https:\/\/backup.overgenius.com\/en\/wp-json\/wp\/v2\/media\/35635"}],"wp:attachment":[{"href":"https:\/\/backup.overgenius.com\/en\/wp-json\/wp\/v2\/media?parent=35637"}],"wp:term":[{"taxonomy":"product_brand","embeddable":true,"href":"https:\/\/backup.overgenius.com\/en\/wp-json\/wp\/v2\/product_brand?post=35637"},{"taxonomy":"product_cat","embeddable":true,"href":"https:\/\/backup.overgenius.com\/en\/wp-json\/wp\/v2\/product_cat?post=35637"},{"taxonomy":"product_tag","embeddable":true,"href":"https:\/\/backup.overgenius.com\/en\/wp-json\/wp\/v2\/product_tag?post=35637"}],"curies":[{"name":"wp","href":"https:\/\/api.w.org\/{rel}","templated":true}]}}