{"id":36737,"date":"2025-10-01T03:48:32","date_gmt":"2025-10-01T03:48:32","guid":{"rendered":"https:\/\/backup.overgenius.com\/?post_type=product&#038;p=36737"},"modified":"2025-10-01T04:31:33","modified_gmt":"2025-10-01T04:31:33","slug":"playmonster-the-magical-world-of-disney-trivia-games","status":"publish","type":"product","link":"https:\/\/backup.overgenius.com\/en\/product\/playmonster-the-magical-world-of-disney-trivia-games\/","title":{"rendered":"PlayMonster The Magical World of Disney Trivia Games"},"content":{"rendered":"<p id=\"tw-target-text\" class=\"tw-data-text tw-text-large tw-ta\" dir=\"ltr\" tabindex=\"-1\" role=\"text\" data-placeholder=\"Traducci\u00f3n\" data-ved=\"2ahUKEwjdj7CYi4KQAxVFSjABHftiA7QQ3ewLegQICxAU\" aria-label=\"Texto traducido: La experiencia definitiva de trivia: Trivia del Mundo M\u00e1gico de Disney es perfecta tanto para superfans como para espectadores ocasionales, con 1250 preguntas que abarcan una variedad de historias de Disney y Pixar.Diversi\u00f3n para toda la familia: Nuestras tarjetas infantiles incluyen preguntas m\u00e1s f\u00e1ciles e im\u00e1genes de los personajes para que toda la familia pueda jugar junta.El juego para todos: Este juego es ideal para fans de Disney de todos los niveles y edades, a partir de los 6 a\u00f1os. Re\u00fane a la familia para una noche de juegos o reg\u00e1laselo a los amantes de Disney de tu vida.Preguntas sobre Disney y Pixar: Disfruta de preguntas que abarcan desde los inicios de Disney y Pixar, desde Steamboat Willie hasta Encanto.\"><span class=\"Y2IQFc\" lang=\"es\">Trivia del Mundo M\u00e1gico de Disney es perfecta tanto para superfans como para espectadores ocasionales, con 1250 preguntas que abarcan una variedad de historias de Disney y Pixar.<\/span><\/p>","protected":false},"excerpt":{"rendered":"<p id=\"tw-target-text\" class=\"tw-data-text tw-text-large tw-ta\" dir=\"ltr\" tabindex=\"-1\" role=\"text\" data-placeholder=\"Traducci\u00f3n\" data-ved=\"2ahUKEwjdj7CYi4KQAxVFSjABHftiA7QQ3ewLegQICxAU\" aria-label=\"Texto traducido: La experiencia definitiva de trivia: Trivia del Mundo M\u00e1gico de Disney es perfecta tanto para superfans como para espectadores ocasionales, con 1250 preguntas que abarcan una variedad de historias de Disney y Pixar.Diversi\u00f3n para toda la familia: Nuestras tarjetas infantiles incluyen preguntas m\u00e1s f\u00e1ciles e im\u00e1genes de los personajes para que toda la familia pueda jugar junta.El juego para todos: Este juego es ideal para fans de Disney de todos los niveles y edades, a partir de los 6 a\u00f1os. Re\u00fane a la familia para una noche de juegos o reg\u00e1laselo a los amantes de Disney de tu vida.Preguntas sobre Disney y Pixar: Disfruta de preguntas que abarcan desde los inicios de Disney y Pixar, desde Steamboat Willie hasta Encanto.\"><span class=\"Y2IQFc\" lang=\"es\">Incluyen preguntas m\u00e1s f\u00e1ciles e im\u00e1genes de los personajes para que toda la familia pueda jugar junta.<\/span><\/p>","protected":false},"featured_media":36738,"comment_status":"open","ping_status":"closed","template":"","meta":{"_acf_changed":false,"give_campaign_id":0,"inline_featured_image":false,"_monsterinsights_skip_tracking":false,"_monsterinsights_sitenote_active":false,"_monsterinsights_sitenote_note":"","_monsterinsights_sitenote_category":0},"product_brand":[],"product_cat":[591,108,197,592,148],"product_tag":[],"class_list":{"0":"post-36737","1":"product","2":"type-product","3":"status-publish","4":"has-post-thumbnail","6":"product_cat-disney","7":"product_cat-educacion","8":"product_cat-infantil","9":"product_cat-juguetes","10":"product_cat-steam","12":"first","13":"instock","14":"shipping-taxable","15":"product-type-external"},"acf":[],"yoast_head":"<!-- This site is optimized with the Yoast SEO Premium plugin v24.2 (Yoast SEO v25.8) - https:\/\/yoast.com\/wordpress\/plugins\/seo\/ -->\n<title>PlayMonster The Magical World of Disney Trivia Games - OVERGENIUS<\/title>\n<meta name=\"description\" content=\"Trivia del Mundo M\u00e1gico de Disney es perfecta tanto para superfans como para espectadores ocasionales, con 1250 preguntas\" \/>\n<meta name=\"robots\" content=\"index, follow, max-snippet:-1, max-image-preview:large, max-video-preview:-1\" \/>\n<link rel=\"canonical\" href=\"https:\/\/backup.overgenius.com\/en\/product\/playmonster-the-magical-world-of-disney-trivia-games\/\" \/>\n<meta property=\"og:locale\" content=\"en_US\" \/>\n<meta property=\"og:type\" content=\"article\" \/>\n<meta property=\"og:title\" content=\"PlayMonster The Magical World of Disney Trivia Games\" \/>\n<meta property=\"og:description\" content=\"Trivia del Mundo M\u00e1gico de Disney es perfecta tanto para superfans como para espectadores ocasionales, con 1250 preguntas\" \/>\n<meta property=\"og:url\" content=\"https:\/\/backup.overgenius.com\/en\/product\/playmonster-the-magical-world-of-disney-trivia-games\/\" \/>\n<meta property=\"og:site_name\" content=\"OVERGENIUS\" \/>\n<meta property=\"article:publisher\" content=\"https:\/\/www.facebook.com\/overgeniusteam\/\" \/>\n<meta property=\"article:modified_time\" content=\"2025-10-01T04:31:33+00:00\" \/>\n<meta property=\"og:image\" content=\"https:\/\/backup.overgenius.com\/wp-content\/uploads\/2025\/10\/81SSmxSgGDL._AC_SL1500_.jpg\" \/>\n\t<meta property=\"og:image:width\" content=\"1160\" \/>\n\t<meta property=\"og:image:height\" content=\"1500\" \/>\n\t<meta property=\"og:image:type\" content=\"image\/jpeg\" \/>\n<meta name=\"twitter:card\" content=\"summary_large_image\" \/>\n<meta name=\"twitter:label1\" content=\"Est. reading time\" \/>\n\t<meta name=\"twitter:data1\" content=\"1 minute\" \/>\n<script type=\"application\/ld+json\" class=\"yoast-schema-graph\">{\"@context\":\"https:\/\/schema.org\",\"@graph\":[{\"@type\":\"WebPage\",\"@id\":\"https:\/\/backup.overgenius.com\/product\/playmonster-the-magical-world-of-disney-trivia-games\/\",\"url\":\"https:\/\/backup.overgenius.com\/product\/playmonster-the-magical-world-of-disney-trivia-games\/\",\"name\":\"PlayMonster The Magical World of Disney Trivia Games - OVERGENIUS\",\"isPartOf\":{\"@id\":\"https:\/\/backup.overgenius.com\/#website\"},\"primaryImageOfPage\":{\"@id\":\"https:\/\/backup.overgenius.com\/product\/playmonster-the-magical-world-of-disney-trivia-games\/#primaryimage\"},\"image\":{\"@id\":\"https:\/\/backup.overgenius.com\/product\/playmonster-the-magical-world-of-disney-trivia-games\/#primaryimage\"},\"thumbnailUrl\":\"https:\/\/backup.overgenius.com\/wp-content\/uploads\/2025\/10\/81SSmxSgGDL._AC_SL1500_.jpg\",\"datePublished\":\"2025-10-01T03:48:32+00:00\",\"dateModified\":\"2025-10-01T04:31:33+00:00\",\"description\":\"Trivia del Mundo M\u00e1gico de Disney es perfecta tanto para superfans como para espectadores ocasionales, con 1250 preguntas\",\"breadcrumb\":{\"@id\":\"https:\/\/backup.overgenius.com\/product\/playmonster-the-magical-world-of-disney-trivia-games\/#breadcrumb\"},\"inLanguage\":\"en-US\",\"potentialAction\":[{\"@type\":\"ReadAction\",\"target\":[\"https:\/\/backup.overgenius.com\/product\/playmonster-the-magical-world-of-disney-trivia-games\/\"]}]},{\"@type\":\"ImageObject\",\"inLanguage\":\"en-US\",\"@id\":\"https:\/\/backup.overgenius.com\/product\/playmonster-the-magical-world-of-disney-trivia-games\/#primaryimage\",\"url\":\"https:\/\/backup.overgenius.com\/wp-content\/uploads\/2025\/10\/81SSmxSgGDL._AC_SL1500_.jpg\",\"contentUrl\":\"https:\/\/backup.overgenius.com\/wp-content\/uploads\/2025\/10\/81SSmxSgGDL._AC_SL1500_.jpg\",\"width\":1160,\"height\":1500},{\"@type\":\"BreadcrumbList\",\"@id\":\"https:\/\/backup.overgenius.com\/product\/playmonster-the-magical-world-of-disney-trivia-games\/#breadcrumb\",\"itemListElement\":[{\"@type\":\"ListItem\",\"position\":1,\"name\":\"Portada\",\"item\":\"https:\/\/backup.overgenius.com\/\"},{\"@type\":\"ListItem\",\"position\":2,\"name\":\"Tienda ya no\",\"item\":\"https:\/\/backup.overgenius.com\/tienda-ya-no\/\"},{\"@type\":\"ListItem\",\"position\":3,\"name\":\"PlayMonster The Magical World of Disney Trivia Games\"}]},{\"@type\":\"WebSite\",\"@id\":\"https:\/\/backup.overgenius.com\/#website\",\"url\":\"https:\/\/backup.overgenius.com\/\",\"name\":\"OVERGENIUS\",\"description\":\"Plataforma de aprendizaje y negocios con proyecci\u00f3n internacional\",\"publisher\":{\"@id\":\"https:\/\/backup.overgenius.com\/#organization\"},\"potentialAction\":[{\"@type\":\"SearchAction\",\"target\":{\"@type\":\"EntryPoint\",\"urlTemplate\":\"https:\/\/backup.overgenius.com\/?s={search_term_string}\"},\"query-input\":{\"@type\":\"PropertyValueSpecification\",\"valueRequired\":true,\"valueName\":\"search_term_string\"}}],\"inLanguage\":\"en-US\"},{\"@type\":\"Organization\",\"@id\":\"https:\/\/backup.overgenius.com\/#organization\",\"name\":\"OVERGENIUS\",\"url\":\"https:\/\/backup.overgenius.com\/\",\"logo\":{\"@type\":\"ImageObject\",\"inLanguage\":\"en-US\",\"@id\":\"https:\/\/backup.overgenius.com\/#\/schema\/logo\/image\/\",\"url\":\"https:\/\/backup.overgenius.com\/wp-content\/uploads\/2023\/07\/logotipo_overgenius-1.png\",\"contentUrl\":\"https:\/\/backup.overgenius.com\/wp-content\/uploads\/2023\/07\/logotipo_overgenius-1.png\",\"width\":1172,\"height\":299,\"caption\":\"OVERGENIUS\"},\"image\":{\"@id\":\"https:\/\/backup.overgenius.com\/#\/schema\/logo\/image\/\"},\"sameAs\":[\"https:\/\/www.facebook.com\/overgeniusteam\/\",\"https:\/\/www.youtube.com\/channel\/UC_ihjn8HZh31fI7HxHG4MAg\",\"https:\/\/www.instagram.com\/beovergenius\/\"]}]}<\/script>\n<!-- \/ Yoast SEO Premium plugin. -->","yoast_head_json":{"title":"PlayMonster The Magical World of Disney Trivia Games - OVERGENIUS","description":"Trivia del Mundo M\u00e1gico de Disney es perfecta tanto para superfans como para espectadores ocasionales, con 1250 preguntas","robots":{"index":"index","follow":"follow","max-snippet":"max-snippet:-1","max-image-preview":"max-image-preview:large","max-video-preview":"max-video-preview:-1"},"canonical":"https:\/\/backup.overgenius.com\/en\/product\/playmonster-the-magical-world-of-disney-trivia-games\/","og_locale":"en_US","og_type":"article","og_title":"PlayMonster The Magical World of Disney Trivia Games","og_description":"Trivia del Mundo M\u00e1gico de Disney es perfecta tanto para superfans como para espectadores ocasionales, con 1250 preguntas","og_url":"https:\/\/backup.overgenius.com\/en\/product\/playmonster-the-magical-world-of-disney-trivia-games\/","og_site_name":"OVERGENIUS","article_publisher":"https:\/\/www.facebook.com\/overgeniusteam\/","article_modified_time":"2025-10-01T04:31:33+00:00","og_image":[{"width":1160,"height":1500,"url":"https:\/\/backup.overgenius.com\/wp-content\/uploads\/2025\/10\/81SSmxSgGDL._AC_SL1500_.jpg","type":"image\/jpeg"}],"twitter_card":"summary_large_image","twitter_misc":{"Est. reading time":"1 minute"},"schema":{"@context":"https:\/\/schema.org","@graph":[{"@type":"WebPage","@id":"https:\/\/backup.overgenius.com\/product\/playmonster-the-magical-world-of-disney-trivia-games\/","url":"https:\/\/backup.overgenius.com\/product\/playmonster-the-magical-world-of-disney-trivia-games\/","name":"PlayMonster The Magical World of Disney Trivia Games - OVERGENIUS","isPartOf":{"@id":"https:\/\/backup.overgenius.com\/#website"},"primaryImageOfPage":{"@id":"https:\/\/backup.overgenius.com\/product\/playmonster-the-magical-world-of-disney-trivia-games\/#primaryimage"},"image":{"@id":"https:\/\/backup.overgenius.com\/product\/playmonster-the-magical-world-of-disney-trivia-games\/#primaryimage"},"thumbnailUrl":"https:\/\/backup.overgenius.com\/wp-content\/uploads\/2025\/10\/81SSmxSgGDL._AC_SL1500_.jpg","datePublished":"2025-10-01T03:48:32+00:00","dateModified":"2025-10-01T04:31:33+00:00","description":"Trivia del Mundo M\u00e1gico de Disney es perfecta tanto para superfans como para espectadores ocasionales, con 1250 preguntas","breadcrumb":{"@id":"https:\/\/backup.overgenius.com\/product\/playmonster-the-magical-world-of-disney-trivia-games\/#breadcrumb"},"inLanguage":"en-US","potentialAction":[{"@type":"ReadAction","target":["https:\/\/backup.overgenius.com\/product\/playmonster-the-magical-world-of-disney-trivia-games\/"]}]},{"@type":"ImageObject","inLanguage":"en-US","@id":"https:\/\/backup.overgenius.com\/product\/playmonster-the-magical-world-of-disney-trivia-games\/#primaryimage","url":"https:\/\/backup.overgenius.com\/wp-content\/uploads\/2025\/10\/81SSmxSgGDL._AC_SL1500_.jpg","contentUrl":"https:\/\/backup.overgenius.com\/wp-content\/uploads\/2025\/10\/81SSmxSgGDL._AC_SL1500_.jpg","width":1160,"height":1500},{"@type":"BreadcrumbList","@id":"https:\/\/backup.overgenius.com\/product\/playmonster-the-magical-world-of-disney-trivia-games\/#breadcrumb","itemListElement":[{"@type":"ListItem","position":1,"name":"Portada","item":"https:\/\/backup.overgenius.com\/"},{"@type":"ListItem","position":2,"name":"Tienda ya no","item":"https:\/\/backup.overgenius.com\/tienda-ya-no\/"},{"@type":"ListItem","position":3,"name":"PlayMonster The Magical World of Disney Trivia Games"}]},{"@type":"WebSite","@id":"https:\/\/backup.overgenius.com\/#website","url":"https:\/\/backup.overgenius.com\/","name":"OVERGENIUS","description":"Plataforma de aprendizaje y negocios con proyecci\u00f3n internacional","publisher":{"@id":"https:\/\/backup.overgenius.com\/#organization"},"potentialAction":[{"@type":"SearchAction","target":{"@type":"EntryPoint","urlTemplate":"https:\/\/backup.overgenius.com\/?s={search_term_string}"},"query-input":{"@type":"PropertyValueSpecification","valueRequired":true,"valueName":"search_term_string"}}],"inLanguage":"en-US"},{"@type":"Organization","@id":"https:\/\/backup.overgenius.com\/#organization","name":"OVERGENIUS","url":"https:\/\/backup.overgenius.com\/","logo":{"@type":"ImageObject","inLanguage":"en-US","@id":"https:\/\/backup.overgenius.com\/#\/schema\/logo\/image\/","url":"https:\/\/backup.overgenius.com\/wp-content\/uploads\/2023\/07\/logotipo_overgenius-1.png","contentUrl":"https:\/\/backup.overgenius.com\/wp-content\/uploads\/2023\/07\/logotipo_overgenius-1.png","width":1172,"height":299,"caption":"OVERGENIUS"},"image":{"@id":"https:\/\/backup.overgenius.com\/#\/schema\/logo\/image\/"},"sameAs":["https:\/\/www.facebook.com\/overgeniusteam\/","https:\/\/www.youtube.com\/channel\/UC_ihjn8HZh31fI7HxHG4MAg","https:\/\/www.instagram.com\/beovergenius\/"]}]}},"_links":{"self":[{"href":"https:\/\/backup.overgenius.com\/en\/wp-json\/wp\/v2\/product\/36737","targetHints":{"allow":["GET"]}}],"collection":[{"href":"https:\/\/backup.overgenius.com\/en\/wp-json\/wp\/v2\/product"}],"about":[{"href":"https:\/\/backup.overgenius.com\/en\/wp-json\/wp\/v2\/types\/product"}],"replies":[{"embeddable":true,"href":"https:\/\/backup.overgenius.com\/en\/wp-json\/wp\/v2\/comments?post=36737"}],"wp:featuredmedia":[{"embeddable":true,"href":"https:\/\/backup.overgenius.com\/en\/wp-json\/wp\/v2\/media\/36738"}],"wp:attachment":[{"href":"https:\/\/backup.overgenius.com\/en\/wp-json\/wp\/v2\/media?parent=36737"}],"wp:term":[{"taxonomy":"product_brand","embeddable":true,"href":"https:\/\/backup.overgenius.com\/en\/wp-json\/wp\/v2\/product_brand?post=36737"},{"taxonomy":"product_cat","embeddable":true,"href":"https:\/\/backup.overgenius.com\/en\/wp-json\/wp\/v2\/product_cat?post=36737"},{"taxonomy":"product_tag","embeddable":true,"href":"https:\/\/backup.overgenius.com\/en\/wp-json\/wp\/v2\/product_tag?post=36737"}],"curies":[{"name":"wp","href":"https:\/\/api.w.org\/{rel}","templated":true}]}}