{"id":36739,"date":"2025-10-01T03:52:53","date_gmt":"2025-10-01T03:52:53","guid":{"rendered":"https:\/\/backup.overgenius.com\/?post_type=product&#038;p=36739"},"modified":"2025-10-01T03:53:07","modified_gmt":"2025-10-01T03:53:07","slug":"spin-master-games-disney-in-character-card-game-interactive-charades","status":"publish","type":"product","link":"https:\/\/backup.overgenius.com\/en\/product\/spin-master-games-disney-in-character-card-game-interactive-charades\/","title":{"rendered":"Spin Master Games, Disney in Character Card Game, Interactive Charades"},"content":{"rendered":"<p id=\"tw-target-text\" class=\"tw-data-text tw-text-large tw-ta\" dir=\"ltr\" tabindex=\"-1\" role=\"text\" data-placeholder=\"Traducci\u00f3n\" data-ved=\"2ahUKEwjdj7CYi4KQAxVFSjABHftiA7QQ3ewLegQICxAU\" aria-label=\"Texto traducido: Sum\u00e9rgete en el personaje: Convi\u00e9rtete en tu personaje favorito en este juego de fiesta familiar Disney que va m\u00e1s all\u00e1 de las charadas y pone a prueba tus conocimientos sobre Disney y tus dotes actorales.\u00bfQui\u00e9n eres?: T\u00farnense para responder preguntas y seguir las indicaciones de la tarjeta como tu personaje. Canta una canci\u00f3n como Ariel o ruge como Sim\u00f3n para convencer a tus amigos y familiares de que eres tu personaje.Entrada a Charadas y Juegos de Actuaci\u00f3n: Disney in Character se convertir\u00e1 r\u00e1pidamente en un favorito familiar para los fans de Disney y sus pel\u00edculas, con instrucciones sencillas y jugabilidad repetible. Para 2-4 jugadores, mayores de 8 a\u00f1os.Noche de juegos en familia: Crea recuerdos con juegos de mesa para ni\u00f1os de 4 a 6 a\u00f1os, de 6 a 8 a\u00f1os y de 8 a 12 a\u00f1os. Disfruta al aire libre con juegos de camping y juegos al aire libre para adultos y toda la familia.\"><span class=\"Y2IQFc\" lang=\"es\">Canta una canci\u00f3n como Ariel o ruge como Sim\u00f3n para convencer a tus amigos y familiares de que eres tu personaje.<\/span><\/p>","protected":false},"excerpt":{"rendered":"<p id=\"tw-target-text\" class=\"tw-data-text tw-text-large tw-ta\" dir=\"ltr\" tabindex=\"-1\" role=\"text\" data-placeholder=\"Traducci\u00f3n\" data-ved=\"2ahUKEwjdj7CYi4KQAxVFSjABHftiA7QQ3ewLegQICxAU\" aria-label=\"Texto traducido: Sum\u00e9rgete en el personaje: Convi\u00e9rtete en tu personaje favorito en este juego de fiesta familiar Disney que va m\u00e1s all\u00e1 de las charadas y pone a prueba tus conocimientos sobre Disney y tus dotes actorales.\u00bfQui\u00e9n eres?: T\u00farnense para responder preguntas y seguir las indicaciones de la tarjeta como tu personaje. Canta una canci\u00f3n como Ariel o ruge como Sim\u00f3n para convencer a tus amigos y familiares de que eres tu personaje.Entrada a Charadas y Juegos de Actuaci\u00f3n: Disney in Character se convertir\u00e1 r\u00e1pidamente en un favorito familiar para los fans de Disney y sus pel\u00edculas, con instrucciones sencillas y jugabilidad repetible. Para 2-4 jugadores, mayores de 8 a\u00f1os.Noche de juegos en familia: Crea recuerdos con juegos de mesa para ni\u00f1os de 4 a 6 a\u00f1os, de 6 a 8 a\u00f1os y de 8 a 12 a\u00f1os. Disfruta al aire libre con juegos de camping y juegos al aire libre para adultos y toda la familia.\"><span class=\"Y2IQFc\" lang=\"es\">Canta una canci\u00f3n como Ariel o ruge como Sim\u00f3n para convencer a tus amigos y familiares de que eres tu personaje.<\/span><\/p>","protected":false},"featured_media":36740,"comment_status":"open","ping_status":"closed","template":"","meta":{"_acf_changed":false,"give_campaign_id":0,"inline_featured_image":false,"_monsterinsights_skip_tracking":false,"_monsterinsights_sitenote_active":false,"_monsterinsights_sitenote_note":"","_monsterinsights_sitenote_category":0},"product_brand":[],"product_cat":[591,197,592],"product_tag":[579],"class_list":{"0":"post-36739","1":"product","2":"type-product","3":"status-publish","4":"has-post-thumbnail","6":"product_cat-disney","7":"product_cat-infantil","8":"product_cat-juguetes","9":"product_tag-juegos-de-mesa","11":"first","12":"instock","13":"shipping-taxable","14":"product-type-external"},"acf":[],"yoast_head":"<!-- This site is optimized with the Yoast SEO Premium plugin v24.2 (Yoast SEO v25.8) - https:\/\/yoast.com\/wordpress\/plugins\/seo\/ -->\n<title>Spin Master Games, Disney in Character Card Game, Interactive Charades - OVERGENIUS<\/title>\n<meta name=\"description\" content=\"Convi\u00e9rtete en tu personaje favorito en este juego Spin Master Games de fiesta familiar Disney\u00a0\" \/>\n<meta name=\"robots\" content=\"index, follow, max-snippet:-1, max-image-preview:large, max-video-preview:-1\" \/>\n<link rel=\"canonical\" href=\"https:\/\/backup.overgenius.com\/en\/product\/spin-master-games-disney-in-character-card-game-interactive-charades\/\" \/>\n<meta property=\"og:locale\" content=\"en_US\" \/>\n<meta property=\"og:type\" content=\"article\" \/>\n<meta property=\"og:title\" content=\"Spin Master Games, Disney in Character Card Game, Interactive Charades\" \/>\n<meta property=\"og:description\" content=\"Convi\u00e9rtete en tu personaje favorito en este juego Spin Master Games de fiesta familiar Disney\u00a0\" \/>\n<meta property=\"og:url\" content=\"https:\/\/backup.overgenius.com\/en\/product\/spin-master-games-disney-in-character-card-game-interactive-charades\/\" \/>\n<meta property=\"og:site_name\" content=\"OVERGENIUS\" \/>\n<meta property=\"article:publisher\" content=\"https:\/\/www.facebook.com\/overgeniusteam\/\" \/>\n<meta property=\"article:modified_time\" content=\"2025-10-01T03:53:07+00:00\" \/>\n<meta property=\"og:image\" content=\"https:\/\/backup.overgenius.com\/wp-content\/uploads\/2025\/10\/71gsvnlxzWL._AC_SL1500_.jpg\" \/>\n\t<meta property=\"og:image:width\" content=\"877\" \/>\n\t<meta property=\"og:image:height\" content=\"1500\" \/>\n\t<meta property=\"og:image:type\" content=\"image\/jpeg\" \/>\n<meta name=\"twitter:card\" content=\"summary_large_image\" \/>\n<meta name=\"twitter:label1\" content=\"Est. reading time\" \/>\n\t<meta name=\"twitter:data1\" content=\"1 minute\" \/>\n<script type=\"application\/ld+json\" class=\"yoast-schema-graph\">{\"@context\":\"https:\/\/schema.org\",\"@graph\":[{\"@type\":\"WebPage\",\"@id\":\"https:\/\/backup.overgenius.com\/product\/spin-master-games-disney-in-character-card-game-interactive-charades\/\",\"url\":\"https:\/\/backup.overgenius.com\/product\/spin-master-games-disney-in-character-card-game-interactive-charades\/\",\"name\":\"Spin Master Games, Disney in Character Card Game, Interactive Charades - OVERGENIUS\",\"isPartOf\":{\"@id\":\"https:\/\/backup.overgenius.com\/#website\"},\"primaryImageOfPage\":{\"@id\":\"https:\/\/backup.overgenius.com\/product\/spin-master-games-disney-in-character-card-game-interactive-charades\/#primaryimage\"},\"image\":{\"@id\":\"https:\/\/backup.overgenius.com\/product\/spin-master-games-disney-in-character-card-game-interactive-charades\/#primaryimage\"},\"thumbnailUrl\":\"https:\/\/backup.overgenius.com\/wp-content\/uploads\/2025\/10\/71gsvnlxzWL._AC_SL1500_.jpg\",\"datePublished\":\"2025-10-01T03:52:53+00:00\",\"dateModified\":\"2025-10-01T03:53:07+00:00\",\"description\":\"Convi\u00e9rtete en tu personaje favorito en este juego Spin Master Games de fiesta familiar Disney\u00a0\",\"breadcrumb\":{\"@id\":\"https:\/\/backup.overgenius.com\/product\/spin-master-games-disney-in-character-card-game-interactive-charades\/#breadcrumb\"},\"inLanguage\":\"en-US\",\"potentialAction\":[{\"@type\":\"ReadAction\",\"target\":[\"https:\/\/backup.overgenius.com\/product\/spin-master-games-disney-in-character-card-game-interactive-charades\/\"]}]},{\"@type\":\"ImageObject\",\"inLanguage\":\"en-US\",\"@id\":\"https:\/\/backup.overgenius.com\/product\/spin-master-games-disney-in-character-card-game-interactive-charades\/#primaryimage\",\"url\":\"https:\/\/backup.overgenius.com\/wp-content\/uploads\/2025\/10\/71gsvnlxzWL._AC_SL1500_.jpg\",\"contentUrl\":\"https:\/\/backup.overgenius.com\/wp-content\/uploads\/2025\/10\/71gsvnlxzWL._AC_SL1500_.jpg\",\"width\":877,\"height\":1500},{\"@type\":\"BreadcrumbList\",\"@id\":\"https:\/\/backup.overgenius.com\/product\/spin-master-games-disney-in-character-card-game-interactive-charades\/#breadcrumb\",\"itemListElement\":[{\"@type\":\"ListItem\",\"position\":1,\"name\":\"Portada\",\"item\":\"https:\/\/backup.overgenius.com\/\"},{\"@type\":\"ListItem\",\"position\":2,\"name\":\"Tienda ya no\",\"item\":\"https:\/\/backup.overgenius.com\/tienda-ya-no\/\"},{\"@type\":\"ListItem\",\"position\":3,\"name\":\"Spin Master Games, Disney in Character Card Game, Interactive Charades\"}]},{\"@type\":\"WebSite\",\"@id\":\"https:\/\/backup.overgenius.com\/#website\",\"url\":\"https:\/\/backup.overgenius.com\/\",\"name\":\"OVERGENIUS\",\"description\":\"Plataforma de aprendizaje y negocios con proyecci\u00f3n internacional\",\"publisher\":{\"@id\":\"https:\/\/backup.overgenius.com\/#organization\"},\"potentialAction\":[{\"@type\":\"SearchAction\",\"target\":{\"@type\":\"EntryPoint\",\"urlTemplate\":\"https:\/\/backup.overgenius.com\/?s={search_term_string}\"},\"query-input\":{\"@type\":\"PropertyValueSpecification\",\"valueRequired\":true,\"valueName\":\"search_term_string\"}}],\"inLanguage\":\"en-US\"},{\"@type\":\"Organization\",\"@id\":\"https:\/\/backup.overgenius.com\/#organization\",\"name\":\"OVERGENIUS\",\"url\":\"https:\/\/backup.overgenius.com\/\",\"logo\":{\"@type\":\"ImageObject\",\"inLanguage\":\"en-US\",\"@id\":\"https:\/\/backup.overgenius.com\/#\/schema\/logo\/image\/\",\"url\":\"https:\/\/backup.overgenius.com\/wp-content\/uploads\/2023\/07\/logotipo_overgenius-1.png\",\"contentUrl\":\"https:\/\/backup.overgenius.com\/wp-content\/uploads\/2023\/07\/logotipo_overgenius-1.png\",\"width\":1172,\"height\":299,\"caption\":\"OVERGENIUS\"},\"image\":{\"@id\":\"https:\/\/backup.overgenius.com\/#\/schema\/logo\/image\/\"},\"sameAs\":[\"https:\/\/www.facebook.com\/overgeniusteam\/\",\"https:\/\/www.youtube.com\/channel\/UC_ihjn8HZh31fI7HxHG4MAg\",\"https:\/\/www.instagram.com\/beovergenius\/\"]}]}<\/script>\n<!-- \/ Yoast SEO Premium plugin. -->","yoast_head_json":{"title":"Spin Master Games, Disney in Character Card Game, Interactive Charades - OVERGENIUS","description":"Convi\u00e9rtete en tu personaje favorito en este juego Spin Master Games de fiesta familiar Disney\u00a0","robots":{"index":"index","follow":"follow","max-snippet":"max-snippet:-1","max-image-preview":"max-image-preview:large","max-video-preview":"max-video-preview:-1"},"canonical":"https:\/\/backup.overgenius.com\/en\/product\/spin-master-games-disney-in-character-card-game-interactive-charades\/","og_locale":"en_US","og_type":"article","og_title":"Spin Master Games, Disney in Character Card Game, Interactive Charades","og_description":"Convi\u00e9rtete en tu personaje favorito en este juego Spin Master Games de fiesta familiar Disney\u00a0","og_url":"https:\/\/backup.overgenius.com\/en\/product\/spin-master-games-disney-in-character-card-game-interactive-charades\/","og_site_name":"OVERGENIUS","article_publisher":"https:\/\/www.facebook.com\/overgeniusteam\/","article_modified_time":"2025-10-01T03:53:07+00:00","og_image":[{"width":877,"height":1500,"url":"https:\/\/backup.overgenius.com\/wp-content\/uploads\/2025\/10\/71gsvnlxzWL._AC_SL1500_.jpg","type":"image\/jpeg"}],"twitter_card":"summary_large_image","twitter_misc":{"Est. reading time":"1 minute"},"schema":{"@context":"https:\/\/schema.org","@graph":[{"@type":"WebPage","@id":"https:\/\/backup.overgenius.com\/product\/spin-master-games-disney-in-character-card-game-interactive-charades\/","url":"https:\/\/backup.overgenius.com\/product\/spin-master-games-disney-in-character-card-game-interactive-charades\/","name":"Spin Master Games, Disney in Character Card Game, Interactive Charades - OVERGENIUS","isPartOf":{"@id":"https:\/\/backup.overgenius.com\/#website"},"primaryImageOfPage":{"@id":"https:\/\/backup.overgenius.com\/product\/spin-master-games-disney-in-character-card-game-interactive-charades\/#primaryimage"},"image":{"@id":"https:\/\/backup.overgenius.com\/product\/spin-master-games-disney-in-character-card-game-interactive-charades\/#primaryimage"},"thumbnailUrl":"https:\/\/backup.overgenius.com\/wp-content\/uploads\/2025\/10\/71gsvnlxzWL._AC_SL1500_.jpg","datePublished":"2025-10-01T03:52:53+00:00","dateModified":"2025-10-01T03:53:07+00:00","description":"Convi\u00e9rtete en tu personaje favorito en este juego Spin Master Games de fiesta familiar Disney\u00a0","breadcrumb":{"@id":"https:\/\/backup.overgenius.com\/product\/spin-master-games-disney-in-character-card-game-interactive-charades\/#breadcrumb"},"inLanguage":"en-US","potentialAction":[{"@type":"ReadAction","target":["https:\/\/backup.overgenius.com\/product\/spin-master-games-disney-in-character-card-game-interactive-charades\/"]}]},{"@type":"ImageObject","inLanguage":"en-US","@id":"https:\/\/backup.overgenius.com\/product\/spin-master-games-disney-in-character-card-game-interactive-charades\/#primaryimage","url":"https:\/\/backup.overgenius.com\/wp-content\/uploads\/2025\/10\/71gsvnlxzWL._AC_SL1500_.jpg","contentUrl":"https:\/\/backup.overgenius.com\/wp-content\/uploads\/2025\/10\/71gsvnlxzWL._AC_SL1500_.jpg","width":877,"height":1500},{"@type":"BreadcrumbList","@id":"https:\/\/backup.overgenius.com\/product\/spin-master-games-disney-in-character-card-game-interactive-charades\/#breadcrumb","itemListElement":[{"@type":"ListItem","position":1,"name":"Portada","item":"https:\/\/backup.overgenius.com\/"},{"@type":"ListItem","position":2,"name":"Tienda ya no","item":"https:\/\/backup.overgenius.com\/tienda-ya-no\/"},{"@type":"ListItem","position":3,"name":"Spin Master Games, Disney in Character Card Game, Interactive Charades"}]},{"@type":"WebSite","@id":"https:\/\/backup.overgenius.com\/#website","url":"https:\/\/backup.overgenius.com\/","name":"OVERGENIUS","description":"Plataforma de aprendizaje y negocios con proyecci\u00f3n internacional","publisher":{"@id":"https:\/\/backup.overgenius.com\/#organization"},"potentialAction":[{"@type":"SearchAction","target":{"@type":"EntryPoint","urlTemplate":"https:\/\/backup.overgenius.com\/?s={search_term_string}"},"query-input":{"@type":"PropertyValueSpecification","valueRequired":true,"valueName":"search_term_string"}}],"inLanguage":"en-US"},{"@type":"Organization","@id":"https:\/\/backup.overgenius.com\/#organization","name":"OVERGENIUS","url":"https:\/\/backup.overgenius.com\/","logo":{"@type":"ImageObject","inLanguage":"en-US","@id":"https:\/\/backup.overgenius.com\/#\/schema\/logo\/image\/","url":"https:\/\/backup.overgenius.com\/wp-content\/uploads\/2023\/07\/logotipo_overgenius-1.png","contentUrl":"https:\/\/backup.overgenius.com\/wp-content\/uploads\/2023\/07\/logotipo_overgenius-1.png","width":1172,"height":299,"caption":"OVERGENIUS"},"image":{"@id":"https:\/\/backup.overgenius.com\/#\/schema\/logo\/image\/"},"sameAs":["https:\/\/www.facebook.com\/overgeniusteam\/","https:\/\/www.youtube.com\/channel\/UC_ihjn8HZh31fI7HxHG4MAg","https:\/\/www.instagram.com\/beovergenius\/"]}]}},"_links":{"self":[{"href":"https:\/\/backup.overgenius.com\/en\/wp-json\/wp\/v2\/product\/36739","targetHints":{"allow":["GET"]}}],"collection":[{"href":"https:\/\/backup.overgenius.com\/en\/wp-json\/wp\/v2\/product"}],"about":[{"href":"https:\/\/backup.overgenius.com\/en\/wp-json\/wp\/v2\/types\/product"}],"replies":[{"embeddable":true,"href":"https:\/\/backup.overgenius.com\/en\/wp-json\/wp\/v2\/comments?post=36739"}],"wp:featuredmedia":[{"embeddable":true,"href":"https:\/\/backup.overgenius.com\/en\/wp-json\/wp\/v2\/media\/36740"}],"wp:attachment":[{"href":"https:\/\/backup.overgenius.com\/en\/wp-json\/wp\/v2\/media?parent=36739"}],"wp:term":[{"taxonomy":"product_brand","embeddable":true,"href":"https:\/\/backup.overgenius.com\/en\/wp-json\/wp\/v2\/product_brand?post=36739"},{"taxonomy":"product_cat","embeddable":true,"href":"https:\/\/backup.overgenius.com\/en\/wp-json\/wp\/v2\/product_cat?post=36739"},{"taxonomy":"product_tag","embeddable":true,"href":"https:\/\/backup.overgenius.com\/en\/wp-json\/wp\/v2\/product_tag?post=36739"}],"curies":[{"name":"wp","href":"https:\/\/api.w.org\/{rel}","templated":true}]}}