{"id":36742,"date":"2025-10-01T03:57:07","date_gmt":"2025-10-01T03:57:07","guid":{"rendered":"https:\/\/backup.overgenius.com\/?post_type=product&#038;p=36742"},"modified":"2025-10-01T04:31:02","modified_gmt":"2025-10-01T04:31:02","slug":"disney-mickey-mouse-bluetooth-headphones","status":"publish","type":"product","link":"https:\/\/backup.overgenius.com\/en\/product\/disney-mickey-mouse-bluetooth-headphones\/","title":{"rendered":"Disney Mickey Mouse Bluetooth Headphones"},"content":{"rendered":"<p id=\"tw-target-text\" class=\"tw-data-text tw-text-large tw-ta\" dir=\"ltr\" tabindex=\"-1\" role=\"text\" data-placeholder=\"Traducci\u00f3n\" data-ved=\"2ahUKEwjdj7CYi4KQAxVFSjABHftiA7QQ3ewLegQICxAU\" aria-label=\"Texto traducido: Aut\u00e9ntico dise\u00f1o de Mickey y Minnie Mouse para darle un toque divertido a tus nuevos auriculares inspirados en Disney. Graves profundos y precisos, rango de frecuencia extendido, recargables.Control de 5 botones: reproducir\/pausar\/responder\/colgar, ecualizador, siguiente pista\/subir volumen, pista anterior\/bajar volumen.Las almohadillas se ajustan a las orejas para aislar el audio. Dise\u00f1o plegable para facilitar su transporte. Dise\u00f1o con cancelaci\u00f3n de ruido.Conexi\u00f3n para tarjeta micro SD, receptor de radio integrado, micr\u00f3fono integrado para llamadas manos libres.\u00a1Nuevo! \u00a16 meses de garant\u00eda! Si tus auriculares se rompen o se da\u00f1an por cualquier motivo, iJoy te los reemplazar\u00e1 gratis.\"><span class=\"Y2IQFc\" lang=\"es\">Control de 5 botones: reproducir\/pausar\/responder\/colgar, ecualizador, siguiente pista\/subir volumen, pista anterior\/bajar volumen.<\/span><\/p>","protected":false},"excerpt":{"rendered":"<p id=\"tw-target-text\" class=\"tw-data-text tw-text-large tw-ta\" dir=\"ltr\" tabindex=\"-1\" role=\"text\" data-placeholder=\"Traducci\u00f3n\" data-ved=\"2ahUKEwjdj7CYi4KQAxVFSjABHftiA7QQ3ewLegQICxAU\" aria-label=\"Texto traducido: Aut\u00e9ntico dise\u00f1o de Mickey y Minnie Mouse para darle un toque divertido a tus nuevos auriculares inspirados en Disney. Graves profundos y precisos, rango de frecuencia extendido, recargables.Control de 5 botones: reproducir\/pausar\/responder\/colgar, ecualizador, siguiente pista\/subir volumen, pista anterior\/bajar volumen.Las almohadillas se ajustan a las orejas para aislar el audio. Dise\u00f1o plegable para facilitar su transporte. Dise\u00f1o con cancelaci\u00f3n de ruido.Conexi\u00f3n para tarjeta micro SD, receptor de radio integrado, micr\u00f3fono integrado para llamadas manos libres.\u00a1Nuevo! \u00a16 meses de garant\u00eda! Si tus auriculares se rompen o se da\u00f1an por cualquier motivo, iJoy te los reemplazar\u00e1 gratis.\"><span class=\"Y2IQFc\" lang=\"es\">Las almohadillas se ajustan a las orejas para aislar el audio. Dise\u00f1o plegable para facilitar su transporte. Dise\u00f1o con cancelaci\u00f3n de ruido.<\/span><\/p>","protected":false},"featured_media":36743,"comment_status":"open","ping_status":"closed","template":"","meta":{"_acf_changed":false,"give_campaign_id":0,"inline_featured_image":false,"_monsterinsights_skip_tracking":false,"_monsterinsights_sitenote_active":false,"_monsterinsights_sitenote_note":"","_monsterinsights_sitenote_category":0},"product_brand":[],"product_cat":[15,76,591,73,192],"product_tag":[],"class_list":{"0":"post-36742","1":"product","2":"type-product","3":"status-publish","4":"has-post-thumbnail","6":"product_cat-libre","7":"product_cat-accesorios","8":"product_cat-disney","9":"product_cat-moda","10":"product_cat-tecnologia","12":"first","13":"instock","14":"shipping-taxable","15":"product-type-external"},"acf":[],"yoast_head":"<!-- This site is optimized with the Yoast SEO Premium plugin v24.2 (Yoast SEO v25.8) - https:\/\/yoast.com\/wordpress\/plugins\/seo\/ -->\n<title>Disney Mickey Mouse Bluetooth Headphones - OVERGENIUS<\/title>\n<meta name=\"description\" content=\"Aut\u00e9ntico dise\u00f1o de Mickey y Minnie Mouse para darle un toque divertido a tus nuevos auriculares inspirados en Disney con control de 5 botones\" \/>\n<meta name=\"robots\" content=\"index, follow, max-snippet:-1, max-image-preview:large, max-video-preview:-1\" \/>\n<link rel=\"canonical\" href=\"https:\/\/backup.overgenius.com\/en\/product\/disney-mickey-mouse-bluetooth-headphones\/\" \/>\n<meta property=\"og:locale\" content=\"en_US\" \/>\n<meta property=\"og:type\" content=\"article\" \/>\n<meta property=\"og:title\" content=\"Disney Mickey Mouse Bluetooth Headphones\" \/>\n<meta property=\"og:description\" content=\"Aut\u00e9ntico dise\u00f1o de Mickey y Minnie Mouse para darle un toque divertido a tus nuevos auriculares inspirados en Disney con control de 5 botones\" \/>\n<meta property=\"og:url\" content=\"https:\/\/backup.overgenius.com\/en\/product\/disney-mickey-mouse-bluetooth-headphones\/\" \/>\n<meta property=\"og:site_name\" content=\"OVERGENIUS\" \/>\n<meta property=\"article:publisher\" content=\"https:\/\/www.facebook.com\/overgeniusteam\/\" \/>\n<meta property=\"article:modified_time\" content=\"2025-10-01T04:31:02+00:00\" \/>\n<meta property=\"og:image\" content=\"https:\/\/backup.overgenius.com\/wp-content\/uploads\/2025\/10\/91uGFIlWmqL._AC_SL1500_.jpg\" \/>\n\t<meta property=\"og:image:width\" content=\"1476\" \/>\n\t<meta property=\"og:image:height\" content=\"1500\" \/>\n\t<meta property=\"og:image:type\" content=\"image\/jpeg\" \/>\n<meta name=\"twitter:card\" content=\"summary_large_image\" \/>\n<meta name=\"twitter:label1\" content=\"Est. reading time\" \/>\n\t<meta name=\"twitter:data1\" content=\"1 minute\" \/>\n<script type=\"application\/ld+json\" class=\"yoast-schema-graph\">{\"@context\":\"https:\/\/schema.org\",\"@graph\":[{\"@type\":\"WebPage\",\"@id\":\"https:\/\/backup.overgenius.com\/product\/disney-mickey-mouse-bluetooth-headphones\/\",\"url\":\"https:\/\/backup.overgenius.com\/product\/disney-mickey-mouse-bluetooth-headphones\/\",\"name\":\"Disney Mickey Mouse Bluetooth Headphones - OVERGENIUS\",\"isPartOf\":{\"@id\":\"https:\/\/backup.overgenius.com\/#website\"},\"primaryImageOfPage\":{\"@id\":\"https:\/\/backup.overgenius.com\/product\/disney-mickey-mouse-bluetooth-headphones\/#primaryimage\"},\"image\":{\"@id\":\"https:\/\/backup.overgenius.com\/product\/disney-mickey-mouse-bluetooth-headphones\/#primaryimage\"},\"thumbnailUrl\":\"https:\/\/backup.overgenius.com\/wp-content\/uploads\/2025\/10\/91uGFIlWmqL._AC_SL1500_.jpg\",\"datePublished\":\"2025-10-01T03:57:07+00:00\",\"dateModified\":\"2025-10-01T04:31:02+00:00\",\"description\":\"Aut\u00e9ntico dise\u00f1o de Mickey y Minnie Mouse para darle un toque divertido a tus nuevos auriculares inspirados en Disney con control de 5 botones\",\"breadcrumb\":{\"@id\":\"https:\/\/backup.overgenius.com\/product\/disney-mickey-mouse-bluetooth-headphones\/#breadcrumb\"},\"inLanguage\":\"en-US\",\"potentialAction\":[{\"@type\":\"ReadAction\",\"target\":[\"https:\/\/backup.overgenius.com\/product\/disney-mickey-mouse-bluetooth-headphones\/\"]}]},{\"@type\":\"ImageObject\",\"inLanguage\":\"en-US\",\"@id\":\"https:\/\/backup.overgenius.com\/product\/disney-mickey-mouse-bluetooth-headphones\/#primaryimage\",\"url\":\"https:\/\/backup.overgenius.com\/wp-content\/uploads\/2025\/10\/91uGFIlWmqL._AC_SL1500_.jpg\",\"contentUrl\":\"https:\/\/backup.overgenius.com\/wp-content\/uploads\/2025\/10\/91uGFIlWmqL._AC_SL1500_.jpg\",\"width\":1476,\"height\":1500},{\"@type\":\"BreadcrumbList\",\"@id\":\"https:\/\/backup.overgenius.com\/product\/disney-mickey-mouse-bluetooth-headphones\/#breadcrumb\",\"itemListElement\":[{\"@type\":\"ListItem\",\"position\":1,\"name\":\"Portada\",\"item\":\"https:\/\/backup.overgenius.com\/\"},{\"@type\":\"ListItem\",\"position\":2,\"name\":\"Tienda ya no\",\"item\":\"https:\/\/backup.overgenius.com\/tienda-ya-no\/\"},{\"@type\":\"ListItem\",\"position\":3,\"name\":\"Disney Mickey Mouse Bluetooth Headphones\"}]},{\"@type\":\"WebSite\",\"@id\":\"https:\/\/backup.overgenius.com\/#website\",\"url\":\"https:\/\/backup.overgenius.com\/\",\"name\":\"OVERGENIUS\",\"description\":\"Plataforma de aprendizaje y negocios con proyecci\u00f3n internacional\",\"publisher\":{\"@id\":\"https:\/\/backup.overgenius.com\/#organization\"},\"potentialAction\":[{\"@type\":\"SearchAction\",\"target\":{\"@type\":\"EntryPoint\",\"urlTemplate\":\"https:\/\/backup.overgenius.com\/?s={search_term_string}\"},\"query-input\":{\"@type\":\"PropertyValueSpecification\",\"valueRequired\":true,\"valueName\":\"search_term_string\"}}],\"inLanguage\":\"en-US\"},{\"@type\":\"Organization\",\"@id\":\"https:\/\/backup.overgenius.com\/#organization\",\"name\":\"OVERGENIUS\",\"url\":\"https:\/\/backup.overgenius.com\/\",\"logo\":{\"@type\":\"ImageObject\",\"inLanguage\":\"en-US\",\"@id\":\"https:\/\/backup.overgenius.com\/#\/schema\/logo\/image\/\",\"url\":\"https:\/\/backup.overgenius.com\/wp-content\/uploads\/2023\/07\/logotipo_overgenius-1.png\",\"contentUrl\":\"https:\/\/backup.overgenius.com\/wp-content\/uploads\/2023\/07\/logotipo_overgenius-1.png\",\"width\":1172,\"height\":299,\"caption\":\"OVERGENIUS\"},\"image\":{\"@id\":\"https:\/\/backup.overgenius.com\/#\/schema\/logo\/image\/\"},\"sameAs\":[\"https:\/\/www.facebook.com\/overgeniusteam\/\",\"https:\/\/www.youtube.com\/channel\/UC_ihjn8HZh31fI7HxHG4MAg\",\"https:\/\/www.instagram.com\/beovergenius\/\"]}]}<\/script>\n<!-- \/ Yoast SEO Premium plugin. -->","yoast_head_json":{"title":"Disney Mickey Mouse Bluetooth Headphones - OVERGENIUS","description":"Aut\u00e9ntico dise\u00f1o de Mickey y Minnie Mouse para darle un toque divertido a tus nuevos auriculares inspirados en Disney con control de 5 botones","robots":{"index":"index","follow":"follow","max-snippet":"max-snippet:-1","max-image-preview":"max-image-preview:large","max-video-preview":"max-video-preview:-1"},"canonical":"https:\/\/backup.overgenius.com\/en\/product\/disney-mickey-mouse-bluetooth-headphones\/","og_locale":"en_US","og_type":"article","og_title":"Disney Mickey Mouse Bluetooth Headphones","og_description":"Aut\u00e9ntico dise\u00f1o de Mickey y Minnie Mouse para darle un toque divertido a tus nuevos auriculares inspirados en Disney con control de 5 botones","og_url":"https:\/\/backup.overgenius.com\/en\/product\/disney-mickey-mouse-bluetooth-headphones\/","og_site_name":"OVERGENIUS","article_publisher":"https:\/\/www.facebook.com\/overgeniusteam\/","article_modified_time":"2025-10-01T04:31:02+00:00","og_image":[{"width":1476,"height":1500,"url":"https:\/\/backup.overgenius.com\/wp-content\/uploads\/2025\/10\/91uGFIlWmqL._AC_SL1500_.jpg","type":"image\/jpeg"}],"twitter_card":"summary_large_image","twitter_misc":{"Est. reading time":"1 minute"},"schema":{"@context":"https:\/\/schema.org","@graph":[{"@type":"WebPage","@id":"https:\/\/backup.overgenius.com\/product\/disney-mickey-mouse-bluetooth-headphones\/","url":"https:\/\/backup.overgenius.com\/product\/disney-mickey-mouse-bluetooth-headphones\/","name":"Disney Mickey Mouse Bluetooth Headphones - OVERGENIUS","isPartOf":{"@id":"https:\/\/backup.overgenius.com\/#website"},"primaryImageOfPage":{"@id":"https:\/\/backup.overgenius.com\/product\/disney-mickey-mouse-bluetooth-headphones\/#primaryimage"},"image":{"@id":"https:\/\/backup.overgenius.com\/product\/disney-mickey-mouse-bluetooth-headphones\/#primaryimage"},"thumbnailUrl":"https:\/\/backup.overgenius.com\/wp-content\/uploads\/2025\/10\/91uGFIlWmqL._AC_SL1500_.jpg","datePublished":"2025-10-01T03:57:07+00:00","dateModified":"2025-10-01T04:31:02+00:00","description":"Aut\u00e9ntico dise\u00f1o de Mickey y Minnie Mouse para darle un toque divertido a tus nuevos auriculares inspirados en Disney con control de 5 botones","breadcrumb":{"@id":"https:\/\/backup.overgenius.com\/product\/disney-mickey-mouse-bluetooth-headphones\/#breadcrumb"},"inLanguage":"en-US","potentialAction":[{"@type":"ReadAction","target":["https:\/\/backup.overgenius.com\/product\/disney-mickey-mouse-bluetooth-headphones\/"]}]},{"@type":"ImageObject","inLanguage":"en-US","@id":"https:\/\/backup.overgenius.com\/product\/disney-mickey-mouse-bluetooth-headphones\/#primaryimage","url":"https:\/\/backup.overgenius.com\/wp-content\/uploads\/2025\/10\/91uGFIlWmqL._AC_SL1500_.jpg","contentUrl":"https:\/\/backup.overgenius.com\/wp-content\/uploads\/2025\/10\/91uGFIlWmqL._AC_SL1500_.jpg","width":1476,"height":1500},{"@type":"BreadcrumbList","@id":"https:\/\/backup.overgenius.com\/product\/disney-mickey-mouse-bluetooth-headphones\/#breadcrumb","itemListElement":[{"@type":"ListItem","position":1,"name":"Portada","item":"https:\/\/backup.overgenius.com\/"},{"@type":"ListItem","position":2,"name":"Tienda ya no","item":"https:\/\/backup.overgenius.com\/tienda-ya-no\/"},{"@type":"ListItem","position":3,"name":"Disney Mickey Mouse Bluetooth Headphones"}]},{"@type":"WebSite","@id":"https:\/\/backup.overgenius.com\/#website","url":"https:\/\/backup.overgenius.com\/","name":"OVERGENIUS","description":"Plataforma de aprendizaje y negocios con proyecci\u00f3n internacional","publisher":{"@id":"https:\/\/backup.overgenius.com\/#organization"},"potentialAction":[{"@type":"SearchAction","target":{"@type":"EntryPoint","urlTemplate":"https:\/\/backup.overgenius.com\/?s={search_term_string}"},"query-input":{"@type":"PropertyValueSpecification","valueRequired":true,"valueName":"search_term_string"}}],"inLanguage":"en-US"},{"@type":"Organization","@id":"https:\/\/backup.overgenius.com\/#organization","name":"OVERGENIUS","url":"https:\/\/backup.overgenius.com\/","logo":{"@type":"ImageObject","inLanguage":"en-US","@id":"https:\/\/backup.overgenius.com\/#\/schema\/logo\/image\/","url":"https:\/\/backup.overgenius.com\/wp-content\/uploads\/2023\/07\/logotipo_overgenius-1.png","contentUrl":"https:\/\/backup.overgenius.com\/wp-content\/uploads\/2023\/07\/logotipo_overgenius-1.png","width":1172,"height":299,"caption":"OVERGENIUS"},"image":{"@id":"https:\/\/backup.overgenius.com\/#\/schema\/logo\/image\/"},"sameAs":["https:\/\/www.facebook.com\/overgeniusteam\/","https:\/\/www.youtube.com\/channel\/UC_ihjn8HZh31fI7HxHG4MAg","https:\/\/www.instagram.com\/beovergenius\/"]}]}},"_links":{"self":[{"href":"https:\/\/backup.overgenius.com\/en\/wp-json\/wp\/v2\/product\/36742","targetHints":{"allow":["GET"]}}],"collection":[{"href":"https:\/\/backup.overgenius.com\/en\/wp-json\/wp\/v2\/product"}],"about":[{"href":"https:\/\/backup.overgenius.com\/en\/wp-json\/wp\/v2\/types\/product"}],"replies":[{"embeddable":true,"href":"https:\/\/backup.overgenius.com\/en\/wp-json\/wp\/v2\/comments?post=36742"}],"wp:featuredmedia":[{"embeddable":true,"href":"https:\/\/backup.overgenius.com\/en\/wp-json\/wp\/v2\/media\/36743"}],"wp:attachment":[{"href":"https:\/\/backup.overgenius.com\/en\/wp-json\/wp\/v2\/media?parent=36742"}],"wp:term":[{"taxonomy":"product_brand","embeddable":true,"href":"https:\/\/backup.overgenius.com\/en\/wp-json\/wp\/v2\/product_brand?post=36742"},{"taxonomy":"product_cat","embeddable":true,"href":"https:\/\/backup.overgenius.com\/en\/wp-json\/wp\/v2\/product_cat?post=36742"},{"taxonomy":"product_tag","embeddable":true,"href":"https:\/\/backup.overgenius.com\/en\/wp-json\/wp\/v2\/product_tag?post=36742"}],"curies":[{"name":"wp","href":"https:\/\/api.w.org\/{rel}","templated":true}]}}