{"id":36803,"date":"2025-10-02T04:17:04","date_gmt":"2025-10-02T04:17:04","guid":{"rendered":"https:\/\/backup.overgenius.com\/?post_type=product&#038;p=36803"},"modified":"2025-10-02T04:17:05","modified_gmt":"2025-10-02T04:17:05","slug":"slim-toaster-fits-anywhere","status":"publish","type":"product","link":"https:\/\/backup.overgenius.com\/en\/product\/slim-toaster-fits-anywhere\/","title":{"rendered":"Slim Toaster Fits-anywhere"},"content":{"rendered":"<p><span class=\"a-list-item\">Dise\u00f1o delgado, Big Impact: Con un elegante perfil de 3,58&#8243;, el bella 2-Slice Slim Toaster se adapta c\u00f3modamente a cualquier encimera sin ocupar mucho espacio. Parte de nuestra colecci\u00f3n de utensilios de cocina en cualquier lugar, es la mezcla perfecta de estilo y practicidad<\/span><\/p>","protected":false},"excerpt":{"rendered":"<p>Dise\u00f1o delgado, Big Impact: Con un elegante perfil de 3,58&#8243;, el bella 2-Slice Slim Toaster se adapta c\u00f3modamente a cualquier encimera sin ocupar mucho espacio. Parte de nuestra colecci\u00f3n de [&hellip;]<\/p>","protected":false},"featured_media":36804,"comment_status":"open","ping_status":"closed","template":"","meta":{"_acf_changed":false,"give_campaign_id":0,"inline_featured_image":false,"_monsterinsights_skip_tracking":false,"_monsterinsights_sitenote_active":false,"_monsterinsights_sitenote_note":"","_monsterinsights_sitenote_category":0},"product_brand":[],"product_cat":[193,200,596,192],"product_tag":[],"class_list":{"0":"post-36803","1":"product","2":"type-product","3":"status-publish","4":"has-post-thumbnail","6":"product_cat-cocina","7":"product_cat-exclusivos","8":"product_cat-hogar","9":"product_cat-tecnologia","11":"first","12":"instock","13":"shipping-taxable","14":"product-type-external"},"acf":[],"yoast_head":"<!-- This site is optimized with the Yoast SEO Premium plugin v24.2 (Yoast SEO v25.8) - https:\/\/yoast.com\/wordpress\/plugins\/seo\/ -->\n<title>Slim Toaster Fits-anywhere - OVERGENIUS<\/title>\n<meta name=\"description\" content=\"Dise\u00f1o delgado que se adapta c\u00f3modamente a cualquier encimera sin ocupar mucho espacio para panes artesanos grueso bagels, baguettes y tostadas\" \/>\n<meta name=\"robots\" content=\"index, follow, max-snippet:-1, max-image-preview:large, max-video-preview:-1\" \/>\n<link rel=\"canonical\" href=\"https:\/\/backup.overgenius.com\/en\/product\/slim-toaster-fits-anywhere\/\" \/>\n<meta property=\"og:locale\" content=\"en_US\" \/>\n<meta property=\"og:type\" content=\"article\" \/>\n<meta property=\"og:title\" content=\"Slim Toaster Fits-anywhere\" \/>\n<meta property=\"og:description\" content=\"Dise\u00f1o delgado que se adapta c\u00f3modamente a cualquier encimera sin ocupar mucho espacio para panes artesanos grueso bagels, baguettes y tostadas\" \/>\n<meta property=\"og:url\" content=\"https:\/\/backup.overgenius.com\/en\/product\/slim-toaster-fits-anywhere\/\" \/>\n<meta property=\"og:site_name\" content=\"OVERGENIUS\" \/>\n<meta property=\"article:publisher\" content=\"https:\/\/www.facebook.com\/overgeniusteam\/\" \/>\n<meta property=\"article:modified_time\" content=\"2025-10-02T04:17:05+00:00\" \/>\n<meta property=\"og:image\" content=\"https:\/\/backup.overgenius.com\/wp-content\/uploads\/2025\/10\/71zZ0tSkfHL._AC_SL1500_.jpg\" \/>\n\t<meta property=\"og:image:width\" content=\"1500\" \/>\n\t<meta property=\"og:image:height\" content=\"1210\" \/>\n\t<meta property=\"og:image:type\" content=\"image\/jpeg\" \/>\n<meta name=\"twitter:card\" content=\"summary_large_image\" \/>\n<meta name=\"twitter:label1\" content=\"Est. reading time\" \/>\n\t<meta name=\"twitter:data1\" content=\"1 minute\" \/>\n<script type=\"application\/ld+json\" class=\"yoast-schema-graph\">{\"@context\":\"https:\/\/schema.org\",\"@graph\":[{\"@type\":\"WebPage\",\"@id\":\"https:\/\/backup.overgenius.com\/product\/slim-toaster-fits-anywhere\/\",\"url\":\"https:\/\/backup.overgenius.com\/product\/slim-toaster-fits-anywhere\/\",\"name\":\"Slim Toaster Fits-anywhere - OVERGENIUS\",\"isPartOf\":{\"@id\":\"https:\/\/backup.overgenius.com\/#website\"},\"primaryImageOfPage\":{\"@id\":\"https:\/\/backup.overgenius.com\/product\/slim-toaster-fits-anywhere\/#primaryimage\"},\"image\":{\"@id\":\"https:\/\/backup.overgenius.com\/product\/slim-toaster-fits-anywhere\/#primaryimage\"},\"thumbnailUrl\":\"https:\/\/backup.overgenius.com\/wp-content\/uploads\/2025\/10\/71zZ0tSkfHL._AC_SL1500_.jpg\",\"datePublished\":\"2025-10-02T04:17:04+00:00\",\"dateModified\":\"2025-10-02T04:17:05+00:00\",\"description\":\"Dise\u00f1o delgado que se adapta c\u00f3modamente a cualquier encimera sin ocupar mucho espacio para panes artesanos grueso bagels, baguettes y tostadas\",\"breadcrumb\":{\"@id\":\"https:\/\/backup.overgenius.com\/product\/slim-toaster-fits-anywhere\/#breadcrumb\"},\"inLanguage\":\"en-US\",\"potentialAction\":[{\"@type\":\"ReadAction\",\"target\":[\"https:\/\/backup.overgenius.com\/product\/slim-toaster-fits-anywhere\/\"]}]},{\"@type\":\"ImageObject\",\"inLanguage\":\"en-US\",\"@id\":\"https:\/\/backup.overgenius.com\/product\/slim-toaster-fits-anywhere\/#primaryimage\",\"url\":\"https:\/\/backup.overgenius.com\/wp-content\/uploads\/2025\/10\/71zZ0tSkfHL._AC_SL1500_.jpg\",\"contentUrl\":\"https:\/\/backup.overgenius.com\/wp-content\/uploads\/2025\/10\/71zZ0tSkfHL._AC_SL1500_.jpg\",\"width\":1500,\"height\":1210},{\"@type\":\"BreadcrumbList\",\"@id\":\"https:\/\/backup.overgenius.com\/product\/slim-toaster-fits-anywhere\/#breadcrumb\",\"itemListElement\":[{\"@type\":\"ListItem\",\"position\":1,\"name\":\"Portada\",\"item\":\"https:\/\/backup.overgenius.com\/\"},{\"@type\":\"ListItem\",\"position\":2,\"name\":\"Tienda ya no\",\"item\":\"https:\/\/backup.overgenius.com\/tienda-ya-no\/\"},{\"@type\":\"ListItem\",\"position\":3,\"name\":\"Slim Toaster Fits-anywhere\"}]},{\"@type\":\"WebSite\",\"@id\":\"https:\/\/backup.overgenius.com\/#website\",\"url\":\"https:\/\/backup.overgenius.com\/\",\"name\":\"OVERGENIUS\",\"description\":\"Plataforma de aprendizaje y negocios con proyecci\u00f3n internacional\",\"publisher\":{\"@id\":\"https:\/\/backup.overgenius.com\/#organization\"},\"potentialAction\":[{\"@type\":\"SearchAction\",\"target\":{\"@type\":\"EntryPoint\",\"urlTemplate\":\"https:\/\/backup.overgenius.com\/?s={search_term_string}\"},\"query-input\":{\"@type\":\"PropertyValueSpecification\",\"valueRequired\":true,\"valueName\":\"search_term_string\"}}],\"inLanguage\":\"en-US\"},{\"@type\":\"Organization\",\"@id\":\"https:\/\/backup.overgenius.com\/#organization\",\"name\":\"OVERGENIUS\",\"url\":\"https:\/\/backup.overgenius.com\/\",\"logo\":{\"@type\":\"ImageObject\",\"inLanguage\":\"en-US\",\"@id\":\"https:\/\/backup.overgenius.com\/#\/schema\/logo\/image\/\",\"url\":\"https:\/\/backup.overgenius.com\/wp-content\/uploads\/2023\/07\/logotipo_overgenius-1.png\",\"contentUrl\":\"https:\/\/backup.overgenius.com\/wp-content\/uploads\/2023\/07\/logotipo_overgenius-1.png\",\"width\":1172,\"height\":299,\"caption\":\"OVERGENIUS\"},\"image\":{\"@id\":\"https:\/\/backup.overgenius.com\/#\/schema\/logo\/image\/\"},\"sameAs\":[\"https:\/\/www.facebook.com\/overgeniusteam\/\",\"https:\/\/www.youtube.com\/channel\/UC_ihjn8HZh31fI7HxHG4MAg\",\"https:\/\/www.instagram.com\/beovergenius\/\"]}]}<\/script>\n<!-- \/ Yoast SEO Premium plugin. -->","yoast_head_json":{"title":"Slim Toaster Fits-anywhere - OVERGENIUS","description":"Dise\u00f1o delgado que se adapta c\u00f3modamente a cualquier encimera sin ocupar mucho espacio para panes artesanos grueso bagels, baguettes y tostadas","robots":{"index":"index","follow":"follow","max-snippet":"max-snippet:-1","max-image-preview":"max-image-preview:large","max-video-preview":"max-video-preview:-1"},"canonical":"https:\/\/backup.overgenius.com\/en\/product\/slim-toaster-fits-anywhere\/","og_locale":"en_US","og_type":"article","og_title":"Slim Toaster Fits-anywhere","og_description":"Dise\u00f1o delgado que se adapta c\u00f3modamente a cualquier encimera sin ocupar mucho espacio para panes artesanos grueso bagels, baguettes y tostadas","og_url":"https:\/\/backup.overgenius.com\/en\/product\/slim-toaster-fits-anywhere\/","og_site_name":"OVERGENIUS","article_publisher":"https:\/\/www.facebook.com\/overgeniusteam\/","article_modified_time":"2025-10-02T04:17:05+00:00","og_image":[{"width":1500,"height":1210,"url":"https:\/\/backup.overgenius.com\/wp-content\/uploads\/2025\/10\/71zZ0tSkfHL._AC_SL1500_.jpg","type":"image\/jpeg"}],"twitter_card":"summary_large_image","twitter_misc":{"Est. reading time":"1 minute"},"schema":{"@context":"https:\/\/schema.org","@graph":[{"@type":"WebPage","@id":"https:\/\/backup.overgenius.com\/product\/slim-toaster-fits-anywhere\/","url":"https:\/\/backup.overgenius.com\/product\/slim-toaster-fits-anywhere\/","name":"Slim Toaster Fits-anywhere - OVERGENIUS","isPartOf":{"@id":"https:\/\/backup.overgenius.com\/#website"},"primaryImageOfPage":{"@id":"https:\/\/backup.overgenius.com\/product\/slim-toaster-fits-anywhere\/#primaryimage"},"image":{"@id":"https:\/\/backup.overgenius.com\/product\/slim-toaster-fits-anywhere\/#primaryimage"},"thumbnailUrl":"https:\/\/backup.overgenius.com\/wp-content\/uploads\/2025\/10\/71zZ0tSkfHL._AC_SL1500_.jpg","datePublished":"2025-10-02T04:17:04+00:00","dateModified":"2025-10-02T04:17:05+00:00","description":"Dise\u00f1o delgado que se adapta c\u00f3modamente a cualquier encimera sin ocupar mucho espacio para panes artesanos grueso bagels, baguettes y tostadas","breadcrumb":{"@id":"https:\/\/backup.overgenius.com\/product\/slim-toaster-fits-anywhere\/#breadcrumb"},"inLanguage":"en-US","potentialAction":[{"@type":"ReadAction","target":["https:\/\/backup.overgenius.com\/product\/slim-toaster-fits-anywhere\/"]}]},{"@type":"ImageObject","inLanguage":"en-US","@id":"https:\/\/backup.overgenius.com\/product\/slim-toaster-fits-anywhere\/#primaryimage","url":"https:\/\/backup.overgenius.com\/wp-content\/uploads\/2025\/10\/71zZ0tSkfHL._AC_SL1500_.jpg","contentUrl":"https:\/\/backup.overgenius.com\/wp-content\/uploads\/2025\/10\/71zZ0tSkfHL._AC_SL1500_.jpg","width":1500,"height":1210},{"@type":"BreadcrumbList","@id":"https:\/\/backup.overgenius.com\/product\/slim-toaster-fits-anywhere\/#breadcrumb","itemListElement":[{"@type":"ListItem","position":1,"name":"Portada","item":"https:\/\/backup.overgenius.com\/"},{"@type":"ListItem","position":2,"name":"Tienda ya no","item":"https:\/\/backup.overgenius.com\/tienda-ya-no\/"},{"@type":"ListItem","position":3,"name":"Slim Toaster Fits-anywhere"}]},{"@type":"WebSite","@id":"https:\/\/backup.overgenius.com\/#website","url":"https:\/\/backup.overgenius.com\/","name":"OVERGENIUS","description":"Plataforma de aprendizaje y negocios con proyecci\u00f3n internacional","publisher":{"@id":"https:\/\/backup.overgenius.com\/#organization"},"potentialAction":[{"@type":"SearchAction","target":{"@type":"EntryPoint","urlTemplate":"https:\/\/backup.overgenius.com\/?s={search_term_string}"},"query-input":{"@type":"PropertyValueSpecification","valueRequired":true,"valueName":"search_term_string"}}],"inLanguage":"en-US"},{"@type":"Organization","@id":"https:\/\/backup.overgenius.com\/#organization","name":"OVERGENIUS","url":"https:\/\/backup.overgenius.com\/","logo":{"@type":"ImageObject","inLanguage":"en-US","@id":"https:\/\/backup.overgenius.com\/#\/schema\/logo\/image\/","url":"https:\/\/backup.overgenius.com\/wp-content\/uploads\/2023\/07\/logotipo_overgenius-1.png","contentUrl":"https:\/\/backup.overgenius.com\/wp-content\/uploads\/2023\/07\/logotipo_overgenius-1.png","width":1172,"height":299,"caption":"OVERGENIUS"},"image":{"@id":"https:\/\/backup.overgenius.com\/#\/schema\/logo\/image\/"},"sameAs":["https:\/\/www.facebook.com\/overgeniusteam\/","https:\/\/www.youtube.com\/channel\/UC_ihjn8HZh31fI7HxHG4MAg","https:\/\/www.instagram.com\/beovergenius\/"]}]}},"_links":{"self":[{"href":"https:\/\/backup.overgenius.com\/en\/wp-json\/wp\/v2\/product\/36803","targetHints":{"allow":["GET"]}}],"collection":[{"href":"https:\/\/backup.overgenius.com\/en\/wp-json\/wp\/v2\/product"}],"about":[{"href":"https:\/\/backup.overgenius.com\/en\/wp-json\/wp\/v2\/types\/product"}],"replies":[{"embeddable":true,"href":"https:\/\/backup.overgenius.com\/en\/wp-json\/wp\/v2\/comments?post=36803"}],"wp:featuredmedia":[{"embeddable":true,"href":"https:\/\/backup.overgenius.com\/en\/wp-json\/wp\/v2\/media\/36804"}],"wp:attachment":[{"href":"https:\/\/backup.overgenius.com\/en\/wp-json\/wp\/v2\/media?parent=36803"}],"wp:term":[{"taxonomy":"product_brand","embeddable":true,"href":"https:\/\/backup.overgenius.com\/en\/wp-json\/wp\/v2\/product_brand?post=36803"},{"taxonomy":"product_cat","embeddable":true,"href":"https:\/\/backup.overgenius.com\/en\/wp-json\/wp\/v2\/product_cat?post=36803"},{"taxonomy":"product_tag","embeddable":true,"href":"https:\/\/backup.overgenius.com\/en\/wp-json\/wp\/v2\/product_tag?post=36803"}],"curies":[{"name":"wp","href":"https:\/\/api.w.org\/{rel}","templated":true}]}}